{"id":3951,"date":"2023-10-02T21:12:24","date_gmt":"2023-10-02T19:12:24","guid":{"rendered":"https:\/\/amaflutes.de\/shop\/unkategorisiert\/einzel-floete-tonart-fis\/"},"modified":"2025-09-25T15:59:27","modified_gmt":"2025-09-25T13:59:27","slug":"einzelflote-fis","status":"publish","type":"product","link":"https:\/\/amaflutes.com\/de\/shop\/floeten\/einzelflote-fis\/","title":{"rendered":"Einzel Fl\u00f6te &#8211; Tonart Fis"},"content":{"rendered":"<p><iframe title=\"YouTube video player\" data-src=\"https:\/\/www.youtube-nocookie.com\/embed\/q1lFj9pLDtc?rel=0\" width=\"560\" height=\"315\" frameborder=\"0\" allowfullscreen=\"allowfullscreen\" src=\"data:image\/svg+xml;base64,PHN2ZyB3aWR0aD0iMSIgaGVpZ2h0PSIxIiB4bWxucz0iaHR0cDovL3d3dy53My5vcmcvMjAwMC9zdmciPjwvc3ZnPg==\" data-load-mode=\"1\"><span style=\"display: inline-block; width: 0px; overflow: hidden; line-height: 0;\" data-mce-type=\"bookmark\" class=\"mce_SELRES_start lazyload\"><\/span><span style=\"display: inline-block; width: 0px; overflow: hidden; line-height: 0;\" data-mce-type=\"bookmark\" class=\"mce_SELRES_start lazyload\"><\/span><\/iframe><\/p>\n<p><strong>AMA Einzelfl\u00f6te in der Tonart Fis<\/strong><\/p>\n<p><span style=\"font-family: Oswald, sans-serif;\"><span style=\"font-size: medium;\">Tauchen Sie ein in die harmonische Verbindung von Kunst und Spiritualit\u00e4t mit unserer <strong>Einzelfl\u00f6te mittlerer Gr\u00f6\u00dfe in der Tonart Fis<\/strong>. Inspiriert von der Fl\u00f6tengestaltung der indigenen V\u00f6lker Nordamerikas, l\u00e4dt dieses Instrument nicht nur zum Spielen ein, sondern auch dazu, eine tiefe Verbindung mit jeder Note einzugehen. Jede Fl\u00f6te wird sorgf\u00e4ltig aus ausgesuchtem Ahornholz gefertigt und symbolisiert unsere Hingabe an traditionelle Musik und zeitgen\u00f6ssisches Design.<\/span><\/span><\/p>\n<p>&nbsp;<\/p>\n<p><strong><span style=\"font-family: Oswald, sans-serif;\"><span style=\"font-size: medium;\">Wichtige Merkmale:<\/span><\/span><\/strong><\/p>\n<ul>\n<li><strong><span style=\"font-family: Oswald, sans-serif;\"><span style=\"font-size: medium;\">Tonalbereich:<\/span><\/span><\/strong><span style=\"font-family: Oswald, sans-serif;\"><span style=\"font-size: medium;\"> Mittel (Tonart Fis) f\u00fcr einen vollen, satten Klang<\/span><\/span><\/li>\n<li><strong><span style=\"font-family: Oswald, sans-serif;\"><span style=\"font-size: medium;\">Griffl\u00f6cher:<\/span><\/span><\/strong><span style=\"font-family: Oswald, sans-serif;\"><span style=\"font-size: medium;\"> Ungef\u00e4hr 8 mm breit, so platziert, dass sie bequem mit mittelgro\u00dfen H\u00e4nden spielbar ist<\/span><\/span><\/li>\n<li><strong><span style=\"font-family: Oswald, sans-serif;\"><span style=\"font-size: medium;\">Design:<\/span><\/span><\/strong><span style=\"font-family: Oswald, sans-serif;\"><span style=\"font-size: medium;\"> Veredelt mit einer sch\u00f6nen Gravur, die Funktionalit\u00e4t mit dekorativer Sch\u00f6nheit verbindet<\/span><\/span><\/li>\n<li><strong><span style=\"font-family: Oswald, sans-serif;\"><span style=\"font-size: medium;\">Material:<\/span><\/span><\/strong><span style=\"font-family: Oswald, sans-serif;\"><span style=\"font-size: medium;\"> Hergestellt aus Ahornholz aufgrund seiner herausragenden Klangeigenschaften.<\/span><\/span><\/li>\n<li><strong><span style=\"font-family: Oswald, sans-serif;\"><span style=\"font-size: medium;\">Oberfl\u00e4che:<\/span><\/span><\/strong><span style=\"font-family: Oswald, sans-serif;\"><span style=\"font-size: medium;\"> Gebeizt mit unserer exklusiven Walnussbeize und versiegelt mit lebensmittelechten \u00d6len f\u00fcr eine erh\u00f6hte Langlebigkeit.<\/span><\/span><\/li>\n<li><strong><span style=\"font-family: Oswald, sans-serif;\"><span style=\"font-size: medium;\">L\u00e4nge:<\/span><\/span><\/strong><span style=\"font-family: Oswald, sans-serif;\"><span style=\"font-size: medium;\"> Mit einer L\u00e4nge von 52 cm ist sie ideal zum mitnehmen geeignet<\/span><\/span><\/li>\n<li><strong><span style=\"font-family: Oswald, sans-serif;\"><span style=\"font-size: medium;\">Zubeh\u00f6r: <\/span><\/span><\/strong><span style=\"font-family: Oswald, sans-serif;\"><span style=\"font-size: medium;\">Inklusive einer Stofftasche und einem Beh\u00e4lter mit unserem speziellen Fl\u00f6tenpflege\u00f6l<\/span><\/span><\/li>\n<li><strong><span style=\"font-family: Oswald, sans-serif;\"><span style=\"font-size: medium;\">Stimmungen:<\/span><\/span><\/strong><span style=\"font-family: Oswald, sans-serif;\"><span style=\"font-size: medium;\"> Erh\u00e4ltlich in der Standardstimmung von 440 Hz, alternativ in 432 Hz und auf Anfrage auch in 528 Hz.<\/span><\/span><\/li>\n<\/ul>\n<hr>\n<p><span style=\"font-size: large;\"><strong><span style=\"font-family: Oswald, sans-serif;\"><span style=\"font-size: medium;\">Bitte beachten Sie: <\/span><\/span><\/strong><strong><span style=\"font-family: Oswald, sans-serif;\"><span style=\"font-size: medium;\">Die verwendeten Bilder sind Beispiele. Da Holz ein nat\u00fcrliches Material ist, weist jede Fl\u00f6te einzigartige Variationen in Form, Farbe und Maserung auf, wodurch Ihre Fl\u00f6te zu einem Unikat wird.<\/span><\/span><\/strong><\/span><\/p>\n<hr>\n<p><span style=\"font-family: Oswald, sans-serif;\"><span style=\"font-size: medium;\">Bereichern Sie Ihre Instrumentensammlung mit dieser AMA-Fl\u00f6te, die nicht nur durch ihren Klang, sondern auch durch die hochwertige Handwerkskunst, die unsere Arbeit auszeichnet, beeindruckt.<\/span><\/span><\/p>\n<hr>\n<p><span style=\"font-family: Oswald, sans-serif;\"><span style=\"font-size: medium;\">Jede unserer Fl\u00f6ten ist ein <b>Meisterwerk der Handwerkskunst<\/b>, das in sorgf\u00e4ltiger Handarbeit gefertigt wird, um den <b>h\u00f6chsten Anspr\u00fcchen<\/b> an Qualit\u00e4t und musikalischer Exzellenz zu gen\u00fcgen. Bitte beachten Sie, dass die Herstellung Ihrer AMA Fl\u00f6te etwa<b> 21 bis 28 Tage in<\/b> Anspruch nimmt. In dieser Zeit k\u00f6nnen wir sicherstellen, dass jeder Aspekt Ihrer Fl\u00f6te perfektioniert wird. Das Ergebnis ist ein Instrument, das Ihren musikalischen Geist widerspiegelt.  <\/span><\/span><\/p>\n<p>Wir danken Ihnen f\u00fcr Ihr Verst\u00e4ndnis und Ihre Geduld w\u00e4hrend dieses Herstellungsprozesses. Das Warten ist Teil der Reise, und wir sind zuversichtlich, dass die sch\u00f6ne Musik, die Sie mit Ihrer Fl\u00f6te schaffen werden, es wert sein wird. Freuen Sie sich auf ein musikalisches Erlebnis, das so einzigartig und besonders ist wie die Fl\u00f6te selbst.  <\/p>\n<p>F\u00fcr Kunden au\u00dferhalb der EU beachten Sie bitte, dass bei der Lieferung Zollgeb\u00fchren anfallen k\u00f6nnen. Diese Geb\u00fchren werden von Ihren \u00f6rtlichen Zollbeh\u00f6rden festgelegt und liegen in der Verantwortung des Empf\u00e4ngers. <\/p>\n<p>&nbsp;<\/p>\n<p>&nbsp;<\/p>\n","protected":false},"excerpt":{"rendered":"<p>AMA Einzelfl\u00f6te in der Tonart Fis Tauchen Sie ein in die harmonische Verbindung von Kunst und Spiritualit\u00e4t mit unserer Einzelfl\u00f6te mittlerer Gr\u00f6\u00dfe in der Tonart Fis. Inspiriert von der Fl\u00f6tengestaltung der indigenen V\u00f6lker Nordamerikas, l\u00e4dt dieses Instrument nicht nur zum Spielen ein, sondern auch dazu, eine tiefe Verbindung mit jeder Note einzugehen. Jede Fl\u00f6te wird [&hellip;]<\/p>\n","protected":false},"featured_media":3033,"template":"","meta":{"site-sidebar-layout":"no-sidebar","site-content-layout":"plain-container","ast-site-content-layout":"normal-width-container","site-content-style":"unboxed","site-sidebar-style":"unboxed","ast-global-header-display":"","ast-banner-title-visibility":"","ast-main-header-display":"","ast-hfb-above-header-display":"","ast-hfb-below-header-display":"","ast-hfb-mobile-header-display":"","site-post-title":"disabled","ast-breadcrumbs-content":"","ast-featured-img":"disabled","footer-sml-layout":"","ast-disable-related-posts":"","theme-transparent-header-meta":"default","adv-header-id-meta":"","stick-header-meta":"default","header-above-stick-meta":"","header-main-stick-meta":"","header-below-stick-meta":"","astra-migrate-meta-layouts":"default","ast-page-background-enabled":"default","ast-page-background-meta":{"desktop":{"background-color":"var(--ast-global-color-4)","background-image":"","background-repeat":"repeat","background-position":"center center","background-size":"auto","background-attachment":"scroll","background-type":"","background-media":"","overlay-type":"","overlay-color":"","overlay-opacity":"","overlay-gradient":""},"tablet":{"background-color":"","background-image":"","background-repeat":"repeat","background-position":"center center","background-size":"auto","background-attachment":"scroll","background-type":"","background-media":"","overlay-type":"","overlay-color":"","overlay-opacity":"","overlay-gradient":""},"mobile":{"background-color":"","background-image":"","background-repeat":"repeat","background-position":"center center","background-size":"auto","background-attachment":"scroll","background-type":"","background-media":"","overlay-type":"","overlay-color":"","overlay-opacity":"","overlay-gradient":""}},"ast-content-background-meta":{"desktop":{"background-color":"var(--ast-global-color-5)","background-image":"","background-repeat":"repeat","background-position":"center center","background-size":"auto","background-attachment":"scroll","background-type":"","background-media":"","overlay-type":"","overlay-color":"","overlay-opacity":"","overlay-gradient":""},"tablet":{"background-color":"var(--ast-global-color-5)","background-image":"","background-repeat":"repeat","background-position":"center center","background-size":"auto","background-attachment":"scroll","background-type":"","background-media":"","overlay-type":"","overlay-color":"","overlay-opacity":"","overlay-gradient":""},"mobile":{"background-color":"var(--ast-global-color-5)","background-image":"","background-repeat":"repeat","background-position":"center center","background-size":"auto","background-attachment":"scroll","background-type":"","background-media":"","overlay-type":"","overlay-color":"","overlay-opacity":"","overlay-gradient":""}}},"product_brand":[],"product_cat":[136],"product_tag":[153,154,155,156],"class_list":{"0":"post-3951","1":"product","2":"type-product","3":"status-publish","4":"has-post-thumbnail","6":"product_cat-floeten","7":"product_tag-native-american-flute-de","8":"product_tag-meditationsflote","9":"product_tag-single-flute-de","10":"product_tag-zen-flute-de","11":"desktop-align-center","12":"tablet-align-left","13":"mobile-align-left","15":"first","16":"instock","17":"taxable","18":"shipping-taxable","19":"purchasable","20":"product-type-variable","21":"has-default-attributes"},"_links":{"self":[{"href":"https:\/\/amaflutes.com\/de\/wp-json\/wp\/v2\/product\/3951","targetHints":{"allow":["GET"]}}],"collection":[{"href":"https:\/\/amaflutes.com\/de\/wp-json\/wp\/v2\/product"}],"about":[{"href":"https:\/\/amaflutes.com\/de\/wp-json\/wp\/v2\/types\/product"}],"version-history":[{"count":6,"href":"https:\/\/amaflutes.com\/de\/wp-json\/wp\/v2\/product\/3951\/revisions"}],"predecessor-version":[{"id":6220,"href":"https:\/\/amaflutes.com\/de\/wp-json\/wp\/v2\/product\/3951\/revisions\/6220"}],"wp:featuredmedia":[{"embeddable":true,"href":"https:\/\/amaflutes.com\/de\/wp-json\/wp\/v2\/media\/3033"}],"wp:attachment":[{"href":"https:\/\/amaflutes.com\/de\/wp-json\/wp\/v2\/media?parent=3951"}],"wp:term":[{"taxonomy":"product_brand","embeddable":true,"href":"https:\/\/amaflutes.com\/de\/wp-json\/wp\/v2\/product_brand?post=3951"},{"taxonomy":"product_cat","embeddable":true,"href":"https:\/\/amaflutes.com\/de\/wp-json\/wp\/v2\/product_cat?post=3951"},{"taxonomy":"product_tag","embeddable":true,"href":"https:\/\/amaflutes.com\/de\/wp-json\/wp\/v2\/product_tag?post=3951"}],"curies":[{"name":"wp","href":"https:\/\/api.w.org\/{rel}","templated":true}]}}