{"id":3957,"date":"2023-08-13T11:53:47","date_gmt":"2023-08-13T09:53:47","guid":{"rendered":"https:\/\/amaflutes.de\/shop\/unkategorisiert\/floetenpflegeoel\/"},"modified":"2024-01-10T13:15:20","modified_gmt":"2024-01-10T12:15:20","slug":"flutecare-oil","status":"publish","type":"product","link":"https:\/\/amaflutes.com\/de\/shop\/floeten\/flutecare-oil\/","title":{"rendered":"Fl\u00f6tenpflege\u00f6l"},"content":{"rendered":"<p><iframe title=\"YouTube video player\" data-src=\"https:\/\/www.youtube-nocookie.com\/embed\/kHOI4M53wE8\" width=\"560\" height=\"315\" frameborder=\"0\" allowfullscreen=\"allowfullscreen\" src=\"data:image\/svg+xml;base64,PHN2ZyB3aWR0aD0iMSIgaGVpZ2h0PSIxIiB4bWxucz0iaHR0cDovL3d3dy53My5vcmcvMjAwMC9zdmciPjwvc3ZnPg==\" data-load-mode=\"1\"><span style=\"display: inline-block; width: 0px; overflow: hidden; line-height: 0;\" data-mce-type=\"bookmark\" class=\"mce_SELRES_start lazyload\"><\/span><\/iframe><\/p>\n<p>Erhalten Sie die <strong>Langlebigkeit<\/strong> und <strong>Qualit\u00e4t<\/strong> Ihrer AMA-Fl\u00f6te mit unserem speziellen Fl\u00f6tenpflege\u00f6l in <strong>Lebensmittelqualit\u00e4t<\/strong>.<\/p>\n<p>Die Pflege Ihrer Fl\u00f6te ist entscheidend f\u00fcr einen optimalen Klang und das beste Spielerlebnis, wobei bereits eine kleine Menge dieses \u00d6ls einen gro\u00dfen Einfluss hat. Der wiederverschlie\u00dfbare Beh\u00e4lter ist darauf ausgelegt, dass eine sparsame Anwendung bei ordnungsgem\u00e4\u00dfem Gebrauch ein Leben lang ausreicht.<\/p>\n<p>Eine Schritt-f\u00fcr-Schritt-Anleitung zur Anwendung finden Sie unter dem Link und dem Video zur Fl\u00f6tenpflege, die Ihrer Fl\u00f6te beiliegen.<\/p>\n<p>Inhalt: 5 ml.<\/p>\n<p>&nbsp;<\/p>\n<p>&nbsp;<\/p>\n","protected":false},"excerpt":{"rendered":"<p>Erhalten Sie die Langlebigkeit und Qualit\u00e4t Ihrer AMA-Fl\u00f6te mit unserem speziellen Fl\u00f6tenpflege\u00f6l in Lebensmittelqualit\u00e4t. Die Pflege Ihrer Fl\u00f6te ist entscheidend f\u00fcr einen optimalen Klang und das beste Spielerlebnis, wobei bereits eine kleine Menge dieses \u00d6ls einen gro\u00dfen Einfluss hat. Der wiederverschlie\u00dfbare Beh\u00e4lter ist darauf ausgelegt, dass eine sparsame Anwendung bei ordnungsgem\u00e4\u00dfem Gebrauch ein Leben lang [&hellip;]<\/p>\n","protected":false},"featured_media":2760,"template":"","meta":{"site-sidebar-layout":"no-sidebar","site-content-layout":"plain-container","ast-site-content-layout":"normal-width-container","site-content-style":"unboxed","site-sidebar-style":"unboxed","ast-global-header-display":"","ast-banner-title-visibility":"","ast-main-header-display":"","ast-hfb-above-header-display":"","ast-hfb-below-header-display":"","ast-hfb-mobile-header-display":"","site-post-title":"disabled","ast-breadcrumbs-content":"","ast-featured-img":"disabled","footer-sml-layout":"","ast-disable-related-posts":"","theme-transparent-header-meta":"default","adv-header-id-meta":"","stick-header-meta":"default","header-above-stick-meta":"","header-main-stick-meta":"","header-below-stick-meta":"","astra-migrate-meta-layouts":"default","ast-page-background-enabled":"default","ast-page-background-meta":{"desktop":{"background-color":"var(--ast-global-color-4)","background-image":"","background-repeat":"repeat","background-position":"center center","background-size":"auto","background-attachment":"scroll","background-type":"","background-media":"","overlay-type":"","overlay-color":"","overlay-opacity":"","overlay-gradient":""},"tablet":{"background-color":"","background-image":"","background-repeat":"repeat","background-position":"center center","background-size":"auto","background-attachment":"scroll","background-type":"","background-media":"","overlay-type":"","overlay-color":"","overlay-opacity":"","overlay-gradient":""},"mobile":{"background-color":"","background-image":"","background-repeat":"repeat","background-position":"center center","background-size":"auto","background-attachment":"scroll","background-type":"","background-media":"","overlay-type":"","overlay-color":"","overlay-opacity":"","overlay-gradient":""}},"ast-content-background-meta":{"desktop":{"background-color":"var(--ast-global-color-5)","background-image":"","background-repeat":"repeat","background-position":"center center","background-size":"auto","background-attachment":"scroll","background-type":"","background-media":"","overlay-type":"","overlay-color":"","overlay-opacity":"","overlay-gradient":""},"tablet":{"background-color":"var(--ast-global-color-5)","background-image":"","background-repeat":"repeat","background-position":"center center","background-size":"auto","background-attachment":"scroll","background-type":"","background-media":"","overlay-type":"","overlay-color":"","overlay-opacity":"","overlay-gradient":""},"mobile":{"background-color":"var(--ast-global-color-5)","background-image":"","background-repeat":"repeat","background-position":"center center","background-size":"auto","background-attachment":"scroll","background-type":"","background-media":"","overlay-type":"","overlay-color":"","overlay-opacity":"","overlay-gradient":""}}},"product_brand":[],"product_cat":[136],"product_tag":[],"class_list":{"0":"post-3957","1":"product","2":"type-product","3":"status-publish","4":"has-post-thumbnail","6":"product_cat-floeten","7":"desktop-align-center","8":"tablet-align-left","9":"mobile-align-left","11":"first","12":"instock","13":"taxable","14":"shipping-taxable","15":"purchasable","16":"product-type-simple"},"_links":{"self":[{"href":"https:\/\/amaflutes.com\/de\/wp-json\/wp\/v2\/product\/3957","targetHints":{"allow":["GET"]}}],"collection":[{"href":"https:\/\/amaflutes.com\/de\/wp-json\/wp\/v2\/product"}],"about":[{"href":"https:\/\/amaflutes.com\/de\/wp-json\/wp\/v2\/types\/product"}],"version-history":[{"count":1,"href":"https:\/\/amaflutes.com\/de\/wp-json\/wp\/v2\/product\/3957\/revisions"}],"predecessor-version":[{"id":4431,"href":"https:\/\/amaflutes.com\/de\/wp-json\/wp\/v2\/product\/3957\/revisions\/4431"}],"wp:featuredmedia":[{"embeddable":true,"href":"https:\/\/amaflutes.com\/de\/wp-json\/wp\/v2\/media\/2760"}],"wp:attachment":[{"href":"https:\/\/amaflutes.com\/de\/wp-json\/wp\/v2\/media?parent=3957"}],"wp:term":[{"taxonomy":"product_brand","embeddable":true,"href":"https:\/\/amaflutes.com\/de\/wp-json\/wp\/v2\/product_brand?post=3957"},{"taxonomy":"product_cat","embeddable":true,"href":"https:\/\/amaflutes.com\/de\/wp-json\/wp\/v2\/product_cat?post=3957"},{"taxonomy":"product_tag","embeddable":true,"href":"https:\/\/amaflutes.com\/de\/wp-json\/wp\/v2\/product_tag?post=3957"}],"curies":[{"name":"wp","href":"https:\/\/api.w.org\/{rel}","templated":true}]}}