{"id":3965,"date":"2023-08-13T11:45:46","date_gmt":"2023-08-13T09:45:46","guid":{"rendered":"https:\/\/amaflutes.de\/shop\/unkategorisiert\/bordunfloete-tonart-a\/"},"modified":"2025-09-25T16:07:46","modified_gmt":"2025-09-25T14:07:46","slug":"doppelflote-pentatonisch-a","status":"publish","type":"product","link":"https:\/\/amaflutes.com\/de\/shop\/floeten\/doppelflote-pentatonisch-a\/","title":{"rendered":"Doppelfl\u00f6te &#8211; Tonart A"},"content":{"rendered":"<p><iframe title=\"YouTube video player\" data-src=\"https:\/\/www.youtube-nocookie.com\/embed\/_W_JfAoMbBI?rel=0\" width=\"560\" height=\"315\" frameborder=\"0\" allowfullscreen=\"allowfullscreen\" src=\"data:image\/svg+xml;base64,PHN2ZyB3aWR0aD0iMSIgaGVpZ2h0PSIxIiB4bWxucz0iaHR0cDovL3d3dy53My5vcmcvMjAwMC9zdmciPjwvc3ZnPg==\" data-load-mode=\"1\"><span data-mce-type=\"bookmark\" style=\"display: inline-block; width: 0px; overflow: hidden; line-height: 0;\" class=\"mce_SELRES_start lazyload\"><\/span><br \/>\n<\/iframe><\/p>\n<h3 data-start=\"103\" data-end=\"235\"><strong data-start=\"107\" data-end=\"235\">Erlebe die harmonische Balance mit unserer Native-American-Style-Drone-Fl\u00f6te in der Tonart A \u2013 mit unserer neuen Mond-und-Sonne-Gravur.<\/strong><\/h3>\n<p data-start=\"237\" data-end=\"512\">Treten Sie ein in eine Welt bezaubernder Klanglandschaften mit unserer begehrten <strong data-start=\"310\" data-end=\"347\">Drone Flute im Stil der amerikanischen Ureinwohner<\/strong> in der <strong data-start=\"355\" data-end=\"367\">Tonart A<\/strong>. Mit Absicht und Sorgfalt gefertigt, ist diese Fl\u00f6te mehr als nur ein Instrument &#8211; sie ist ein Begleiter f\u00fcr Meditation, Ritual und musikalische Erkundung. <\/p>\n<p data-start=\"514\" data-end=\"708\">Dieses Design, das jetzt mit unserer <strong data-start=\"535\" data-end=\"559\">Mond- und Sonnengravur<\/strong> verziert ist, spiegelt das Gleichgewicht zwischen Licht und Schatten, Pr\u00e4senz und Stille wider &#8211; eine Erinnerung daran, dass jede Note sowohl Kraft als auch Frieden in sich tr\u00e4gt.<\/p>\n<h3 data-start=\"710\" data-end=\"731\"><strong data-start=\"714\" data-end=\"731\">Wichtige Merkmale:<\/strong><\/h3>\n<ul data-start=\"733\" data-end=\"2632\">\n<li data-start=\"733\" data-end=\"923\">\n<p data-start=\"735\" data-end=\"923\"><strong data-start=\"735\" data-end=\"751\">Tonal Range: <\/strong>Die <strong data-start=\"760\" data-end=\"772\">Tonart A<\/strong> bietet eine kristallklare, vogel\u00e4hnliche Stimme &#8211; warm und doch resonant &#8211; und ist damit perfekt geeignet, um beruhigende Melodien zu schaffen oder eine Klangheilungssitzung zu bereichern.<\/p>\n<\/li>\n<li data-start=\"925\" data-end=\"1114\">\n<p data-start=\"927\" data-end=\"1114\"><strong data-start=\"927\" data-end=\"951\">Double Flute Design: <\/strong>The mesmerizing dual-tone effect blends your melody with a grounding drone, creating a spacious, fairy tale-like harmony that feels both ancient and timeless.<\/p>\n<\/li>\n<li data-start=\"1116\" data-end=\"1273\">\n<p data-start=\"1118\" data-end=\"1273\"><strong data-start=\"1118\" data-end=\"1143\">Platzierung der Griffl\u00f6cher: <\/strong>Mit ca. <strong data-start=\"1179\" data-end=\"1193\">6-7 mm breiten<\/strong> Griffl\u00f6chern ist diese Fl\u00f6te sowohl f\u00fcr Anf\u00e4nger als auch f\u00fcr erfahrene Musiker leicht zu spielen.<\/p>\n<\/li>\n<li data-start=\"1275\" data-end=\"1403\">\n<p data-start=\"1277\" data-end=\"1403\"><strong data-start=\"1277\" data-end=\"1290\">Material: <\/strong>Fachm\u00e4nnisch hergestellt aus <strong data-start=\"1317\" data-end=\"1331\">Ahornholz<\/strong>, das f\u00fcr seine nat\u00fcrlichen akustischen Eigenschaften, seine Langlebigkeit und seinen warmen Klang ausgew\u00e4hlt wurde.<\/p>\n<\/li>\n<li data-start=\"1405\" data-end=\"1645\">\n<p data-start=\"1407\" data-end=\"1645\"><strong data-start=\"1407\" data-end=\"1432\">Mond &amp; Sonne Gravur: <\/strong>Unser neues Design spiegelt den Rhythmus des Lebens wider &#8211; den Tanz zwischen der Energie der strahlenden Sonne und der ruhigen Weisheit des Mondes. Es erinnert Sie daran, sich tief mit Ihrer Musik zu verbinden und sowohl Stille als auch Ausdruck zuzulassen. <\/p>\n<\/li>\n<li data-start=\"1647\" data-end=\"1801\">\n<p data-start=\"1649\" data-end=\"1801\"><strong data-start=\"1649\" data-end=\"1660\">Finish: <\/strong>Mit unserer hausgemachten <strong data-start=\"1691\" data-end=\"1715\"> Walnussbeize<\/strong> gebeizt und mit <strong data-start=\"1732\" data-end=\"1751\">lebensmittelechten \u00d6len<\/strong> versiegelt, um die nat\u00fcrliche Sch\u00f6nheit des Holzes zu sch\u00fctzen und zu verst\u00e4rken.<\/p>\n<\/li>\n<li data-start=\"1803\" data-end=\"2028\">\n<p data-start=\"1805\" data-end=\"2028\"><strong data-start=\"1805\" data-end=\"1828\">Gr\u00f6\u00dfe &amp; Tragbarkeit: <\/strong>Mit einer L\u00e4nge von <strong data-start=\"1843\" data-end=\"1851\">46 cm<\/strong> passt diese kompakte Fl\u00f6te in <strong data-start=\"1906\" data-end=\"1922\">jeden Rucksack<\/strong> und ist somit perfekt f\u00fcr Reisen geeignet &#8211; ideal, um Ihre Melodien in die Natur, zu Zeremonien oder zu Yoga-Sitzungen mitzunehmen.<\/p>\n<\/li>\n<li data-start=\"2030\" data-end=\"2217\">\n<p data-start=\"2032\" data-end=\"2217\"><strong data-start=\"2032\" data-end=\"2061\">Einsteigerfreundliches Design: <\/strong>Dank ihres ergonomischen Grifflochabstands ist diese Fl\u00f6te besonders einladend f\u00fcr neue Spieler und bietet gleichzeitig Tiefe f\u00fcr erfahrene Musiker.<\/p>\n<\/li>\n<li data-start=\"2219\" data-end=\"2406\">\n<p data-start=\"2221\" data-end=\"2406\"><strong data-start=\"2221\" data-end=\"2246\">Mitgeliefertes Zubeh\u00f6r: <\/strong>Ihre Fl\u00f6te wird mit einer <strong data-start=\"2275\" data-end=\"2295\">einfachen Stofftasche<\/strong> und einem Beh\u00e4lter mit unserem speziell formulierten <strong data-start=\"2340\" data-end=\"2358\">Fl\u00f6tenpflege\u00f6l<\/strong> geliefert, um Ihr Instrument in hervorragendem Zustand zu halten.<\/p>\n<\/li>\n<li data-start=\"2408\" data-end=\"2632\">\n<p data-start=\"2410\" data-end=\"2431\"><strong data-start=\"2410\" data-end=\"2429\">Stimmungen:<\/strong><\/p>\n<ul data-start=\"2434\" data-end=\"2632\">\n<li data-start=\"2434\" data-end=\"2490\"><strong data-start=\"2436\" data-end=\"2445\">440Hz<\/strong> (Standardstimmung f\u00fcr klare, lebendige T\u00f6ne)<\/li>\n<li data-start=\"2493\" data-end=\"2577\"><strong data-start=\"2495\" data-end=\"2504\">432Hz<\/strong> (eine w\u00e4rmere, erdigere Resonanz, ideal f\u00fcr Meditation und Klangreisen)<\/li>\n<li data-start=\"2580\" data-end=\"2632\"><strong data-start=\"2582\" data-end=\"2591\">528Hz<\/strong> (benutzerdefinierte Abstimmung auf Anfrage erh\u00e4ltlich)<\/li>\n<\/ul>\n<\/li>\n<\/ul>\n<hr>\n<h3 data-start=\"2634\" data-end=\"2666\"><strong data-start=\"2638\" data-end=\"2666\">Bitte beachten Sie:<\/strong><\/h3>\n<p data-start=\"2667\" data-end=\"2807\">Da jede Fl\u00f6te aus nat\u00fcrlichem Holz hergestellt wird, k\u00f6nnen Sie mit einzigartigen Variationen in Farbe, Maserung und Textur rechnen &#8211; so wird Ihre Fl\u00f6te zu einem echten Unikat.<\/p>\n<hr>\n<h3 data-start=\"2809\" data-end=\"2854\"><strong data-start=\"2813\" data-end=\"2854\">Ihr Begleiter f\u00fcr meditative Klangwelten<\/strong><\/h3>\n<p data-start=\"2855\" data-end=\"3156\">Ganz gleich, ob Sie Melodien in Yogastunden, Meditationszeremonien oder spontane Natursessions einflechten, diese Fl\u00f6te ist so konzipiert, dass sie mit Ihrem Geist in Resonanz geht. Die <strong data-start=\"3022\" data-end=\"3046\">Gravur des neuen Mondes und der Sonne<\/strong> erinnert Dich daran, dass Musik ein Tanz ist &#8211; ein Tanz, der Sie dazu einl\u00e4dt, Expansion und innere Einkehr in Einklang zu bringen. <\/p>\n<p data-start=\"3158\" data-end=\"3277\"><strong data-start=\"3158\" data-end=\"3196\">Innerhalb von 3 bis 4 Wochen versandfertig!<\/strong><br data-start=\"3196\" data-end=\"3199\">Bestellen Sie noch heute und lassen Sie sich von der Harmonie von Atem, Klang und Pr\u00e4senz begeistern.<\/p>\n<p data-start=\"3279\" data-end=\"3479\" data-is-last-node=\"\" data-is-only-node=\"\">F\u00fcr Kunden au\u00dferhalb der EU beachten Sie bitte, dass bei der Lieferung Zollgeb\u00fchren anfallen k\u00f6nnen. Diese Geb\u00fchren werden von Ihren \u00f6rtlichen Zollbeh\u00f6rden festgelegt und liegen in der Verantwortung des Empf\u00e4ngers. <\/p>\n","protected":false},"excerpt":{"rendered":"<p>Erlebe die harmonische Balance mit unserer Native-American-Style-Drone-Fl\u00f6te in der Tonart A \u2013 mit unserer neuen Mond-und-Sonne-Gravur. Treten Sie ein in eine Welt bezaubernder Klanglandschaften mit unserer begehrten Drone Flute im Stil der amerikanischen Ureinwohner in der Tonart A. Mit Absicht und Sorgfalt gefertigt, ist diese Fl\u00f6te mehr als nur ein Instrument &#8211; sie ist ein [&hellip;]<\/p>\n","protected":false},"featured_media":6892,"template":"","meta":{"site-sidebar-layout":"no-sidebar","site-content-layout":"plain-container","ast-site-content-layout":"normal-width-container","site-content-style":"unboxed","site-sidebar-style":"unboxed","ast-global-header-display":"","ast-banner-title-visibility":"","ast-main-header-display":"","ast-hfb-above-header-display":"","ast-hfb-below-header-display":"","ast-hfb-mobile-header-display":"","site-post-title":"disabled","ast-breadcrumbs-content":"","ast-featured-img":"disabled","footer-sml-layout":"","ast-disable-related-posts":"","theme-transparent-header-meta":"default","adv-header-id-meta":"","stick-header-meta":"default","header-above-stick-meta":"","header-main-stick-meta":"","header-below-stick-meta":"","astra-migrate-meta-layouts":"set","ast-page-background-enabled":"default","ast-page-background-meta":{"desktop":{"background-color":"var(--ast-global-color-4)","background-image":"","background-repeat":"repeat","background-position":"center center","background-size":"auto","background-attachment":"scroll","background-type":"","background-media":"","overlay-type":"","overlay-color":"","overlay-opacity":"","overlay-gradient":""},"tablet":{"background-color":"","background-image":"","background-repeat":"repeat","background-position":"center center","background-size":"auto","background-attachment":"scroll","background-type":"","background-media":"","overlay-type":"","overlay-color":"","overlay-opacity":"","overlay-gradient":""},"mobile":{"background-color":"","background-image":"","background-repeat":"repeat","background-position":"center center","background-size":"auto","background-attachment":"scroll","background-type":"","background-media":"","overlay-type":"","overlay-color":"","overlay-opacity":"","overlay-gradient":""}},"ast-content-background-meta":{"desktop":{"background-color":"var(--ast-global-color-5)","background-image":"","background-repeat":"repeat","background-position":"center center","background-size":"auto","background-attachment":"scroll","background-type":"","background-media":"","overlay-type":"","overlay-color":"","overlay-opacity":"","overlay-gradient":""},"tablet":{"background-color":"var(--ast-global-color-5)","background-image":"","background-repeat":"repeat","background-position":"center center","background-size":"auto","background-attachment":"scroll","background-type":"","background-media":"","overlay-type":"","overlay-color":"","overlay-opacity":"","overlay-gradient":""},"mobile":{"background-color":"var(--ast-global-color-5)","background-image":"","background-repeat":"repeat","background-position":"center center","background-size":"auto","background-attachment":"scroll","background-type":"","background-media":"","overlay-type":"","overlay-color":"","overlay-opacity":"","overlay-gradient":""}}},"product_brand":[],"product_cat":[136],"product_tag":[161,162,163,164],"class_list":{"0":"post-3965","1":"product","2":"type-product","3":"status-publish","4":"has-post-thumbnail","6":"product_cat-floeten","7":"product_tag-drone-flute-key-of-a-de","8":"product_tag-drone-flute-432hz-de","9":"product_tag-432hz-flute-de","10":"product_tag-meditationsflote-de","11":"desktop-align-center","12":"tablet-align-left","13":"mobile-align-left","15":"first","16":"instock","17":"taxable","18":"shipping-taxable","19":"purchasable","20":"product-type-variable","21":"has-default-attributes"},"_links":{"self":[{"href":"https:\/\/amaflutes.com\/de\/wp-json\/wp\/v2\/product\/3965","targetHints":{"allow":["GET"]}}],"collection":[{"href":"https:\/\/amaflutes.com\/de\/wp-json\/wp\/v2\/product"}],"about":[{"href":"https:\/\/amaflutes.com\/de\/wp-json\/wp\/v2\/types\/product"}],"version-history":[{"count":10,"href":"https:\/\/amaflutes.com\/de\/wp-json\/wp\/v2\/product\/3965\/revisions"}],"predecessor-version":[{"id":6225,"href":"https:\/\/amaflutes.com\/de\/wp-json\/wp\/v2\/product\/3965\/revisions\/6225"}],"wp:featuredmedia":[{"embeddable":true,"href":"https:\/\/amaflutes.com\/de\/wp-json\/wp\/v2\/media\/6892"}],"wp:attachment":[{"href":"https:\/\/amaflutes.com\/de\/wp-json\/wp\/v2\/media?parent=3965"}],"wp:term":[{"taxonomy":"product_brand","embeddable":true,"href":"https:\/\/amaflutes.com\/de\/wp-json\/wp\/v2\/product_brand?post=3965"},{"taxonomy":"product_cat","embeddable":true,"href":"https:\/\/amaflutes.com\/de\/wp-json\/wp\/v2\/product_cat?post=3965"},{"taxonomy":"product_tag","embeddable":true,"href":"https:\/\/amaflutes.com\/de\/wp-json\/wp\/v2\/product_tag?post=3965"}],"curies":[{"name":"wp","href":"https:\/\/api.w.org\/{rel}","templated":true}]}}