{"id":4018,"date":"2022-07-27T06:52:44","date_gmt":"2022-07-27T04:52:44","guid":{"rendered":"https:\/\/amaflutes.de\/shop\/unkategorisiert\/einzel-floete-tonart-d\/"},"modified":"2025-09-25T16:15:54","modified_gmt":"2025-09-25T14:15:54","slug":"einzel-flote-tonart-d","status":"publish","type":"product","link":"https:\/\/amaflutes.com\/de\/shop\/floeten\/einzel-flote-tonart-d\/","title":{"rendered":"Einzel Fl\u00f6te &#8211; Tonart D"},"content":{"rendered":"<p><iframe title=\"YouTube video player\" data-src=\"https:\/\/www.youtube-nocookie.com\/embed\/dBuhSnMhFLk?rel=0\" width=\"560\" height=\"315\" frameborder=\"0\" allowfullscreen=\"allowfullscreen\" src=\"data:image\/svg+xml;base64,PHN2ZyB3aWR0aD0iMSIgaGVpZ2h0PSIxIiB4bWxucz0iaHR0cDovL3d3dy53My5vcmcvMjAwMC9zdmciPjwvc3ZnPg==\" data-load-mode=\"1\"><span style=\"display: inline-block; width: 0px; overflow: hidden; line-height: 0;\" data-mce-type=\"bookmark\" class=\"mce_SELRES_start lazyload\"><\/span><\/iframe><\/p>\n<div class=\"flex-col gap-1 md:gap-3\">\n<div class=\"flex flex-grow flex-col max-w-full gap-3 gizmo:gap-0\">\n<div class=\"min-h-[20px] text-message peer flex flex-col items-start gap-3 whitespace-pre-wrap break-words peer-[.text-message]:mt-5 overflow-x-auto\" data-message-author-role=\"assistant\" data-message-id=\"fa032c65-4ee9-4893-9334-eb7269fcd163\">\n<div class=\"markdown prose w-full break-words dark:prose-invert dark\">\n<p><strong><span style=\"font-family: Oswald, sans-serif;\"><span style=\"font-size: medium;\">Erleben Sie die reichen, tiefen Kl\u00e4nge unserer AMA Single Bassfl\u00f6te in der Tonart D.<\/span><\/span><\/strong><\/p>\n<p><span style=\"font-family: Oswald, sans-serif;\"><span style=\"font-size: medium;\">Tauchen Sie ein in die tiefen, resonanten Kl\u00e4nge dieser Fl\u00f6te, die auf die Tonart D gestimmt ist. Diese Fl\u00f6te zeichnet sich durch ihren tiefen, resonanten Klang aus und verleiht Ihren musikalischen Ausdr\u00fccken eine einzigartige und tiefgr\u00fcndige Charakteristik.<\/span><\/span><\/p>\n<p><strong><span style=\"font-family: Oswald, sans-serif;\"><span style=\"font-size: medium;\">Wichtige Merkmale:<\/span><\/span><\/strong><\/p>\n<ul>\n<li><strong><span style=\"font-family: Oswald, sans-serif;\"><span style=\"font-size: medium;\">Tonalbereich: <\/span><\/span><\/strong><span style=\"font-family: Oswald, sans-serif;\"><span style=\"font-size: medium;\">Die Bassfl\u00f6te ist bekannt f\u00fcr ihre tiefe, tiefe Stimme und bietet eine reiche Klangpalette.<\/span><\/span><\/li>\n<li><strong><span style=\"font-family: Oswald, sans-serif;\"><span style=\"font-size: medium;\">Griffl\u00f6cher:<\/span><\/span><\/strong><span style=\"font-family: Oswald, sans-serif;\"><span style=\"font-size: medium;\"> Die Fingerl\u00f6chern sind mit einem Durchmesser von 9-10 mm gr\u00f6\u00dfer und auch weiter voneinander entfernt als auf unseren Mittel- und Hochtonfl\u00f6ten, ideal f\u00fcr eine volle und bequeme Handplatzierung.<\/span><\/span><\/li>\n<li><strong><span style=\"font-family: Oswald, sans-serif;\"><span style=\"font-size: medium;\">Gr\u00f6\u00dfe:<\/span><\/span><\/strong><span style=\"font-family: Oswald, sans-serif;\"><span style=\"font-size: medium;\"> Die Fl\u00f6te misst 62 cm in der L\u00e4nge und 35 mm in der Breite, und findet somit eine Balance zwischen Gr\u00f6\u00dfe und Spielbarkeit.<\/span><\/span><\/li>\n<li><strong><span style=\"font-family: Oswald, sans-serif;\"><span style=\"font-size: medium;\">Gravur:<\/span><\/span><\/strong><span style=\"font-family: Oswald, sans-serif;\"><span style=\"font-size: medium;\"> Die Verzierung mit einer Gravur, inspiriert von den Phasen des Mondes, verleiht ihr einen Hauch von himmlischer Sch\u00f6nheit.<\/span><\/span><\/li>\n<li><strong><span style=\"font-family: Oswald, sans-serif;\"><span style=\"font-size: medium;\">Material und Oberfl\u00e4che:<\/span><\/span><\/strong><span style=\"font-family: Oswald, sans-serif;\"><span style=\"font-size: medium;\"> Sorgf\u00e4ltig gefertigt aus Ahornholz und gef\u00e4rbt mit unserer hausgemachten Walnussbeize, dann versiegelt mit lebensmittelechtem \u00d6l, um die nat\u00fcrliche Eleganz des Holzes zu verbessern und zu sch\u00fctzen.<\/span><\/span><\/li>\n<li><strong><span style=\"font-family: Oswald, sans-serif;\"><span style=\"font-size: medium;\">Zubeh\u00f6r:<\/span><\/span><\/strong><span style=\"font-family: Oswald, sans-serif;\"><span style=\"font-size: medium;\"> Inklusive einer Stofftasche und einem Beh\u00e4lter mit unserem speziellen Fl\u00f6tenpflege\u00f6l<\/span><\/span><\/li>\n<li><strong><span style=\"font-family: Oswald, sans-serif;\"><span style=\"font-size: medium;\">Stimmungen:<\/span><\/span><\/strong><span style=\"font-family: Oswald, sans-serif;\"><span style=\"font-size: medium;\">  Erh\u00e4ltlich in der Standardeinstellung 440Hz, mit einer optionalen Abstimmung in 432Hz. Auf Anfrage ist auch eine kundenspezifische Abstimmung in 528Hz erh\u00e4ltlich. <\/span><\/span><\/li>\n<\/ul>\n<hr>\n<p><strong><span style=\"font-family: Oswald, sans-serif;\"><span style=\"font-size: medium;\">Bitte beachten Sie:<\/span><\/span><\/strong><\/p>\n<ul>\n<li><span style=\"font-family: Oswald, sans-serif;\"><span style=\"font-size: medium;\">Die Bilder dienen nur zur Veranschaulichung. Da jede Fl\u00f6te aus nat\u00fcrlichem Ahornholz gefertigt wird, sind Abweichungen in Form, Farbe und Maserung zu erwarten, damit Ihre Fl\u00f6te so einzigartig ist wie die Musik, die sie erzeugt. <\/span><\/span><\/li>\n<\/ul>\n<hr>\n<p><span style=\"font-family: Oswald, sans-serif;\"><span style=\"font-size: medium;\">Ob f\u00fcr den erfahrenen Fl\u00f6tisten oder einen leidenschaftlichen Neuling, unsere AMA Bassfl\u00f6te in der Tonart D ist eine perfekte Wahl, die tiefgr\u00fcndige akustische Eigenschaften mit exquisitem Handwerk und Design verbindet.<\/span><\/span><\/p>\n<hr>\n<p><span style=\"font-family: Oswald, sans-serif;\"><span style=\"font-size: medium;\">Jede unserer Fl\u00f6ten ist ein <b>Meisterwerk der Handwerkskunst<\/b>, das in sorgf\u00e4ltiger Handarbeit gefertigt wird, um den <b>h\u00f6chsten Anspr\u00fcchen<\/b> an Qualit\u00e4t und musikalischer Exzellenz zu gen\u00fcgen. Bitte beachten Sie, dass die Herstellung Ihrer AMA Fl\u00f6te etwa<b> 21 bis 28 Tage in<\/b> Anspruch nimmt. In dieser Zeit k\u00f6nnen wir sicherstellen, dass jeder Aspekt Ihrer Fl\u00f6te perfektioniert wird. Das Ergebnis ist ein Instrument, das Ihren musikalischen Geist widerspiegelt.  <\/span><\/span><\/p>\n<p>Wir danken Ihnen f\u00fcr Ihr Verst\u00e4ndnis und Ihre Geduld w\u00e4hrend dieses Herstellungsprozesses. Das Warten ist Teil der Reise, und wir sind zuversichtlich, dass die sch\u00f6ne Musik, die Sie mit Ihrer Fl\u00f6te schaffen werden, es wert sein wird. Freuen Sie sich auf ein musikalisches Erlebnis, das so einzigartig und besonders ist wie die Fl\u00f6te selbst.  <\/p>\n<p>F\u00fcr Kunden au\u00dferhalb der EU beachten Sie bitte, dass bei der Lieferung Zollgeb\u00fchren anfallen k\u00f6nnen. Diese Geb\u00fchren werden von Ihren \u00f6rtlichen Zollbeh\u00f6rden festgelegt und liegen in der Verantwortung des Empf\u00e4ngers. <\/p>\n<\/div>\n<\/div>\n<\/div>\n<\/div>\n","protected":false},"excerpt":{"rendered":"<p>Erleben Sie die reichen, tiefen Kl\u00e4nge unserer AMA Single Bassfl\u00f6te in der Tonart D. Tauchen Sie ein in die tiefen, resonanten Kl\u00e4nge dieser Fl\u00f6te, die auf die Tonart D gestimmt ist. Diese Fl\u00f6te zeichnet sich durch ihren tiefen, resonanten Klang aus und verleiht Ihren musikalischen Ausdr\u00fccken eine einzigartige und tiefgr\u00fcndige Charakteristik. Wichtige Merkmale: Tonalbereich: Die [&hellip;]<\/p>\n","protected":false},"featured_media":4034,"template":"","meta":{"site-sidebar-layout":"no-sidebar","site-content-layout":"plain-container","ast-site-content-layout":"normal-width-container","site-content-style":"unboxed","site-sidebar-style":"unboxed","ast-global-header-display":"","ast-banner-title-visibility":"","ast-main-header-display":"","ast-hfb-above-header-display":"","ast-hfb-below-header-display":"","ast-hfb-mobile-header-display":"","site-post-title":"disabled","ast-breadcrumbs-content":"","ast-featured-img":"disabled","footer-sml-layout":"","ast-disable-related-posts":"","theme-transparent-header-meta":"default","adv-header-id-meta":"","stick-header-meta":"default","header-above-stick-meta":"","header-main-stick-meta":"","header-below-stick-meta":"","astra-migrate-meta-layouts":"default","ast-page-background-enabled":"default","ast-page-background-meta":{"desktop":{"background-color":"var(--ast-global-color-4)","background-image":"","background-repeat":"repeat","background-position":"center center","background-size":"auto","background-attachment":"scroll","background-type":"","background-media":"","overlay-type":"","overlay-color":"","overlay-opacity":"","overlay-gradient":""},"tablet":{"background-color":"","background-image":"","background-repeat":"repeat","background-position":"center center","background-size":"auto","background-attachment":"scroll","background-type":"","background-media":"","overlay-type":"","overlay-color":"","overlay-opacity":"","overlay-gradient":""},"mobile":{"background-color":"","background-image":"","background-repeat":"repeat","background-position":"center center","background-size":"auto","background-attachment":"scroll","background-type":"","background-media":"","overlay-type":"","overlay-color":"","overlay-opacity":"","overlay-gradient":""}},"ast-content-background-meta":{"desktop":{"background-color":"var(--ast-global-color-5)","background-image":"","background-repeat":"repeat","background-position":"center center","background-size":"auto","background-attachment":"scroll","background-type":"","background-media":"","overlay-type":"","overlay-color":"","overlay-opacity":"","overlay-gradient":""},"tablet":{"background-color":"var(--ast-global-color-5)","background-image":"","background-repeat":"repeat","background-position":"center center","background-size":"auto","background-attachment":"scroll","background-type":"","background-media":"","overlay-type":"","overlay-color":"","overlay-opacity":"","overlay-gradient":""},"mobile":{"background-color":"var(--ast-global-color-5)","background-image":"","background-repeat":"repeat","background-position":"center center","background-size":"auto","background-attachment":"scroll","background-type":"","background-media":"","overlay-type":"","overlay-color":"","overlay-opacity":"","overlay-gradient":""}}},"product_brand":[],"product_cat":[136],"product_tag":[],"class_list":{"0":"post-4018","1":"product","2":"type-product","3":"status-publish","4":"has-post-thumbnail","6":"product_cat-floeten","7":"desktop-align-center","8":"tablet-align-left","9":"mobile-align-left","11":"first","12":"instock","13":"taxable","14":"shipping-taxable","15":"purchasable","16":"product-type-variable","17":"has-default-attributes"},"_links":{"self":[{"href":"https:\/\/amaflutes.com\/de\/wp-json\/wp\/v2\/product\/4018","targetHints":{"allow":["GET"]}}],"collection":[{"href":"https:\/\/amaflutes.com\/de\/wp-json\/wp\/v2\/product"}],"about":[{"href":"https:\/\/amaflutes.com\/de\/wp-json\/wp\/v2\/types\/product"}],"version-history":[{"count":5,"href":"https:\/\/amaflutes.com\/de\/wp-json\/wp\/v2\/product\/4018\/revisions"}],"predecessor-version":[{"id":6238,"href":"https:\/\/amaflutes.com\/de\/wp-json\/wp\/v2\/product\/4018\/revisions\/6238"}],"wp:featuredmedia":[{"embeddable":true,"href":"https:\/\/amaflutes.com\/de\/wp-json\/wp\/v2\/media\/4034"}],"wp:attachment":[{"href":"https:\/\/amaflutes.com\/de\/wp-json\/wp\/v2\/media?parent=4018"}],"wp:term":[{"taxonomy":"product_brand","embeddable":true,"href":"https:\/\/amaflutes.com\/de\/wp-json\/wp\/v2\/product_brand?post=4018"},{"taxonomy":"product_cat","embeddable":true,"href":"https:\/\/amaflutes.com\/de\/wp-json\/wp\/v2\/product_cat?post=4018"},{"taxonomy":"product_tag","embeddable":true,"href":"https:\/\/amaflutes.com\/de\/wp-json\/wp\/v2\/product_tag?post=4018"}],"curies":[{"name":"wp","href":"https:\/\/api.w.org\/{rel}","templated":true}]}}