{"id":6394,"date":"2025-12-15T09:38:18","date_gmt":"2025-12-15T08:38:18","guid":{"rendered":"https:\/\/amaflutes.com\/?post_type=product&#038;p=6394"},"modified":"2026-01-16T15:56:09","modified_gmt":"2026-01-16T14:56:09","slug":"einzel-flote-tonart-fis-copy","status":"publish","type":"product","link":"https:\/\/amaflutes.com\/de\/shop\/floeten\/einzel-flote-tonart-fis-copy\/","title":{"rendered":"Native American Style Bassfl\u00f6te in C# (432 Hz) | AMA Fl\u00f6ten"},"content":{"rendered":"<div style=\"max-width: 360px; margin: 0 auto;\"><iframe title=\"AMA Flutes - Bassfl\u00f6te in C# (432 Hz)\" data-src=\"https:\/\/www.youtube-nocookie.com\/embed\/Ns9XteXwd0M?rel=0&amp;modestbranding=1\" width=\"360\" height=\"640\" frameborder=\"0\" allowfullscreen=\"allowfullscreen\" src=\"data:image\/svg+xml;base64,PHN2ZyB3aWR0aD0iMSIgaGVpZ2h0PSIxIiB4bWxucz0iaHR0cDovL3d3dy53My5vcmcvMjAwMC9zdmciPjwvc3ZnPg==\" class=\"lazyload\" data-load-mode=\"1\"><br \/>\n<\/iframe><\/div>\n<h2 data-start=\"215\" data-end=\"293\"><\/h2>\n<p data-start=\"295\" data-end=\"616\">Diese<strong data-start=\"300\" data-end=\"346\"> Bassfl\u00f6te in der Tonart C#<\/strong>, die ausschlie\u00dflich auf <strong data-start=\"369\" data-end=\"379\">432 Hz<\/strong> gestimmt ist, verf\u00fcgt \u00fcber eine tiefe und zugleich leise leuchtende Stimme. Obwohl sie einen halben Schritt unter D gestimmt ist, f\u00fchlt sich diese Cis-Bassfl\u00f6te <strong data-start=\"1881\" data-end=\"1918\">klar und zentriert in ihrer Ansprache<\/strong> an und bietet eine ruhige, gleichm\u00e4\u00dfige Pr\u00e4senz ohne Schwere. <\/p>\n<p data-start=\"618\" data-end=\"938\">Viele Spieler:innen f\u00fchlen sich von C# aufgrund seines ausgewogenen Charakters angezogen: weder schwer noch aufdringlich, sondern fein ausbalanciert dazwischen. In Kombination mit der 432-Hz-Stimmung wird der Klang h\u00e4ufig als ruhig, flie\u00dfend und harmonisch geschlossen erlebt \u2013 besonders geeignet f\u00fcr meditative Spielweisen, Klangarbeit, langsame melodische Erkundungen und atemgef\u00fchrte Improvisation. <\/p>\n<p data-start=\"940\" data-end=\"1082\">Diese Fl\u00f6te l\u00e4dt zu entschleunigtem Musizieren ein. Sie reagiert geduldig auf den Atem und l\u00e4sst musikalische Phrasen organisch entstehen, anstatt sie zu erzwingen <\/p>\n<hr data-start=\"1084\" data-end=\"1087\">\n<h3 data-start=\"1089\" data-end=\"1105\">Wesentliche Merkmale<\/h3>\n<p data-start=\"1107\" data-end=\"1176\"><strong data-start=\"1107\" data-end=\"1126\">Instrumententyp<\/strong><br data-start=\"1126\" data-end=\"1129\">Einzelkammer-Bassfl\u00f6te im Native-American-Style<\/p>\n<p data-start=\"1178\" data-end=\"1248\"><strong data-start=\"1178\" data-end=\"1194\">Tonart &amp; Stimmung<\/strong><br data-start=\"1194\" data-end=\"1197\">C# (C sharp) \u2013 Moll-Pentatonik<br data-start=\"1226\" data-end=\"1229\">Gestimmt auf 432 Hz<\/p>\n<p data-start=\"1250\" data-end=\"1388\"><strong data-start=\"1250\" data-end=\"1269\">Klangcharakter<\/strong><br data-start=\"1269\" data-end=\"1272\">Tiefe, resonante Bassstimme mit klarem innerem Fokus<br data-start=\"1324\" data-end=\"1327\">Oft beschrieben als erdend, zentrierend und sanft erhebend<\/p>\n<p data-start=\"1390\" data-end=\"1513\"><strong data-start=\"1390\" data-end=\"1408\">Innendurchmesser<\/strong><br data-start=\"1408\" data-end=\"1411\">Ca. <strong data-start=\"1425\" data-end=\"1434\">32 mm<\/strong>, unterst\u00fctzt eine breite, stabile Resonanz und eine gleichm\u00e4\u00dfige Ansprache \u00fcber den gesamten Tonumfang<\/p>\n<p data-start=\"1515\" data-end=\"1923\"><strong data-start=\"1515\" data-end=\"1550\">Grifflochdesign &amp; Spielbarkeit<\/strong><br data-start=\"1550\" data-end=\"1553\">Griffl\u00f6cher mit einem Durchmesser von ca.<strong data-start=\"1587\" data-end=\"1598\"> 9\u201310<\/strong> mm<br data-start=\"1598\" data-end=\"1601\">Durch den gro\u00dfz\u00fcgigen Innendurchmesser k\u00f6nnen die Griffl\u00f6cher n\u00e4her beieinander platziert werden, was diese Bassfl\u00f6te \u00fcberraschend komfortabel spielbar macht<br data-start=\"1743\" data-end=\"1746\">Im Vergleich zu unserer etwas h\u00f6her gestimmten Bassfl\u00f6te in der Tonart D erfordert dieses C#-Modell in der Regel weniger Dehnung der Finger, was viele Spieler:innen als entspannter und zug\u00e4nglicher empfinden<\/p>\n<p data-start=\"1925\" data-end=\"2019\"><strong data-start=\"1925\" data-end=\"1939\">Ma\u00dfe<\/strong><br data-start=\"1939\" data-end=\"1942\">Gesamtl\u00e4nge ca. <strong data-start=\"1969\" data-end=\"1978\">65 cm<\/strong><br data-start=\"1978\" data-end=\"1981\">Au\u00dfendurchmesser ca. <strong>44<\/strong><strong data-start=\"2010\" data-end=\"2019\"> mm<\/strong><\/p>\n<p data-start=\"2021\" data-end=\"2284\"><strong data-start=\"2021\" data-end=\"2042\">Material &amp; Verarbeitung<\/strong><br data-start=\"2042\" data-end=\"2045\">Hergestellt aus hochwertigem Ahornholz, das f\u00fcr seine warmen Klangeigenschaften und zuverl\u00e4ssige Stabilit\u00e4t ausgew\u00e4hlt wurde<br data-start=\"2130\" data-end=\"2133\">Gebeizt mit unserer hausgemachten Walnussbeize und versiegelt mit lebensmittelechten \u00d6len, um das Holz zu sch\u00fctzen und gleichzeitig die nat\u00fcrliche Maserung sichtbar und lebendig zu halten<\/p>\n<hr data-start=\"2286\" data-end=\"2289\">\n<h3 data-start=\"2291\" data-end=\"2337\">FL\u00d6TENBLOCK &amp; ZEITGEN\u00d6SSISCHE FORMSPRACHE<\/h3>\n<p data-start=\"2339\" data-end=\"2459\">Diese Fl\u00f6te ist mit unserem zeitgen\u00f6ssischen Block- bzw. Totem-Fl\u00f6tenblock ausgestattet, gepr\u00e4gt von klaren Linien und definierten Kanten.<\/p>\n<p data-start=\"2461\" data-end=\"2759\">Anstatt Tierfiguren oder historische Motive zu imitieren, folgt das Design einer ruhigeren visuellen Sprache \u2013 reduziert, geerdet und bewusst gestaltet. Es spiegelt die Art wider, wie dieses Instrument gespielt werden m\u00f6chte: pr\u00e4sent, fokussiert und frei von Ablenkung. Die Form unterst\u00fctzt den Klang, ohne mit ihm zu konkurrieren.  <\/p>\n<hr data-start=\"2761\" data-end=\"2764\">\n<h3 data-start=\"2766\" data-end=\"2791\">INSPIRATION DER GRAVUR<\/h3>\n<p data-start=\"2793\" data-end=\"3058\">Die Gravur ist inspiriert von der Art und Weise, wie Klang sich durch Wasser bewegt und dabei durch Schwingung und Resonanz nat\u00fcrliche Muster entstehen l\u00e4sst. Sie greift die Bildsprache gefrorener Wasserkristalle auf, die h\u00e4ufig symbolisch daf\u00fcr steht, wie Frequenz Struktur und Form hervorbringen kann. <\/p>\n<p data-start=\"3060\" data-end=\"3378\">Feine Bez\u00fcge zum alchemistischen Symbol der Erde sind in das Design eingewoben und verweisen auf Erdung, materielle Pr\u00e4senz und die Verbindung zur physischen Welt. Gemeinsam erz\u00e4hlen diese Elemente von dem Begegnungsraum zwischen Atem, Klang und Materie \u2013 dort, wo Musik nicht nur geh\u00f6rt, sondern auch gesp\u00fcrt wird. <\/p>\n<p data-start=\"3380\" data-end=\"3499\">Die Gravur ist nicht dazu gedacht zu erkl\u00e4ren oder anzuleiten, sondern dient als stiller visueller Begleiter des Spielerlebnisses.<\/p>\n<hr data-start=\"3501\" data-end=\"3504\">\n<h3 data-start=\"3506\" data-end=\"3530\">Mitgeliefertes Zubeh\u00f6r<\/h3>\n<ul data-start=\"3532\" data-end=\"3596\">\n<li data-start=\"3532\" data-end=\"3560\">\n<p data-start=\"3534\" data-end=\"3560\">Hochwertige Aufbewahrungstasche aus Stoff<\/p>\n<\/li>\n<li data-start=\"3561\" data-end=\"3596\">\n<p data-start=\"3563\" data-end=\"3596\">Beh\u00e4lter mit unserem Fl\u00f6tenpflege\u00f6l<\/p>\n<\/li>\n<\/ul>\n<p data-start=\"3598\" data-end=\"3720\"><em data-start=\"3598\" data-end=\"3720\">Bitte beachten Sie: Aufgrund der aktuellen FDA-Bestimmungen kann das Fl\u00f6tenpflege\u00f6l nicht bei Bestellungen, die in die Vereinigten Staaten versandt werden, mitgeliefert werden.<\/em><\/p>\n<hr data-start=\"3722\" data-end=\"3725\">\n<h3 data-start=\"3727\" data-end=\"3770\">Individualit\u00e4t, Vertigungszeit &amp; Versand<\/h3>\n<p data-start=\"3772\" data-end=\"3943\">Die gezeigten Bilder dienen nur als Referenz. Da jede Fl\u00f6te aus nat\u00fcrlichem Ahornholz gefertigt wird, sind Abweichungen in Maserung, Farbe und Form Teil ihres Charakters und ihrer Individualit\u00e4t. <\/p>\n<p data-start=\"3945\" data-end=\"4147\">Jede AMA-Fl\u00f6te wird mit Sorgfalt und Liebe zum Detail handgefertigt. Die Herstellungszeit f\u00fcr diese Fl\u00f6te betr\u00e4gt etwa <strong data-start=\"4060\" data-end=\"4074\">28-45 Tage<\/strong> und l\u00e4sst Raum f\u00fcr eine pr\u00e4zise Stimmung, eine saubere Intonation und ein edles Finish. <\/p>\n<p data-start=\"4149\" data-end=\"4319\">F\u00fcr Kunden au\u00dferhalb der EU k\u00f6nnen bei der Lieferung Zollgeb\u00fchren anfallen. Diese Geb\u00fchren werden von den \u00f6rtlichen Zollbeh\u00f6rden festgelegt und liegen in der Verantwortung des Empf\u00e4ngers. <\/p>\n","protected":false},"excerpt":{"rendered":"<p>Diese Bassfl\u00f6te in der Tonart C#, die ausschlie\u00dflich auf 432 Hz gestimmt ist, verf\u00fcgt \u00fcber eine tiefe und zugleich leise leuchtende Stimme. Obwohl sie einen halben Schritt unter D gestimmt ist, f\u00fchlt sich diese Cis-Bassfl\u00f6te klar und zentriert in ihrer Ansprache an und bietet eine ruhige, gleichm\u00e4\u00dfige Pr\u00e4senz ohne Schwere. Viele Spieler:innen f\u00fchlen sich von [&hellip;]<\/p>\n","protected":false},"featured_media":6404,"template":"","meta":{"site-sidebar-layout":"no-sidebar","site-content-layout":"plain-container","ast-site-content-layout":"normal-width-container","site-content-style":"unboxed","site-sidebar-style":"unboxed","ast-global-header-display":"","ast-banner-title-visibility":"","ast-main-header-display":"","ast-hfb-above-header-display":"","ast-hfb-below-header-display":"","ast-hfb-mobile-header-display":"","site-post-title":"disabled","ast-breadcrumbs-content":"","ast-featured-img":"disabled","footer-sml-layout":"","ast-disable-related-posts":"","theme-transparent-header-meta":"default","adv-header-id-meta":"","stick-header-meta":"default","header-above-stick-meta":"","header-main-stick-meta":"","header-below-stick-meta":"","astra-migrate-meta-layouts":"set","ast-page-background-enabled":"default","ast-page-background-meta":{"desktop":{"background-color":"var(--ast-global-color-4)","background-image":"","background-repeat":"repeat","background-position":"center center","background-size":"auto","background-attachment":"scroll","background-type":"","background-media":"","overlay-type":"","overlay-color":"","overlay-opacity":"","overlay-gradient":""},"tablet":{"background-color":"","background-image":"","background-repeat":"repeat","background-position":"center center","background-size":"auto","background-attachment":"scroll","background-type":"","background-media":"","overlay-type":"","overlay-color":"","overlay-opacity":"","overlay-gradient":""},"mobile":{"background-color":"","background-image":"","background-repeat":"repeat","background-position":"center center","background-size":"auto","background-attachment":"scroll","background-type":"","background-media":"","overlay-type":"","overlay-color":"","overlay-opacity":"","overlay-gradient":""}},"ast-content-background-meta":{"desktop":{"background-color":"var(--ast-global-color-5)","background-image":"","background-repeat":"repeat","background-position":"center center","background-size":"auto","background-attachment":"scroll","background-type":"","background-media":"","overlay-type":"","overlay-color":"","overlay-opacity":"","overlay-gradient":""},"tablet":{"background-color":"var(--ast-global-color-5)","background-image":"","background-repeat":"repeat","background-position":"center center","background-size":"auto","background-attachment":"scroll","background-type":"","background-media":"","overlay-type":"","overlay-color":"","overlay-opacity":"","overlay-gradient":""},"mobile":{"background-color":"var(--ast-global-color-5)","background-image":"","background-repeat":"repeat","background-position":"center center","background-size":"auto","background-attachment":"scroll","background-type":"","background-media":"","overlay-type":"","overlay-color":"","overlay-opacity":"","overlay-gradient":""}}},"product_brand":[],"product_cat":[136],"product_tag":[153,154,155,156,163],"class_list":{"0":"post-6394","1":"product","2":"type-product","3":"status-publish","4":"has-post-thumbnail","6":"product_cat-floeten","7":"product_tag-native-american-flute-de","8":"product_tag-meditationsflote","9":"product_tag-single-flute-de","10":"product_tag-zen-flute-de","11":"product_tag-432hz-flute-de","12":"desktop-align-center","13":"tablet-align-left","14":"mobile-align-left","16":"first","17":"instock","18":"taxable","19":"shipping-taxable","20":"purchasable","21":"product-type-simple"},"_links":{"self":[{"href":"https:\/\/amaflutes.com\/de\/wp-json\/wp\/v2\/product\/6394","targetHints":{"allow":["GET"]}}],"collection":[{"href":"https:\/\/amaflutes.com\/de\/wp-json\/wp\/v2\/product"}],"about":[{"href":"https:\/\/amaflutes.com\/de\/wp-json\/wp\/v2\/types\/product"}],"version-history":[{"count":4,"href":"https:\/\/amaflutes.com\/de\/wp-json\/wp\/v2\/product\/6394\/revisions"}],"predecessor-version":[{"id":6550,"href":"https:\/\/amaflutes.com\/de\/wp-json\/wp\/v2\/product\/6394\/revisions\/6550"}],"wp:featuredmedia":[{"embeddable":true,"href":"https:\/\/amaflutes.com\/de\/wp-json\/wp\/v2\/media\/6404"}],"wp:attachment":[{"href":"https:\/\/amaflutes.com\/de\/wp-json\/wp\/v2\/media?parent=6394"}],"wp:term":[{"taxonomy":"product_brand","embeddable":true,"href":"https:\/\/amaflutes.com\/de\/wp-json\/wp\/v2\/product_brand?post=6394"},{"taxonomy":"product_cat","embeddable":true,"href":"https:\/\/amaflutes.com\/de\/wp-json\/wp\/v2\/product_cat?post=6394"},{"taxonomy":"product_tag","embeddable":true,"href":"https:\/\/amaflutes.com\/de\/wp-json\/wp\/v2\/product_tag?post=6394"}],"curies":[{"name":"wp","href":"https:\/\/api.w.org\/{rel}","templated":true}]}}