{"id":3944,"date":"2023-10-02T21:12:24","date_gmt":"2023-10-02T19:12:24","guid":{"rendered":"https:\/\/amaflutes.de\/shop\/sin%20categor\u00eda\/flauta-sencilla-tonalidad-de-fa\/"},"modified":"2025-09-25T15:59:58","modified_gmt":"2025-09-25T13:59:58","slug":"flauta-sencilla-clave-fa","status":"publish","type":"product","link":"https:\/\/amaflutes.com\/es\/shop\/flautas\/flauta-sencilla-clave-fa\/","title":{"rendered":"Flauta sencilla &#8211; tonalidad de Fa#"},"content":{"rendered":"<p><iframe title=\"YouTube video player\" data-src=\"https:\/\/www.youtube-nocookie.com\/embed\/q1lFj9pLDtc?rel=0\" width=\"560\" height=\"315\" frameborder=\"0\" allowfullscreen=\"allowfullscreen\" src=\"data:image\/svg+xml;base64,PHN2ZyB3aWR0aD0iMSIgaGVpZ2h0PSIxIiB4bWxucz0iaHR0cDovL3d3dy53My5vcmcvMjAwMC9zdmciPjwvc3ZnPg==\" data-load-mode=\"1\"><span style=\"display: inline-block; width: 0px; overflow: hidden; line-height: 0;\" data-mce-type=\"bookmark\" class=\"mce_SELRES_start lazyload\"><\/span><span style=\"display: inline-block; width: 0px; overflow: hidden; line-height: 0;\" data-mce-type=\"bookmark\" class=\"mce_SELRES_start lazyload\"><\/span><\/iframe><\/p>\n<p><strong>AMA Flauta sencilla en clave de fa#.<\/strong><\/p>\n<p><span style=\"font-family: Oswald, sans-serif;\"><span style=\"font-size: medium;\">Sum\u00e9rgete en la armoniosa fusi\u00f3n de arte y espiritualidad con nuestra <strong>Flauta Sencilla de Rango Medio en clave de Fa#.<\/strong> Descubre la belleza \u00fanica de sus tonos, que te transportar\u00e1n a un estado de serenidad y contemplaci\u00f3n. Inspirada en el dise\u00f1o de los nativos americanos, esta extraordinaria pieza no solo te invita a tocar, sino tambi\u00e9n a conectarte profundamente con cada nota. Descubre la resonancia \u00fanica que te transportar\u00e1 a un viaje sonoro enraizado en la rica tradici\u00f3n cultural de esta maravillosa flauta. Cada flauta se elabora minuciosamente con madera de arce seleccionada, simbolizando nuestra dedicaci\u00f3n a la m\u00fasica tradicional y al dise\u00f1o contempor\u00e1neo.<\/span><\/span><\/p>\n<p>&nbsp;<\/p>\n<p><strong><span style=\"font-family: Oswald, sans-serif;\"><span style=\"font-size: medium;\">Caracter\u00edsticas principales:<\/span><\/span><\/strong><\/p>\n<ul>\n<li><strong><span style=\"font-family: Oswald, sans-serif;\"><span style=\"font-size: medium;\">Rango tonal: <\/span><\/span><\/strong><span style=\"font-family: Oswald, sans-serif;\"><span style=\"font-size: medium;\">Medio (tonalidad de Fa#) para un sonido pleno y rico<\/span><\/span><\/li>\n<li><strong><span style=\"font-family: Oswald, sans-serif;\"><span style=\"font-size: medium;\">Orificios para los dedos:<\/span><\/span><\/strong><span style=\"font-family: Oswald, sans-serif;\"><span style=\"font-size: medium;\"> Aproximadamente 8 mm de ancho, colocados para acomodar c\u00f3modamente manos de tama\u00f1o medio.<\/span><\/span><\/li>\n<li><strong><span style=\"font-family: Oswald, sans-serif;\"><span style=\"font-size: medium;\">Dise\u00f1o:<\/span><\/span><\/strong><span style=\"font-family: Oswald, sans-serif;\"><span style=\"font-size: medium;\"> Realzada con un precioso grabado, esta flauta fusiona funcionalidad con una belleza decorativa excepcional.<\/span><\/span><\/li>\n<li><strong><span style=\"font-family: Oswald, sans-serif;\"><span style=\"font-size: medium;\">Material:<\/span><\/span><\/strong><span style=\"font-family: Oswald, sans-serif;\"><span style=\"font-size: medium;\"> Fabricado en madera de arce por sus excelentes cualidades tonales<\/span><\/span><\/li>\n<li><strong><span style=\"font-family: Oswald, sans-serif;\"><span style=\"font-size: medium;\">Acabado:<\/span><\/span><\/strong><span style=\"font-family: Oswald, sans-serif;\"><span style=\"font-size: medium;\"> Impregnado con nuestra exclusiva tintura de nogal org\u00e1nica y sellado con aceites de grado alimentario para una mayor durabilidad.<\/span><\/span><\/li>\n<li><strong><span style=\"font-family: Oswald, sans-serif;\"><span style=\"font-size: medium;\">Longitud:<\/span><\/span><\/strong><span style=\"font-family: Oswald, sans-serif;\"><span style=\"font-size: medium;\"> Con una longitud de 52 cm, es ideal para el transporte sin comprometer la calidad del sonido.<\/span><\/span><\/li>\n<li><strong><span style=\"font-family: Oswald, sans-serif;\"><span style=\"font-size: medium;\">Accesorios:<\/span><\/span><\/strong><span style=\"font-family: Oswald, sans-serif;\"><span style=\"font-size: medium;\"> Se acompa\u00f1a de una bolsa de tela y un recipiente con nuestro aceite especial para flautas.<\/span><\/span><\/li>\n<li><strong><span style=\"font-family: Oswald, sans-serif;\"><span style=\"font-size: medium;\">Opciones de afinaci\u00f3n:<\/span><\/span><\/strong><span style=\"font-family: Oswald, sans-serif;\"><span style=\"font-size: medium;\"> Disponible en afinaci\u00f3n est\u00e1ndar de 440 Hz, con opci\u00f3n de afinaci\u00f3n alternativa en 432 Hz y afinaci\u00f3n personalizada en 528 Hz disponible bajo pedido.<\/span><\/span><\/li>\n<\/ul>\n<hr>\n<p><span style=\"font-size: large;\"><strong><span style=\"font-family: Oswald, sans-serif;\"><span style=\"font-size: medium;\">Por favor, tenga en cuenta: <\/span><\/span><\/strong><strong><span style=\"font-family: Oswald, sans-serif;\"><span style=\"font-size: medium;\">Las im\u00e1genes utilizadas son ilustrativas. La madera, al tratarse de un material natural, implica que cada flauta presentar\u00e1 variaciones \u00fanicas en forma, color y veteado, asegurando as\u00ed que tu flauta sea exclusivamente tuya.<\/span><\/span><\/strong><\/span><\/p>\n<hr>\n<p><span style=\"font-family: Oswald, sans-serif;\"><span style=\"font-size: medium;\">Eleve su colecci\u00f3n musical con esta Flauta AMA, la cual no solo resuena con sonidos cautivadores, sino tambi\u00e9n con el toque conmovedor de la artesan\u00eda que caracteriza nuestro trabajo.<\/span><\/span><\/p>\n<hr>\n<p><span style=\"font-family: Oswald, sans-serif;\"><span style=\"font-size: medium;\">Cada una de nuestras flautas es una <b>obra maestra de artesan\u00eda<\/b>, meticulosamente elaborada a mano para satisfacer los <b>m\u00e1s altos est\u00e1ndares<\/b> de calidad y excelencia musical. Ten en cuenta que la creaci\u00f3n de tu flauta AMA tarda aproximadamente<b> entre 21 y 28 d\u00edas en completarse<\/b>. Este tiempo nos permite asegurarnos de que cada aspecto de tu flauta est\u00e1 perfeccionado, dando como resultado un instrumento que realmente resuena con tu esp\u00edritu musical.  <\/span><\/span><\/p>\n<p>Agradecemos tu comprensi\u00f3n y paciencia durante este proceso de fabricaci\u00f3n. La espera forma parte del viaje, y estamos seguros de que la hermosa m\u00fasica que crear\u00e1s con tu flauta merecer\u00e1 la pena. Disfruta de una experiencia musical tan \u00fanica y especial como la propia flauta.  <\/p>\n<p>Para los clientes de fuera de la UE, ten en cuenta que pueden aplicarse tasas aduaneras en el momento de la entrega. Estas tasas las determinan las autoridades aduaneras locales y son responsabilidad del destinatario. <\/p>\n<p>&nbsp;<\/p>\n<p>&nbsp;<\/p>\n","protected":false},"excerpt":{"rendered":"<p>AMA Flauta sencilla en clave de fa#. Sum\u00e9rgete en la armoniosa fusi\u00f3n de arte y espiritualidad con nuestra Flauta Sencilla de Rango Medio en clave de Fa#. Descubre la belleza \u00fanica de sus tonos, que te transportar\u00e1n a un estado de serenidad y contemplaci\u00f3n. Inspirada en el dise\u00f1o de los nativos americanos, esta extraordinaria pieza [&hellip;]<\/p>\n","protected":false},"featured_media":3034,"template":"","meta":{"site-sidebar-layout":"no-sidebar","site-content-layout":"plain-container","ast-site-content-layout":"normal-width-container","site-content-style":"unboxed","site-sidebar-style":"unboxed","ast-global-header-display":"","ast-banner-title-visibility":"","ast-main-header-display":"","ast-hfb-above-header-display":"","ast-hfb-below-header-display":"","ast-hfb-mobile-header-display":"","site-post-title":"disabled","ast-breadcrumbs-content":"","ast-featured-img":"disabled","footer-sml-layout":"","ast-disable-related-posts":"","theme-transparent-header-meta":"default","adv-header-id-meta":"","stick-header-meta":"default","header-above-stick-meta":"","header-main-stick-meta":"","header-below-stick-meta":"","astra-migrate-meta-layouts":"default","ast-page-background-enabled":"default","ast-page-background-meta":{"desktop":{"background-color":"var(--ast-global-color-4)","background-image":"","background-repeat":"repeat","background-position":"center center","background-size":"auto","background-attachment":"scroll","background-type":"","background-media":"","overlay-type":"","overlay-color":"","overlay-opacity":"","overlay-gradient":""},"tablet":{"background-color":"","background-image":"","background-repeat":"repeat","background-position":"center center","background-size":"auto","background-attachment":"scroll","background-type":"","background-media":"","overlay-type":"","overlay-color":"","overlay-opacity":"","overlay-gradient":""},"mobile":{"background-color":"","background-image":"","background-repeat":"repeat","background-position":"center center","background-size":"auto","background-attachment":"scroll","background-type":"","background-media":"","overlay-type":"","overlay-color":"","overlay-opacity":"","overlay-gradient":""}},"ast-content-background-meta":{"desktop":{"background-color":"var(--ast-global-color-5)","background-image":"","background-repeat":"repeat","background-position":"center center","background-size":"auto","background-attachment":"scroll","background-type":"","background-media":"","overlay-type":"","overlay-color":"","overlay-opacity":"","overlay-gradient":""},"tablet":{"background-color":"var(--ast-global-color-5)","background-image":"","background-repeat":"repeat","background-position":"center center","background-size":"auto","background-attachment":"scroll","background-type":"","background-media":"","overlay-type":"","overlay-color":"","overlay-opacity":"","overlay-gradient":""},"mobile":{"background-color":"var(--ast-global-color-5)","background-image":"","background-repeat":"repeat","background-position":"center center","background-size":"auto","background-attachment":"scroll","background-type":"","background-media":"","overlay-type":"","overlay-color":"","overlay-opacity":"","overlay-gradient":""}}},"product_brand":[],"product_cat":[137],"product_tag":[157,158,159,160],"class_list":{"0":"post-3944","1":"product","2":"type-product","3":"status-publish","4":"has-post-thumbnail","6":"product_cat-flautas","7":"product_tag-native-american-flute-es","8":"product_tag-mediation-flute-es","9":"product_tag-single-flute-es","10":"product_tag-zen-flute-es","11":"desktop-align-center","12":"tablet-align-left","13":"mobile-align-left","15":"first","16":"instock","17":"taxable","18":"shipping-taxable","19":"purchasable","20":"product-type-variable","21":"has-default-attributes"},"_links":{"self":[{"href":"https:\/\/amaflutes.com\/es\/wp-json\/wp\/v2\/product\/3944","targetHints":{"allow":["GET"]}}],"collection":[{"href":"https:\/\/amaflutes.com\/es\/wp-json\/wp\/v2\/product"}],"about":[{"href":"https:\/\/amaflutes.com\/es\/wp-json\/wp\/v2\/types\/product"}],"version-history":[{"count":5,"href":"https:\/\/amaflutes.com\/es\/wp-json\/wp\/v2\/product\/3944\/revisions"}],"predecessor-version":[{"id":6221,"href":"https:\/\/amaflutes.com\/es\/wp-json\/wp\/v2\/product\/3944\/revisions\/6221"}],"wp:featuredmedia":[{"embeddable":true,"href":"https:\/\/amaflutes.com\/es\/wp-json\/wp\/v2\/media\/3034"}],"wp:attachment":[{"href":"https:\/\/amaflutes.com\/es\/wp-json\/wp\/v2\/media?parent=3944"}],"wp:term":[{"taxonomy":"product_brand","embeddable":true,"href":"https:\/\/amaflutes.com\/es\/wp-json\/wp\/v2\/product_brand?post=3944"},{"taxonomy":"product_cat","embeddable":true,"href":"https:\/\/amaflutes.com\/es\/wp-json\/wp\/v2\/product_cat?post=3944"},{"taxonomy":"product_tag","embeddable":true,"href":"https:\/\/amaflutes.com\/es\/wp-json\/wp\/v2\/product_tag?post=3944"}],"curies":[{"name":"wp","href":"https:\/\/api.w.org\/{rel}","templated":true}]}}