{"id":4006,"date":"2023-08-13T11:41:18","date_gmt":"2023-08-13T09:41:18","guid":{"rendered":"https:\/\/amaflutes.de\/shop\/sin%20categor\u00eda\/flauta-sencilla-clave-de-la\/"},"modified":"2025-09-25T16:10:22","modified_gmt":"2025-09-25T14:10:22","slug":"flauta-sencilla-clave-de-la","status":"publish","type":"product","link":"https:\/\/amaflutes.com\/es\/shop\/flautas\/flauta-sencilla-clave-de-la\/","title":{"rendered":"Flauta sencilla &#8211; Clave de La"},"content":{"rendered":"<p><iframe title=\"YouTube video player\" data-src=\"https:\/\/www.youtube-nocookie.com\/embed\/Q03FdYO2dEE?rel=0\" width=\"560\" height=\"315\" frameborder=\"0\" allowfullscreen=\"allowfullscreen\" src=\"data:image\/svg+xml;base64,PHN2ZyB3aWR0aD0iMSIgaGVpZ2h0PSIxIiB4bWxucz0iaHR0cDovL3d3dy53My5vcmcvMjAwMC9zdmciPjwvc3ZnPg==\" data-load-mode=\"1\"><span style=\"display: inline-block; width: 0px; overflow: hidden; line-height: 0;\" data-mce-type=\"bookmark\" class=\"mce_SELRES_start lazyload\"><\/span><\/iframe><\/p>\n<p><strong><span style=\"font-family: Oswald, sans-serif;\"><span style=\"font-size: medium;\">Descubre la Gracia Mel\u00f3dica de Nuestra Flauta \u00danica en la Tonalidad de A.<\/span><\/span><\/strong><\/p>\n<p><span style=\"font-family: Oswald, sans-serif;\"><span style=\"font-size: medium;\">Sum\u00e9rgete en un mundo de elegancia musical con nuestra Flauta \u00danica en la Tonalidad de A, un instrumento de alta gama que canta con claridad y calidez. Ya seas principiante o un m\u00fasico experimentado, la versatilidad de esta flauta la convierte en la elecci\u00f3n perfecta para una variedad de estilos musicales.<\/span><\/span><\/p>\n<p><strong><span style=\"font-family: Oswald, sans-serif;\"><span style=\"font-size: medium;\">Caracter\u00edsticas principales:<\/span><\/span><\/strong><\/p>\n<ul>\n<li><strong><span style=\"font-family: Oswald, sans-serif;\"><span style=\"font-size: medium;\">Rango tonal:<\/span><\/span><\/strong><span style=\"font-family: Oswald, sans-serif;\"><span style=\"font-size: medium;\"> Agudo (en la tonalidad de La), produciendo tonos vibrantes y similares a los de un p\u00e1jaro que son a la vez claros y c\u00e1lidamente resonantes.<\/span><\/span><\/li>\n<li><strong><span style=\"font-family: Oswald, sans-serif;\"><span style=\"font-size: medium;\">Tama\u00f1o:<\/span><\/span><\/strong><span style=\"font-family: Oswald, sans-serif;\"><span style=\"font-size: medium;\"> Con una longitud de 46 cm, ofrece el equilibrio ideal entre portabilidad y capacidad de juego, encajando f\u00e1cilmente en cualquier mochila.<\/span><\/span><\/li>\n<li><strong><span style=\"font-family: Oswald, sans-serif;\"><span style=\"font-size: medium;\">Agujeros para los dedos: <\/span><\/span><\/strong><span style=\"font-family: Oswald, sans-serif;\"><span style=\"font-size: medium;\">Dise\u00f1ada con un ancho de aproximadamente 6-7 mm, con espaciado estrecho para un juego sin esfuerzo, haci\u00e9ndola muy accesible para principiantes.<\/span><\/span><\/li>\n<li><strong><span style=\"font-family: Oswald, sans-serif;\"><span style=\"font-size: medium;\">Material:<\/span><\/span><\/strong><span style=\"font-family: Oswald, sans-serif;\"><span style=\"font-size: medium;\"> Cada flauta est\u00e1 elaborada con madera de arce premium, seleccionada por su excepcional calidad de sonido.<\/span><\/span><\/li>\n<li><strong><span style=\"font-family: Oswald, sans-serif;\"><span style=\"font-size: medium;\">Acabado:<\/span><\/span><\/strong><span style=\"font-family: Oswald, sans-serif;\"><span style=\"font-size: medium;\"> Impregnado con nuestra exclusiva tintura de nogal org\u00e1nica y sellado con aceites de grado alimentario para una mayor durabilidad.<\/span><\/span><\/li>\n<li><strong><span style=\"font-family: Oswald, sans-serif;\"><span style=\"font-size: medium;\">Grabado:<\/span><\/span><\/strong><span style=\"font-family: Oswald, sans-serif;\"><span style=\"font-size: medium;\"> Adornada con un grabado \u00fanico inspirado en el tatuaje de la esposa de Jakob, a\u00f1adiendo un toque de arte personal a cada flauta.<\/span><\/span><\/li>\n<li><strong><span style=\"font-family: Oswald, sans-serif;\"><span style=\"font-size: medium;\">Opciones de afinaci\u00f3n: <\/span><\/span><\/strong><span style=\"font-family: Oswald, sans-serif;\"><span style=\"font-size: medium;\">Disponible en afinaci\u00f3n est\u00e1ndar de <strong>440 Hz<\/strong>, con opci\u00f3n de afinaci\u00f3n alternativa en <strong>432 Hz<\/strong> y afinaci\u00f3n personalizada en <strong>528 Hz<\/strong> disponible bajo pedido.<\/span><\/span><\/li>\n<li><strong><span style=\"font-family: Oswald, sans-serif;\"><span style=\"font-size: medium;\">Accesorios:<\/span><\/span><\/strong><span style=\"font-family: Oswald, sans-serif;\"><span style=\"font-size: medium;\"> Se acompa\u00f1a de una bolsa de tela y un recipiente con nuestro aceite especial para flautas.<\/span><\/span><\/li>\n<\/ul>\n<p><strong><span style=\"font-family: Oswald, sans-serif;\"><span style=\"font-size: medium;\">Dise\u00f1o amigable para principiantes:<\/span><\/span><\/strong><\/p>\n<ul>\n<li><span style=\"font-family: Oswald, sans-serif;\"><span style=\"font-size: medium;\">Esta flauta es excepcionalmente acogedora para los nuevos m\u00fasicos gracias a las dimensiones y espaciado ergon\u00f3micos de los agujeros para los dedos.<\/span><\/span><\/li>\n<\/ul>\n<hr>\n<p><span style=\"font-size: large;\"><strong><span style=\"font-family: Oswald, sans-serif;\"><span style=\"font-size: medium;\">Por favor, tenga en cuenta: <\/span><\/span><\/strong><strong><span style=\"font-family: Oswald, sans-serif;\"><span style=\"font-size: medium;\">Las im\u00e1genes utilizadas son ilustrativas. La madera, al tratarse de un material natural, implica que cada flauta presentar\u00e1 variaciones \u00fanicas en forma, color y veteado, asegurando as\u00ed que tu flauta sea exclusivamente tuya.<\/span><\/span><\/strong><\/span><\/p>\n<hr>\n<p><span style=\"font-family: Oswald, sans-serif;\"><span style=\"font-size: medium;\">Eleve su experiencia musical con esta Flauta AMA, donde cada nota resuena con la belleza del arte y el esp\u00edritu de la aventura musical.<\/span><\/span><\/p>\n<hr>\n<p><span style=\"font-family: Oswald, sans-serif;\"><span style=\"font-size: medium;\">Cada una de nuestras flautas es una <b>obra maestra de artesan\u00eda<\/b>, meticulosamente elaborada a mano para satisfacer los <b>m\u00e1s altos est\u00e1ndares<\/b> de calidad y excelencia musical. Ten en cuenta que la creaci\u00f3n de tu flauta AMA tarda aproximadamente<b> entre 21 y 28 d\u00edas en completarse<\/b>. Este tiempo nos permite asegurarnos de que cada aspecto de tu flauta est\u00e1 perfeccionado, dando como resultado un instrumento que realmente resuena con tu esp\u00edritu musical.  <\/span><\/span><\/p>\n<p>Agradecemos tu comprensi\u00f3n y paciencia durante este proceso de fabricaci\u00f3n. La espera forma parte del viaje, y estamos seguros de que la hermosa m\u00fasica que crear\u00e1s con tu flauta merecer\u00e1 la pena. Disfruta de una experiencia musical tan \u00fanica y especial como la propia flauta.  <\/p>\n<p>Para los clientes de fuera de la UE, ten en cuenta que pueden aplicarse tasas aduaneras en el momento de la entrega. Estas tasas las determinan las autoridades aduaneras locales y son responsabilidad del destinatario. <\/p>\n","protected":false},"excerpt":{"rendered":"<p>Descubre la Gracia Mel\u00f3dica de Nuestra Flauta \u00danica en la Tonalidad de A. Sum\u00e9rgete en un mundo de elegancia musical con nuestra Flauta \u00danica en la Tonalidad de A, un instrumento de alta gama que canta con claridad y calidez. Ya seas principiante o un m\u00fasico experimentado, la versatilidad de esta flauta la convierte en [&hellip;]<\/p>\n","protected":false},"featured_media":4386,"template":"","meta":{"site-sidebar-layout":"no-sidebar","site-content-layout":"plain-container","ast-site-content-layout":"normal-width-container","site-content-style":"unboxed","site-sidebar-style":"unboxed","ast-global-header-display":"","ast-banner-title-visibility":"","ast-main-header-display":"","ast-hfb-above-header-display":"","ast-hfb-below-header-display":"","ast-hfb-mobile-header-display":"","site-post-title":"disabled","ast-breadcrumbs-content":"","ast-featured-img":"disabled","footer-sml-layout":"","ast-disable-related-posts":"","theme-transparent-header-meta":"default","adv-header-id-meta":"","stick-header-meta":"default","header-above-stick-meta":"","header-main-stick-meta":"","header-below-stick-meta":"","astra-migrate-meta-layouts":"default","ast-page-background-enabled":"default","ast-page-background-meta":{"desktop":{"background-color":"var(--ast-global-color-4)","background-image":"","background-repeat":"repeat","background-position":"center center","background-size":"auto","background-attachment":"scroll","background-type":"","background-media":"","overlay-type":"","overlay-color":"","overlay-opacity":"","overlay-gradient":""},"tablet":{"background-color":"","background-image":"","background-repeat":"repeat","background-position":"center center","background-size":"auto","background-attachment":"scroll","background-type":"","background-media":"","overlay-type":"","overlay-color":"","overlay-opacity":"","overlay-gradient":""},"mobile":{"background-color":"","background-image":"","background-repeat":"repeat","background-position":"center center","background-size":"auto","background-attachment":"scroll","background-type":"","background-media":"","overlay-type":"","overlay-color":"","overlay-opacity":"","overlay-gradient":""}},"ast-content-background-meta":{"desktop":{"background-color":"var(--ast-global-color-5)","background-image":"","background-repeat":"repeat","background-position":"center center","background-size":"auto","background-attachment":"scroll","background-type":"","background-media":"","overlay-type":"","overlay-color":"","overlay-opacity":"","overlay-gradient":""},"tablet":{"background-color":"var(--ast-global-color-5)","background-image":"","background-repeat":"repeat","background-position":"center center","background-size":"auto","background-attachment":"scroll","background-type":"","background-media":"","overlay-type":"","overlay-color":"","overlay-opacity":"","overlay-gradient":""},"mobile":{"background-color":"var(--ast-global-color-5)","background-image":"","background-repeat":"repeat","background-position":"center center","background-size":"auto","background-attachment":"scroll","background-type":"","background-media":"","overlay-type":"","overlay-color":"","overlay-opacity":"","overlay-gradient":""}}},"product_brand":[],"product_cat":[137],"product_tag":[],"class_list":{"0":"post-4006","1":"product","2":"type-product","3":"status-publish","4":"has-post-thumbnail","6":"product_cat-flautas","7":"desktop-align-center","8":"tablet-align-left","9":"mobile-align-left","11":"first","12":"instock","13":"taxable","14":"shipping-taxable","15":"purchasable","16":"product-type-variable","17":"has-default-attributes"},"_links":{"self":[{"href":"https:\/\/amaflutes.com\/es\/wp-json\/wp\/v2\/product\/4006","targetHints":{"allow":["GET"]}}],"collection":[{"href":"https:\/\/amaflutes.com\/es\/wp-json\/wp\/v2\/product"}],"about":[{"href":"https:\/\/amaflutes.com\/es\/wp-json\/wp\/v2\/types\/product"}],"version-history":[{"count":5,"href":"https:\/\/amaflutes.com\/es\/wp-json\/wp\/v2\/product\/4006\/revisions"}],"predecessor-version":[{"id":6230,"href":"https:\/\/amaflutes.com\/es\/wp-json\/wp\/v2\/product\/4006\/revisions\/6230"}],"wp:featuredmedia":[{"embeddable":true,"href":"https:\/\/amaflutes.com\/es\/wp-json\/wp\/v2\/media\/4386"}],"wp:attachment":[{"href":"https:\/\/amaflutes.com\/es\/wp-json\/wp\/v2\/media?parent=4006"}],"wp:term":[{"taxonomy":"product_brand","embeddable":true,"href":"https:\/\/amaflutes.com\/es\/wp-json\/wp\/v2\/product_brand?post=4006"},{"taxonomy":"product_cat","embeddable":true,"href":"https:\/\/amaflutes.com\/es\/wp-json\/wp\/v2\/product_cat?post=4006"},{"taxonomy":"product_tag","embeddable":true,"href":"https:\/\/amaflutes.com\/es\/wp-json\/wp\/v2\/product_tag?post=4006"}],"curies":[{"name":"wp","href":"https:\/\/api.w.org\/{rel}","templated":true}]}}