{"id":4010,"date":"2022-07-27T06:52:44","date_gmt":"2022-07-27T04:52:44","guid":{"rendered":"https:\/\/amaflutes.de\/shop\/sin%20categor\u00eda\/flauta-sencilla-en-clave-de-re\/"},"modified":"2025-09-25T16:15:49","modified_gmt":"2025-09-25T14:15:49","slug":"flauta-sencilla-en-clave-de-re","status":"publish","type":"product","link":"https:\/\/amaflutes.com\/es\/shop\/flautas\/flauta-sencilla-en-clave-de-re\/","title":{"rendered":"Flauta sencilla en clave de Re"},"content":{"rendered":"<p><iframe title=\"YouTube video player\" data-src=\"https:\/\/www.youtube-nocookie.com\/embed\/dBuhSnMhFLk?rel=0\" width=\"560\" height=\"315\" frameborder=\"0\" allowfullscreen=\"allowfullscreen\" src=\"data:image\/svg+xml;base64,PHN2ZyB3aWR0aD0iMSIgaGVpZ2h0PSIxIiB4bWxucz0iaHR0cDovL3d3dy53My5vcmcvMjAwMC9zdmciPjwvc3ZnPg==\" data-load-mode=\"1\"><span style=\"display: inline-block; width: 0px; overflow: hidden; line-height: 0;\" data-mce-type=\"bookmark\" class=\"mce_SELRES_start lazyload\"><\/span><\/iframe><\/p>\n<div class=\"flex-col gap-1 md:gap-3\">\n<div class=\"flex flex-grow flex-col max-w-full gap-3 gizmo:gap-0\">\n<div class=\"min-h-[20px] text-message peer flex flex-col items-start gap-3 whitespace-pre-wrap break-words peer-[.text-message]:mt-5 overflow-x-auto\" data-message-author-role=\"assistant\" data-message-id=\"fa032c65-4ee9-4893-9334-eb7269fcd163\">\n<div class=\"markdown prose w-full break-words dark:prose-invert dark\">\n<p><strong><span style=\"font-family: Oswald, sans-serif;\"><span style=\"font-size: medium;\">Descubre los tonos ricos y profundos de nuestra flauta AMA de bajo en tonalidad de Re.<\/span><\/span><\/strong><\/p>\n<p><span style=\"font-family: Oswald, sans-serif;\"><span style=\"font-size: medium;\">Sum\u00e9rgete en las profundidades del sonido con nuestra Flauta de Bajo, perfectamente afinada en la tonalidad de Re. Esta flauta destaca por su voz profunda y resonante, aportando un car\u00e1cter \u00fanico y profundo a tus expresiones musicales.<\/span><\/span><\/p>\n<p><strong><span style=\"font-family: Oswald, sans-serif;\"><span style=\"font-size: medium;\">Caracter\u00edsticas principales:<\/span><\/span><\/strong><\/p>\n<ul>\n<li><strong><span style=\"font-family: Oswald, sans-serif;\"><span style=\"font-size: medium;\">Calidad tonal:<\/span><\/span><\/strong><span style=\"font-family: Oswald, sans-serif;\"><span style=\"font-size: medium;\"> La Flauta Bajo es conocida por su voz profunda y grave, ofreciendo una paleta sonora rica.<\/span><\/span><\/li>\n<li><strong><span style=\"font-family: Oswald, sans-serif;\"><span style=\"font-size: medium;\">Dise\u00f1o de orificios para los dedos:<\/span><\/span><\/strong><span style=\"font-family: Oswald, sans-serif;\"><span style=\"font-size: medium;\"> Elaborada con orificios para los dedos de 9-10 mm de ancho, espaciados m\u00e1s ampliamente que los de nuestras flautas de rango medio y alto, ideal para una colocaci\u00f3n completa y c\u00f3moda de las manos.<\/span><\/span><\/li>\n<li><strong><span style=\"font-family: Oswald, sans-serif;\"><span style=\"font-size: medium;\">Dimensiones:<\/span><\/span><\/strong><span style=\"font-family: Oswald, sans-serif;\"><span style=\"font-size: medium;\"> La flauta mide 62 cm de longitud y 35 mm de ancho, logrando un equilibrio entre tama\u00f1o y facilidad de ejecuci\u00f3n.<\/span><\/span><\/li>\n<li><strong><span style=\"font-family: Oswald, sans-serif;\"><span style=\"font-size: medium;\">Grabado: <\/span><\/span><\/strong><span style=\"font-family: Oswald, sans-serif;\"><span style=\"font-size: medium;\">Adornada con un intrincado grabado inspirado en las fases de la luna, a\u00f1adiendo un elemento de belleza celestial.<\/span><\/span><\/li>\n<li><strong><span style=\"font-family: Oswald, sans-serif;\"><span style=\"font-size: medium;\">Material y Acabado:<\/span><\/span><\/strong><span style=\"font-family: Oswald, sans-serif;\"><span style=\"font-size: medium;\"> Elaborada meticulosamente con madera de arce y te\u00f1ida con nuestra tinta casera de nogal, luego sellada con aceite de grado alimenticio para realzar y proteger la elegancia natural de la madera.<\/span><\/span><\/li>\n<li><strong><span style=\"font-family: Oswald, sans-serif;\"><span style=\"font-size: medium;\">Accesorios:<\/span><\/span><\/strong><span style=\"font-family: Oswald, sans-serif;\"><span style=\"font-size: medium;\"> Viene con una sencilla bolsa de tela y un recipiente de nuestro aceite de cuidado para flautas, garantizando la longevidad y el estado impecable de tu flauta.<\/span><\/span><\/li>\n<li><strong><span style=\"font-family: Oswald, sans-serif;\"><span style=\"font-size: medium;\">Opciones de afinaci\u00f3n:<\/span><\/span><\/strong><span style=\"font-family: Oswald, sans-serif;\"><span style=\"font-size: medium;\">  Disponible en la afinaci\u00f3n est\u00e1ndar de 440 Hz, con una afinaci\u00f3n opcional en 432 Hz. Tambi\u00e9n se puede solicitar una sintonizaci\u00f3n personalizada en 528 Hz. <\/span><\/span><\/li>\n<\/ul>\n<hr>\n<p><strong><span style=\"font-family: Oswald, sans-serif;\"><span style=\"font-size: medium;\">Por favor, tenga en cuenta:<\/span><\/span><\/strong><\/p>\n<ul>\n<li><span style=\"font-family: Oswald, sans-serif;\"><span style=\"font-size: medium;\">Las im\u00e1genes utilizadas son ilustrativas. La madera, al tratarse de un material natural, implica que cada flauta presentar\u00e1 variaciones \u00fanicas en forma, color y veteado, asegurando as\u00ed que tu flauta sea exclusivamente tuya. <\/span><\/span><\/li>\n<\/ul>\n<hr>\n<p><span style=\"font-family: Oswald, sans-serif;\"><span style=\"font-size: medium;\">Ya sea para un flautista experimentado o un apasionado reci\u00e9n llegado, nuestra Flauta Bajo AMA en tono de Re es una elecci\u00f3n perfecta, fusionando cualidades ac\u00fasticas profundas con una artesan\u00eda y dise\u00f1o exquisitos.<\/span><\/span><\/p>\n<hr>\n<p><span style=\"font-family: Oswald, sans-serif;\"><span style=\"font-size: medium;\">Cada una de nuestras flautas es una <b>obra maestra de artesan\u00eda<\/b>, meticulosamente elaborada a mano para satisfacer los <b>m\u00e1s altos est\u00e1ndares<\/b> de calidad y excelencia musical. Ten en cuenta que la creaci\u00f3n de tu flauta AMA tarda aproximadamente<b> entre 21 y 28 d\u00edas en completarse<\/b>. Este tiempo nos permite asegurarnos de que cada aspecto de tu flauta est\u00e1 perfeccionado, dando como resultado un instrumento que realmente resuena con tu esp\u00edritu musical.  <\/span><\/span><\/p>\n<p>Agradecemos tu comprensi\u00f3n y paciencia durante este proceso de fabricaci\u00f3n. La espera forma parte del viaje, y estamos seguros de que la hermosa m\u00fasica que crear\u00e1s con tu flauta merecer\u00e1 la pena. Disfruta de una experiencia musical tan \u00fanica y especial como la propia flauta.  <\/p>\n<p>Para los clientes de fuera de la UE, ten en cuenta que pueden aplicarse tasas aduaneras en el momento de la entrega. Estas tasas las determinan las autoridades aduaneras locales y son responsabilidad del destinatario. <\/p>\n<\/div>\n<\/div>\n<\/div>\n<\/div>\n","protected":false},"excerpt":{"rendered":"<p>Descubre los tonos ricos y profundos de nuestra flauta AMA de bajo en tonalidad de Re. Sum\u00e9rgete en las profundidades del sonido con nuestra Flauta de Bajo, perfectamente afinada en la tonalidad de Re. Esta flauta destaca por su voz profunda y resonante, aportando un car\u00e1cter \u00fanico y profundo a tus expresiones musicales. Caracter\u00edsticas principales: [&hellip;]<\/p>\n","protected":false},"featured_media":4035,"template":"","meta":{"site-sidebar-layout":"no-sidebar","site-content-layout":"plain-container","ast-site-content-layout":"normal-width-container","site-content-style":"unboxed","site-sidebar-style":"unboxed","ast-global-header-display":"","ast-banner-title-visibility":"","ast-main-header-display":"","ast-hfb-above-header-display":"","ast-hfb-below-header-display":"","ast-hfb-mobile-header-display":"","site-post-title":"disabled","ast-breadcrumbs-content":"","ast-featured-img":"disabled","footer-sml-layout":"","ast-disable-related-posts":"","theme-transparent-header-meta":"default","adv-header-id-meta":"","stick-header-meta":"default","header-above-stick-meta":"","header-main-stick-meta":"","header-below-stick-meta":"","astra-migrate-meta-layouts":"default","ast-page-background-enabled":"default","ast-page-background-meta":{"desktop":{"background-color":"var(--ast-global-color-4)","background-image":"","background-repeat":"repeat","background-position":"center center","background-size":"auto","background-attachment":"scroll","background-type":"","background-media":"","overlay-type":"","overlay-color":"","overlay-opacity":"","overlay-gradient":""},"tablet":{"background-color":"","background-image":"","background-repeat":"repeat","background-position":"center center","background-size":"auto","background-attachment":"scroll","background-type":"","background-media":"","overlay-type":"","overlay-color":"","overlay-opacity":"","overlay-gradient":""},"mobile":{"background-color":"","background-image":"","background-repeat":"repeat","background-position":"center center","background-size":"auto","background-attachment":"scroll","background-type":"","background-media":"","overlay-type":"","overlay-color":"","overlay-opacity":"","overlay-gradient":""}},"ast-content-background-meta":{"desktop":{"background-color":"var(--ast-global-color-5)","background-image":"","background-repeat":"repeat","background-position":"center center","background-size":"auto","background-attachment":"scroll","background-type":"","background-media":"","overlay-type":"","overlay-color":"","overlay-opacity":"","overlay-gradient":""},"tablet":{"background-color":"var(--ast-global-color-5)","background-image":"","background-repeat":"repeat","background-position":"center center","background-size":"auto","background-attachment":"scroll","background-type":"","background-media":"","overlay-type":"","overlay-color":"","overlay-opacity":"","overlay-gradient":""},"mobile":{"background-color":"var(--ast-global-color-5)","background-image":"","background-repeat":"repeat","background-position":"center center","background-size":"auto","background-attachment":"scroll","background-type":"","background-media":"","overlay-type":"","overlay-color":"","overlay-opacity":"","overlay-gradient":""}}},"product_brand":[],"product_cat":[137],"product_tag":[],"class_list":{"0":"post-4010","1":"product","2":"type-product","3":"status-publish","4":"has-post-thumbnail","6":"product_cat-flautas","7":"desktop-align-center","8":"tablet-align-left","9":"mobile-align-left","11":"first","12":"instock","13":"taxable","14":"shipping-taxable","15":"purchasable","16":"product-type-variable","17":"has-default-attributes"},"_links":{"self":[{"href":"https:\/\/amaflutes.com\/es\/wp-json\/wp\/v2\/product\/4010","targetHints":{"allow":["GET"]}}],"collection":[{"href":"https:\/\/amaflutes.com\/es\/wp-json\/wp\/v2\/product"}],"about":[{"href":"https:\/\/amaflutes.com\/es\/wp-json\/wp\/v2\/types\/product"}],"version-history":[{"count":4,"href":"https:\/\/amaflutes.com\/es\/wp-json\/wp\/v2\/product\/4010\/revisions"}],"predecessor-version":[{"id":6219,"href":"https:\/\/amaflutes.com\/es\/wp-json\/wp\/v2\/product\/4010\/revisions\/6219"}],"wp:featuredmedia":[{"embeddable":true,"href":"https:\/\/amaflutes.com\/es\/wp-json\/wp\/v2\/media\/4035"}],"wp:attachment":[{"href":"https:\/\/amaflutes.com\/es\/wp-json\/wp\/v2\/media?parent=4010"}],"wp:term":[{"taxonomy":"product_brand","embeddable":true,"href":"https:\/\/amaflutes.com\/es\/wp-json\/wp\/v2\/product_brand?post=4010"},{"taxonomy":"product_cat","embeddable":true,"href":"https:\/\/amaflutes.com\/es\/wp-json\/wp\/v2\/product_cat?post=4010"},{"taxonomy":"product_tag","embeddable":true,"href":"https:\/\/amaflutes.com\/es\/wp-json\/wp\/v2\/product_tag?post=4010"}],"curies":[{"name":"wp","href":"https:\/\/api.w.org\/{rel}","templated":true}]}}