{"id":4053,"date":"2023-08-13T11:38:23","date_gmt":"2023-08-13T09:38:23","guid":{"rendered":"https:\/\/amaflutes.de\/shop\/sin%20categor\u00eda\/droneflute-clave-de-fa\/"},"modified":"2026-02-15T20:27:28","modified_gmt":"2026-02-15T19:27:28","slug":"flauta-bordon-clave-de-fa","status":"publish","type":"product","link":"https:\/\/amaflutes.com\/es\/shop\/flautas\/flauta-bordon-clave-de-fa\/","title":{"rendered":"Flauta bord\u00f3n &#8211; Clave de Fa#"},"content":{"rendered":"<div style=\"max-width: 800px; margin: 0 auto;\">\n<div style=\"position: relative; width: 100%; padding-top: 56.25%;\"><iframe style=\"position: absolute; top: 0; left: 0; width: 100%; height: 100%; border: 0;\" title=\"AMA Flutes \u2013 Flauta de bord\u00f3n bajo en Fa# | Dise\u00f1o de doble bloque&lt;br&gt;AMA Flutes \u2013 Bass Drone Flute in F# | Dual Block Design\" data-src=\"https:\/\/www.youtube-nocookie.com\/embed\/Xd0rF_Yu8EE?rel=0&amp;modestbranding=1&amp;playsinline=1\" allowfullscreen=\"allowfullscreen\" src=\"data:image\/svg+xml;base64,PHN2ZyB3aWR0aD0iMSIgaGVpZ2h0PSIxIiB4bWxucz0iaHR0cDovL3d3dy53My5vcmcvMjAwMC9zdmciPjwvc3ZnPg==\" class=\"lazyload\" data-load-mode=\"1\"><br \/>\n<\/iframe><\/div>\n<\/div>\n<p><strong><span style=\"font-family: Oswald, sans-serif;\"><span style=\"font-size: medium;\">Explore la elegancia relajante de nuestra Flauta Doble en Fa sostenido<\/span><\/span><\/strong><\/p>\n<p><span style=\"font-family: Oswald, sans-serif;\"><span style=\"font-size: medium;\">Ad\u00e9ntrate en un mundo de melod\u00edas serenas con nuestra Flauta Doble en F#. Este instrumento de rango medio no es solo una herramienta musical, sino una puerta de entrada a una experiencia auditiva relajante y encantadora.<\/span><\/span><\/p>\n<p><strong><span style=\"font-family: Oswald, sans-serif;\"><span style=\"font-size: medium;\">Caracter\u00edsticas principales:<\/span><\/span><\/strong><\/p>\n<ul>\n<li><strong><span style=\"font-family: Oswald, sans-serif;\"><span style=\"font-size: medium;\">Gama tonal:<\/span><\/span><\/strong><span style=\"font-family: Oswald, sans-serif;\"><span style=\"font-size: medium;\"> F#, ofreciendo una voz c\u00e1lida y tranquilizadora, perfecta para una experiencia musical relajante y enraizadora.<\/span><\/span><\/li>\n<li><strong><span style=\"font-family: Oswald, sans-serif;\"><span style=\"font-size: medium;\">Dise\u00f1o de flauta doble:<\/span><\/span><\/strong><span style=\"font-family: Oswald, sans-serif;\"><span style=\"font-size: medium;\"> Se destaca con un hipnotizante dron, parecido a un cuento de hadas, que realza tu m\u00fasica.<\/span><\/span><\/li>\n<li><strong><span style=\"font-family: Oswald, sans-serif;\"><span style=\"font-size: medium;\">Agujeros para los dedos:<\/span><\/span><\/strong><span style=\"font-family: Oswald, sans-serif;\"><span style=\"font-size: medium;\"> Con un di\u00e1metro de aproximadamente 8 mm, ligeramente m\u00e1s separados que los de nuestras flautas de alta gama, pero c\u00f3modamente accesibles para manos de tama\u00f1o mediano.<\/span><\/span><\/li>\n<li><strong><span style=\"font-family: Oswald, sans-serif;\"><span style=\"font-size: medium;\">Artesan\u00eda:<\/span><\/span><\/strong><span style=\"font-family: Oswald, sans-serif;\"><span style=\"font-size: medium;\"> Grabado con un dise\u00f1o sagrado de atrapasue\u00f1os, h\u00e1bilmente elaborado con madera de arce.<\/span><\/span><\/li>\n<li><strong><span style=\"font-family: Oswald, sans-serif;\"><span style=\"font-size: medium;\">Acabado:<\/span><\/span><\/strong><span style=\"font-family: Oswald, sans-serif;\"><span style=\"font-size: medium;\"> Armoniosamente te\u00f1ida con nuestra tintura casera de nogal org\u00e1nico y sellada con aceites de grado alimentario para preservar tanto la est\u00e9tica como la calidad sonora de la flauta.<\/span><\/span><\/li>\n<li><strong><span style=\"font-family: Oswald, sans-serif;\"><span style=\"font-size: medium;\">Talla:<\/span><\/span><\/strong><span style=\"font-family: Oswald, sans-serif;\"><span style=\"font-size: medium;\"> Mide 52 cm de longitud, ideal para un manejo y una capacidad de juego f\u00e1ciles.<\/span><\/span><\/li>\n<li><strong><span style=\"font-family: Oswald, sans-serif;\"><span style=\"font-size: medium;\">Accesorios:<\/span><\/span><\/strong><span style=\"font-family: Oswald, sans-serif;\"><span style=\"font-size: medium;\"> Acompa\u00f1ado de una pr\u00e1ctica bolsa de tela y un envase de nuestro aceite especial para flautas, dise\u00f1ado para un mantenimiento continuo.<\/span><\/span><\/li>\n<li><strong><span style=\"font-family: Oswald, sans-serif;\"><span style=\"font-size: medium;\">Variantes de afinaci\u00f3n:<\/span><\/span><\/strong><span style=\"font-family: Oswald, sans-serif;\"><span style=\"font-size: medium;\"> Afinaci\u00f3n est\u00e1ndar a 440Hz, con opciones de 432Hz para un tono m\u00e1s profundo, y afinaci\u00f3n personalizada a 528Hz disponible bajo pedido para satisfacer sus necesidades musicales espec\u00edficas.<\/span><\/span><\/li>\n<\/ul>\n<p><em data-start=\"3598\" data-end=\"3720\">Nota: Debido a la normativa vigente de la FDA, el aceite para el cuidado de las flautas no puede incluirse en los pedidos enviados a Estados Unidos.<\/em><\/p>\n<p>&nbsp;<\/p>\n<hr \/>\n<p><strong><span style=\"font-family: Oswald, sans-serif;\"><span style=\"font-size: medium;\">Por favor, tenga en cuenta<\/span><\/span><\/strong><\/p>\n<p><span style=\"font-family: Oswald, sans-serif;\"><span style=\"font-size: medium;\">Ten en cuenta que las im\u00e1genes mostradas son ejemplos. Debido a que la madera es un material natural, es de esperar que haya variaciones en la forma, el color y las vetas, lo que hace que cada flauta sea \u00fanica. <\/span><\/span><\/p>\n<hr \/>\n<p><span style=\"font-family: Oswald, sans-serif;\"><span style=\"font-size: medium;\">Abraza la combinaci\u00f3n \u00fanica de calidez, artesan\u00eda y riqueza arm\u00f3nica con nuestra Flauta Doble en F#, un testimonio del poder encantador de la m\u00fasica.<\/span><\/span><\/p>\n<hr \/>\n<p><span style=\"font-family: Oswald, sans-serif;\"><span style=\"font-size: medium;\">Cada una de nuestras flautas es una <b>obra maestra de artesan\u00eda<\/b>, meticulosamente elaborada a mano para satisfacer los <b>m\u00e1s altos est\u00e1ndares<\/b> de calidad y excelencia musical. Ten en cuenta que la creaci\u00f3n de tu flauta AMA tarda aproximadamente<b> entre 21 y 28 d\u00edas en completarse<\/b>. Este tiempo nos permite asegurarnos de que cada aspecto de tu flauta est\u00e1 perfeccionado, dando como resultado un instrumento que realmente resuena con tu esp\u00edritu musical. <\/span><\/span><\/p>\n<p>Agradecemos tu comprensi\u00f3n y paciencia durante este proceso de fabricaci\u00f3n. La espera forma parte del viaje, y estamos seguros de que la hermosa m\u00fasica que crear\u00e1s con tu flauta merecer\u00e1 la pena. Disfruta de una experiencia musical tan \u00fanica y especial como la propia flauta.<\/p>\n<p>Para los clientes de fuera de la UE, ten en cuenta que pueden aplicarse tasas aduaneras en el momento de la entrega. Estas tasas las determinan las autoridades aduaneras locales y son responsabilidad del destinatario.<\/p>\n<p>&nbsp;<\/p>\n","protected":false},"excerpt":{"rendered":"<p>Explore la elegancia relajante de nuestra Flauta Doble en Fa sostenido Ad\u00e9ntrate en un mundo de melod\u00edas serenas con nuestra Flauta Doble en F#. Este instrumento de rango medio no es solo una herramienta musical, sino una puerta de entrada a una experiencia auditiva relajante y encantadora. Caracter\u00edsticas principales: Gama tonal: F#, ofreciendo una voz [&hellip;]<\/p>\n","protected":false},"featured_media":6809,"template":"","meta":{"site-sidebar-layout":"no-sidebar","site-content-layout":"plain-container","ast-site-content-layout":"normal-width-container","site-content-style":"unboxed","site-sidebar-style":"unboxed","ast-global-header-display":"","ast-banner-title-visibility":"","ast-main-header-display":"","ast-hfb-above-header-display":"","ast-hfb-below-header-display":"","ast-hfb-mobile-header-display":"","site-post-title":"disabled","ast-breadcrumbs-content":"","ast-featured-img":"disabled","footer-sml-layout":"","ast-disable-related-posts":"","theme-transparent-header-meta":"default","adv-header-id-meta":"","stick-header-meta":"default","header-above-stick-meta":"","header-main-stick-meta":"","header-below-stick-meta":"","astra-migrate-meta-layouts":"set","ast-page-background-enabled":"default","ast-page-background-meta":{"desktop":{"background-color":"var(--ast-global-color-4)","background-image":"","background-repeat":"repeat","background-position":"center center","background-size":"auto","background-attachment":"scroll","background-type":"","background-media":"","overlay-type":"","overlay-color":"","overlay-opacity":"","overlay-gradient":""},"tablet":{"background-color":"","background-image":"","background-repeat":"repeat","background-position":"center center","background-size":"auto","background-attachment":"scroll","background-type":"","background-media":"","overlay-type":"","overlay-color":"","overlay-opacity":"","overlay-gradient":""},"mobile":{"background-color":"","background-image":"","background-repeat":"repeat","background-position":"center center","background-size":"auto","background-attachment":"scroll","background-type":"","background-media":"","overlay-type":"","overlay-color":"","overlay-opacity":"","overlay-gradient":""}},"ast-content-background-meta":{"desktop":{"background-color":"var(--ast-global-color-5)","background-image":"","background-repeat":"repeat","background-position":"center center","background-size":"auto","background-attachment":"scroll","background-type":"","background-media":"","overlay-type":"","overlay-color":"","overlay-opacity":"","overlay-gradient":""},"tablet":{"background-color":"var(--ast-global-color-5)","background-image":"","background-repeat":"repeat","background-position":"center center","background-size":"auto","background-attachment":"scroll","background-type":"","background-media":"","overlay-type":"","overlay-color":"","overlay-opacity":"","overlay-gradient":""},"mobile":{"background-color":"var(--ast-global-color-5)","background-image":"","background-repeat":"repeat","background-position":"center center","background-size":"auto","background-attachment":"scroll","background-type":"","background-media":"","overlay-type":"","overlay-color":"","overlay-opacity":"","overlay-gradient":""}}},"product_brand":[],"product_cat":[137],"product_tag":[],"class_list":{"0":"post-4053","1":"product","2":"type-product","3":"status-publish","4":"has-post-thumbnail","6":"product_cat-flautas","7":"desktop-align-center","8":"tablet-align-left","9":"mobile-align-left","11":"first","12":"instock","13":"taxable","14":"shipping-taxable","15":"purchasable","16":"product-type-variable","17":"has-default-attributes"},"_links":{"self":[{"href":"https:\/\/amaflutes.com\/es\/wp-json\/wp\/v2\/product\/4053","targetHints":{"allow":["GET"]}}],"collection":[{"href":"https:\/\/amaflutes.com\/es\/wp-json\/wp\/v2\/product"}],"about":[{"href":"https:\/\/amaflutes.com\/es\/wp-json\/wp\/v2\/types\/product"}],"version-history":[{"count":7,"href":"https:\/\/amaflutes.com\/es\/wp-json\/wp\/v2\/product\/4053\/revisions"}],"predecessor-version":[{"id":6870,"href":"https:\/\/amaflutes.com\/es\/wp-json\/wp\/v2\/product\/4053\/revisions\/6870"}],"wp:featuredmedia":[{"embeddable":true,"href":"https:\/\/amaflutes.com\/es\/wp-json\/wp\/v2\/media\/6809"}],"wp:attachment":[{"href":"https:\/\/amaflutes.com\/es\/wp-json\/wp\/v2\/media?parent=4053"}],"wp:term":[{"taxonomy":"product_brand","embeddable":true,"href":"https:\/\/amaflutes.com\/es\/wp-json\/wp\/v2\/product_brand?post=4053"},{"taxonomy":"product_cat","embeddable":true,"href":"https:\/\/amaflutes.com\/es\/wp-json\/wp\/v2\/product_cat?post=4053"},{"taxonomy":"product_tag","embeddable":true,"href":"https:\/\/amaflutes.com\/es\/wp-json\/wp\/v2\/product_tag?post=4053"}],"curies":[{"name":"wp","href":"https:\/\/api.w.org\/{rel}","templated":true}]}}