{"id":4065,"date":"2023-04-08T14:22:46","date_gmt":"2023-04-08T12:22:46","guid":{"rendered":"https:\/\/amaflutes.de\/shop\/sin%20categor\u00eda\/flauta-bordon-baja-tonalidad-de-re\/"},"modified":"2026-02-09T05:48:37","modified_gmt":"2026-02-09T04:48:37","slug":"flauta-bordon-baja-tonalidad-de-re","status":"publish","type":"product","link":"https:\/\/amaflutes.com\/es\/shop\/flautas\/flauta-bordon-baja-tonalidad-de-re\/","title":{"rendered":"Flauta bord\u00f3n baja &#8211; tonalidad de Re"},"content":{"rendered":"<div style=\"max-width: 800px; margin: 0 auto;\">\n<div style=\"position: relative; width: 100%; padding-top: 56.25%;\"><iframe style=\"position: absolute; top: 0; left: 0; width: 100%; height: 100%; border: 0;\" title=\"AMA Flutes \u2013 Flauta de bord\u00f3n en Re (432 Hz) con dise\u00f1o de bloque dividido\" data-src=\"https:\/\/www.youtube-nocookie.com\/embed\/KjEuoeBurIA?rel=0&amp;modestbranding=1&amp;playsinline=1\" allowfullscreen=\"allowfullscreen\" src=\"data:image\/svg+xml;base64,PHN2ZyB3aWR0aD0iMSIgaGVpZ2h0PSIxIiB4bWxucz0iaHR0cDovL3d3dy53My5vcmcvMjAwMC9zdmciPjwvc3ZnPg==\" class=\"lazyload\" data-load-mode=\"1\"><br \/>\n<\/iframe><\/div>\n<\/div>\n<p data-start=\"432\" data-end=\"804\"><strong data-start=\"432\" data-end=\"644\">Experimenta paisajes sonoros profundos y meditativos con nuestra Flauta Drone Baja de Estilo Nativo Americano en la tonalidad de Re: un instrumento que trasciende la mera creaci\u00f3n musical y se convierte en un compa\u00f1ero espiritual en tu viaje.<\/strong> Fabricada con la mejor madera de arce y adornada con un grabado de luna sagrada, esta flauta no s\u00f3lo suena divina, sino que resuena con la m\u00fasica del cosmos.<\/p>\n<hr data-start=\"806\" data-end=\"809\">\n<h3 data-start=\"811\" data-end=\"860\"><strong data-start=\"815\" data-end=\"858\">Aspectos destacados de nuestra flauta de bajos con bord\u00f3n:<\/strong><\/h3>\n<ul data-start=\"862\" data-end=\"1850\">\n<li data-start=\"862\" data-end=\"948\">\n<p data-start=\"864\" data-end=\"948\"><strong data-start=\"864\" data-end=\"877\">Material:<\/strong> Madera de arce de primera calidad, elegida por sus cualidades ac\u00fasticas y est\u00e9ticas.<\/p>\n<\/li>\n<li data-start=\"949\" data-end=\"1065\">\n<p data-start=\"951\" data-end=\"1065\"><strong data-start=\"951\" data-end=\"965\">Grabado:<\/strong> Presenta un dise\u00f1o de luna sagrada, que refleja la conexi\u00f3n de la flauta con la tranquilidad y el universo.<\/p>\n<\/li>\n<li data-start=\"1066\" data-end=\"1151\">\n<p data-start=\"1068\" data-end=\"1151\"><strong data-start=\"1068\" data-end=\"1078\">Sonido:<\/strong> Ofrece una voz de bajo enraizada que enriquece tu expresi\u00f3n musical.<\/p>\n<\/li>\n<li data-start=\"1152\" data-end=\"1293\">\n<p data-start=\"1154\" data-end=\"1293\"><strong data-start=\"1154\" data-end=\"1176\">Dise\u00f1o de los agujeros de los dedos:<\/strong> Los agujeros de los dedos tienen unos <strong data-start=\"1199\" data-end=\"1214\">7-9 mm de ancho<\/strong>, espaciados para un juego a manos llenas que puede suponer un reto para los que tienen manos m\u00e1s peque\u00f1as.<\/p>\n<\/li>\n<li data-start=\"1294\" data-end=\"1403\">\n<p data-start=\"1296\" data-end=\"1403\"><strong data-start=\"1296\" data-end=\"1305\">Tama\u00f1o:<\/strong> <strong data-start=\"1306\" data-end=\"1322\">66 cm de longitud<\/strong> &#8211; nuestra flauta m\u00e1s larga hasta la fecha, que ofrece una resonancia profunda y una presencia enraizada.<\/p>\n<\/li>\n<li data-start=\"1404\" data-end=\"1532\">\n<p data-start=\"1406\" data-end=\"1532\"><strong data-start=\"1406\" data-end=\"1417\">Acabado:<\/strong> Tratado con nuestro tinte casero de nogal y sellado con aceites de uso alimentario para proteger y resaltar la veta de la madera.<\/p>\n<\/li>\n<li data-start=\"1533\" data-end=\"1650\">\n<p data-start=\"1535\" data-end=\"1650\"><strong data-start=\"1535\" data-end=\"1560\">Tiempo de elaboraci\u00f3n a medida:<\/strong> Hecho a medida por encargo con un periodo de elaboraci\u00f3n de <strong data-start=\"1608\" data-end=\"1621\">4 a 6 semanas<\/strong>, seg\u00fan nuestra cola de pedidos.<\/p>\n<\/li>\n<li data-start=\"1651\" data-end=\"1736\">\n<p data-start=\"1653\" data-end=\"1736\"><strong data-start=\"1653\" data-end=\"1675\">Variaciones de sintonizaci\u00f3n:<\/strong> Elige entre frecuencias de <strong data-start=\"1688\" data-end=\"1706\">440 Hz, 432 Hz<\/strong> o <strong data-start=\"1711\" data-end=\"1721\">528 Hz<\/strong>.<\/p>\n<\/li>\n<li data-start=\"1737\" data-end=\"1850\">\n<p data-start=\"1739\" data-end=\"1850\"><strong data-start=\"1739\" data-end=\"1759\">Extras incluidos:<\/strong> Viene con una bolsa de tela para guardarla y nuestro aceite especial para el cuidado de la flauta, para mantenerla en buen estado.<\/p>\n<\/li>\n<\/ul>\n<p><em data-start=\"3598\" data-end=\"3720\">Nota: Debido a la normativa vigente de la FDA, el aceite para el cuidado de las flautas no puede incluirse en los pedidos enviados a Estados Unidos.<\/em><\/p>\n<hr data-start=\"1852\" data-end=\"1855\">\n<h3 data-start=\"1857\" data-end=\"1879\"><strong data-start=\"1861\" data-end=\"1877\">Por favor, tenga en cuenta:<\/strong><\/h3>\n<p data-start=\"1881\" data-end=\"2027\">Las im\u00e1genes proporcionadas son ilustrativas. Dadas las variaciones naturales de la madera, cada flauta que creamos es tan distintiva como el propietario al que servir\u00e1. <\/p>\n<p data-start=\"2029\" data-end=\"2344\">Esta <strong data-start=\"2034\" data-end=\"2054\">flauta baja Drone<\/strong> es m\u00e1s que un instrumento: es un viaje a las profundidades del sonido, un ritual en cada nota y un tributo a la artesan\u00eda tradicional infundida con el esp\u00edritu de innovaci\u00f3n por el que se conoce a AMA Flutes. Agrega esta extraordinaria pieza a tu colecci\u00f3n y permite que la m\u00fasica hable a tu alma.<\/p>\n<hr data-start=\"2346\" data-end=\"2349\">\n<h3 data-start=\"2351\" data-end=\"2407\"><strong data-start=\"2355\" data-end=\"2405\">Aviso de env\u00edo para no comunitarios:<\/strong><\/h3>\n<p data-start=\"2409\" data-end=\"2575\">Ten en cuenta que pueden aplicarse gastos de aduana en el momento de la entrega. Estos gastos los determinan las autoridades aduaneras locales y son responsabilidad del destinatario. <\/p>\n","protected":false},"excerpt":{"rendered":"<p>Experimenta paisajes sonoros profundos y meditativos con nuestra Flauta Drone Baja de Estilo Nativo Americano en la tonalidad de Re: un instrumento que trasciende la mera creaci\u00f3n musical y se convierte en un compa\u00f1ero espiritual en tu viaje. Fabricada con la mejor madera de arce y adornada con un grabado de luna sagrada, esta flauta [&hellip;]<\/p>\n","protected":false},"featured_media":6714,"template":"","meta":{"site-sidebar-layout":"no-sidebar","site-content-layout":"plain-container","ast-site-content-layout":"normal-width-container","site-content-style":"unboxed","site-sidebar-style":"unboxed","ast-global-header-display":"","ast-banner-title-visibility":"","ast-main-header-display":"","ast-hfb-above-header-display":"","ast-hfb-below-header-display":"","ast-hfb-mobile-header-display":"","site-post-title":"disabled","ast-breadcrumbs-content":"","ast-featured-img":"disabled","footer-sml-layout":"","ast-disable-related-posts":"","theme-transparent-header-meta":"default","adv-header-id-meta":"","stick-header-meta":"default","header-above-stick-meta":"","header-main-stick-meta":"","header-below-stick-meta":"","astra-migrate-meta-layouts":"default","ast-page-background-enabled":"default","ast-page-background-meta":{"desktop":{"background-color":"var(--ast-global-color-4)","background-image":"","background-repeat":"repeat","background-position":"center center","background-size":"auto","background-attachment":"scroll","background-type":"","background-media":"","overlay-type":"","overlay-color":"","overlay-opacity":"","overlay-gradient":""},"tablet":{"background-color":"","background-image":"","background-repeat":"repeat","background-position":"center center","background-size":"auto","background-attachment":"scroll","background-type":"","background-media":"","overlay-type":"","overlay-color":"","overlay-opacity":"","overlay-gradient":""},"mobile":{"background-color":"","background-image":"","background-repeat":"repeat","background-position":"center center","background-size":"auto","background-attachment":"scroll","background-type":"","background-media":"","overlay-type":"","overlay-color":"","overlay-opacity":"","overlay-gradient":""}},"ast-content-background-meta":{"desktop":{"background-color":"var(--ast-global-color-5)","background-image":"","background-repeat":"repeat","background-position":"center center","background-size":"auto","background-attachment":"scroll","background-type":"","background-media":"","overlay-type":"","overlay-color":"","overlay-opacity":"","overlay-gradient":""},"tablet":{"background-color":"var(--ast-global-color-5)","background-image":"","background-repeat":"repeat","background-position":"center center","background-size":"auto","background-attachment":"scroll","background-type":"","background-media":"","overlay-type":"","overlay-color":"","overlay-opacity":"","overlay-gradient":""},"mobile":{"background-color":"var(--ast-global-color-5)","background-image":"","background-repeat":"repeat","background-position":"center center","background-size":"auto","background-attachment":"scroll","background-type":"","background-media":"","overlay-type":"","overlay-color":"","overlay-opacity":"","overlay-gradient":""}}},"product_brand":[],"product_cat":[137],"product_tag":[],"class_list":{"0":"post-4065","1":"product","2":"type-product","3":"status-publish","4":"has-post-thumbnail","6":"product_cat-flautas","7":"desktop-align-center","8":"tablet-align-left","9":"mobile-align-left","11":"first","12":"instock","13":"taxable","14":"shipping-taxable","15":"purchasable","16":"product-type-variable","17":"has-default-attributes"},"_links":{"self":[{"href":"https:\/\/amaflutes.com\/es\/wp-json\/wp\/v2\/product\/4065","targetHints":{"allow":["GET"]}}],"collection":[{"href":"https:\/\/amaflutes.com\/es\/wp-json\/wp\/v2\/product"}],"about":[{"href":"https:\/\/amaflutes.com\/es\/wp-json\/wp\/v2\/types\/product"}],"version-history":[{"count":5,"href":"https:\/\/amaflutes.com\/es\/wp-json\/wp\/v2\/product\/4065\/revisions"}],"predecessor-version":[{"id":6727,"href":"https:\/\/amaflutes.com\/es\/wp-json\/wp\/v2\/product\/4065\/revisions\/6727"}],"wp:featuredmedia":[{"embeddable":true,"href":"https:\/\/amaflutes.com\/es\/wp-json\/wp\/v2\/media\/6714"}],"wp:attachment":[{"href":"https:\/\/amaflutes.com\/es\/wp-json\/wp\/v2\/media?parent=4065"}],"wp:term":[{"taxonomy":"product_brand","embeddable":true,"href":"https:\/\/amaflutes.com\/es\/wp-json\/wp\/v2\/product_brand?post=4065"},{"taxonomy":"product_cat","embeddable":true,"href":"https:\/\/amaflutes.com\/es\/wp-json\/wp\/v2\/product_cat?post=4065"},{"taxonomy":"product_tag","embeddable":true,"href":"https:\/\/amaflutes.com\/es\/wp-json\/wp\/v2\/product_tag?post=4065"}],"curies":[{"name":"wp","href":"https:\/\/api.w.org\/{rel}","templated":true}]}}