{"id":6398,"date":"2025-12-15T09:38:18","date_gmt":"2025-12-15T08:38:18","guid":{"rendered":"https:\/\/amaflutes.com\/?post_type=product&#038;p=6398"},"modified":"2026-01-16T16:00:48","modified_gmt":"2026-01-16T15:00:48","slug":"flauta-sencilla-tonalidad-de-fa-copy","status":"publish","type":"product","link":"https:\/\/amaflutes.com\/es\/shop\/flautas\/flauta-sencilla-tonalidad-de-fa-copy\/","title":{"rendered":"Flauta baja estilo nativo americano en Do# (432 Hz) | AMA Flutes"},"content":{"rendered":"<div style=\"max-width: 360px; margin: 0 auto;\"><iframe title=\"Flautas AMA - Flauta baja monocamerales en Do# (432 Hz)\" data-src=\"https:\/\/www.youtube-nocookie.com\/embed\/Ns9XteXwd0M?rel=0&amp;modestbranding=1\" width=\"360\" height=\"640\" frameborder=\"0\" allowfullscreen=\"allowfullscreen\" src=\"data:image\/svg+xml;base64,PHN2ZyB3aWR0aD0iMSIgaGVpZ2h0PSIxIiB4bWxucz0iaHR0cDovL3d3dy53My5vcmcvMjAwMC9zdmciPjwvc3ZnPg==\" class=\"lazyload\" data-load-mode=\"1\"><br \/>\n<\/iframe><\/div>\n<h2 data-start=\"215\" data-end=\"293\"><\/h2>\n<p data-start=\"295\" data-end=\"616\">Esta<strong data-start=\"300\" data-end=\"346\"> flauta bajo en la tonalidad de Do<\/strong>#, afinada exclusivamente a <strong data-start=\"369\" data-end=\"379\">432 Hz<\/strong>, lleva una voz que es a la vez profunda y tranquilamente luminosa. Aunque est\u00e1 afinada medio paso por debajo de Re, esta flauta bajo de Do# se siente <strong data-start=\"1881\" data-end=\"1918\">clara y centrada en su respuesta<\/strong>, ofreciendo una presencia tranquila y firme, sin pesadez. <\/p>\n<p data-start=\"618\" data-end=\"938\">Muchos int\u00e9rpretes se sienten atra\u00eddos por el Do# por su car\u00e1cter equilibrado: ni pesado ni agudo, sino intermedio. En combinaci\u00f3n con la afinaci\u00f3n de 432 Hz, el sonido se experimenta a menudo como tranquilo, fluido y arm\u00f3nicamente cohesivo, muy adecuado para la interpretaci\u00f3n meditativa, el trabajo sonoro, la exploraci\u00f3n mel\u00f3dica lenta y la improvisaci\u00f3n guiada por la respiraci\u00f3n. <\/p>\n<p data-start=\"940\" data-end=\"1082\">Esta flauta invita a hacer m\u00fasica sin prisas. Responde pacientemente a la respiraci\u00f3n, permitiendo que las frases se desarrollen con naturalidad en lugar de ser empujadas. <\/p>\n<hr data-start=\"1084\" data-end=\"1087\">\n<h3 data-start=\"1089\" data-end=\"1105\">Caracter\u00edsticas principales<\/h3>\n<p data-start=\"1107\" data-end=\"1176\"><strong data-start=\"1107\" data-end=\"1126\">Tipo de instrumento<\/strong><br data-start=\"1126\" data-end=\"1129\">Flauta baja de una c\u00e1mara de estilo nativo americano<\/p>\n<p data-start=\"1178\" data-end=\"1248\"><strong data-start=\"1178\" data-end=\"1194\">Clave y afinaci\u00f3n<\/strong><br data-start=\"1194\" data-end=\"1197\">Do# (Do sostenido) pentat\u00f3nica menor<br data-start=\"1226\" data-end=\"1229\">Afinada a <strong data-start=\"1238\" data-end=\"1248\">432 Hz<\/strong><\/p>\n<p data-start=\"1250\" data-end=\"1388\"><strong data-start=\"1250\" data-end=\"1269\">Car\u00e1cter tonal<\/strong><br data-start=\"1269\" data-end=\"1272\">Una voz grave, profunda y resonante con un claro enfoque interior<br data-start=\"1324\" data-end=\"1327\">A menudo descrita como enraizante, centrada y tranquilamente edificante<\/p>\n<p data-start=\"1390\" data-end=\"1513\"><strong data-start=\"1390\" data-end=\"1408\">Di\u00e1metro interior<\/strong><br data-start=\"1408\" data-end=\"1411\">Aproximadamente <strong data-start=\"1425\" data-end=\"1434\">32 mm<\/strong>, que favorece una resonancia amplia y estable y una respuesta uniforme en todo el registro<\/p>\n<p data-start=\"1515\" data-end=\"1923\"><strong data-start=\"1515\" data-end=\"1550\">Dise\u00f1o de los agujeros de los dedos y facilidad de ejecuci\u00f3n<\/strong><br data-start=\"1550\" data-end=\"1553\">Los agujeros de los dedos miden aproximadamente <strong data-start=\"1587\" data-end=\"1598\">9-10 mm<\/strong><br data-start=\"1598\" data-end=\"1601\">Debido al generoso di\u00e1metro interior, los agujeros de los dedos pueden colocarse <strong data-start=\"1667\" data-end=\"1686\">m\u00e1s juntos<\/strong>, lo que hace que esta flauta baja sea inesperadamente c\u00f3moda de tocar<br data-start=\"1743\" data-end=\"1746\">En comparaci\u00f3n con nuestra flauta baja ligeramente m\u00e1s alta en la tonalidad de Re, el modelo de Do# requiere generalmente <strong data-start=\"1838\" data-end=\"1861\">menos estiramiento de los dedos<\/strong>, lo que muchos int\u00e9rpretes experimentan como m\u00e1s relajado y accesible<\/p>\n<p data-start=\"1925\" data-end=\"2019\"><strong data-start=\"1925\" data-end=\"1939\">Dimensiones<\/strong><br data-start=\"1939\" data-end=\"1942\">Longitud total aproximada <strong data-start=\"1969\" data-end=\"1978\">65 cm<\/strong><br data-start=\"1978\" data-end=\"1981\">Di\u00e1metro exterior aproximado <strong>44<\/strong><strong data-start=\"2010\" data-end=\"2019\"> mm<\/strong><\/p>\n<p data-start=\"2021\" data-end=\"2284\"><strong data-start=\"2021\" data-end=\"2042\">Material y acabado<\/strong><br data-start=\"2042\" data-end=\"2045\">Fabricado con madera de arce de primera calidad, seleccionada por sus cualidades tonales c\u00e1lidas y su estabilidad fiable<br data-start=\"2130\" data-end=\"2133\">Te\u00f1ido con nuestro tinte casero de nogal y sellado con aceites aptos para uso alimentario para proteger la madera al tiempo que permite que su veteado natural permanezca visible y vivo<\/p>\n<hr data-start=\"2286\" data-end=\"2289\">\n<h3 data-start=\"2291\" data-end=\"2337\">Bloque de flauta y lenguaje de dise\u00f1o contempor\u00e1neo<\/h3>\n<p data-start=\"2339\" data-end=\"2459\">Esta flauta presenta nuestro <strong data-start=\"2363\" data-end=\"2411\">contempor\u00e1neo bloque de flauta estilo t\u00f3tem<\/strong>, moldeado con <strong data-start=\"2425\" data-end=\"2458\">l\u00edneas claras y bordes definidos<\/strong>.<\/p>\n<p data-start=\"2461\" data-end=\"2759\">El dise\u00f1o sigue un lenguaje visual m\u00e1s tranquilo, en lugar de imitar figuras de animales o motivos hist\u00f3ricos: reducido, fundamentado e intencionado. Refleja la forma en que debe tocarse el instrumento: presente, concentrado y sin distracciones. La forma apoya el sonido sin competir con \u00e9l.  <\/p>\n<hr data-start=\"2761\" data-end=\"2764\">\n<h3 data-start=\"2766\" data-end=\"2791\">Grabado Inspiraci\u00f3n<\/h3>\n<p data-start=\"2793\" data-end=\"3058\">El grabado se inspira en la forma en que <strong data-start=\"2838\" data-end=\"2869\">el sonido viaja a trav\u00e9s del agua<\/strong>, formando patrones mediante la vibraci\u00f3n y la resonancia. Se hace eco de la imaginer\u00eda de <strong data-start=\"2946\" data-end=\"2971\">los cristales de agua congelados<\/strong>, utilizados a menudo simb\u00f3licamente para reflejar c\u00f3mo la frecuencia puede dar lugar a la estructura y la forma. <\/p>\n<p data-start=\"3060\" data-end=\"3378\">En el dise\u00f1o se entretejen sutiles referencias al <strong data-start=\"3085\" data-end=\"3115\">s\u00edmbolo alqu\u00edmico de la Tierra<\/strong>, que apuntan al enraizamiento, la presencia material y la conexi\u00f3n con el mundo f\u00edsico. Juntos, estos elementos hablan del punto de encuentro entre la respiraci\u00f3n, el sonido y la materia, donde la m\u00fasica se convierte en algo que no s\u00f3lo se oye, sino que se siente. <\/p>\n<p data-start=\"3380\" data-end=\"3499\">El grabado no pretende explicar ni instruir, sino <strong data-start=\"3438\" data-end=\"3472\">ofrecer un silencioso acompa\u00f1amiento visual<\/strong> a la experiencia de juego.<\/p>\n<hr data-start=\"3501\" data-end=\"3504\">\n<h3 data-start=\"3506\" data-end=\"3530\">Accesorios incluidos<\/h3>\n<ul data-start=\"3532\" data-end=\"3596\">\n<li data-start=\"3532\" data-end=\"3560\">\n<p data-start=\"3534\" data-end=\"3560\">Bolsa de tela de primera calidad<\/p>\n<\/li>\n<li data-start=\"3561\" data-end=\"3596\">\n<p data-start=\"3563\" data-end=\"3596\">Envase de nuestro aceite para el cuidado de las flautas<\/p>\n<\/li>\n<\/ul>\n<p data-start=\"3598\" data-end=\"3720\"><em data-start=\"3598\" data-end=\"3720\">Nota: Debido a la normativa vigente de la FDA, el aceite para el cuidado de las flautas no puede incluirse en los pedidos enviados a Estados Unidos.<\/em><\/p>\n<hr data-start=\"3722\" data-end=\"3725\">\n<h3 data-start=\"3727\" data-end=\"3770\">Individualidad, tiempo de elaboraci\u00f3n y env\u00edo<\/h3>\n<p data-start=\"3772\" data-end=\"3943\">Las im\u00e1genes mostradas son s\u00f3lo de referencia. Como cada flauta est\u00e1 hecha de madera de arce natural, las variaciones en el grano, el color y la forma forman parte de su car\u00e1cter e individualidad. <\/p>\n<p data-start=\"3945\" data-end=\"4147\">Cada flauta AMA se fabrica a mano con cuidado y atenci\u00f3n al detalle. El tiempo de fabricaci\u00f3n de esta flauta es de aproximadamente <strong data-start=\"4060\" data-end=\"4074\">28-45 d\u00edas<\/strong>, lo que deja espacio para una afinaci\u00f3n precisa, una voz limpia y un acabado refinado. <\/p>\n<p data-start=\"4149\" data-end=\"4319\">Para los clientes de fuera de la UE, pueden aplicarse gastos de aduana en el momento de la entrega. Estos gastos los determinan las autoridades aduaneras locales y son responsabilidad del destinatario. <\/p>\n","protected":false},"excerpt":{"rendered":"<p>Esta flauta bajo en la tonalidad de Do#, afinada exclusivamente a 432 Hz, lleva una voz que es a la vez profunda y tranquilamente luminosa. Aunque est\u00e1 afinada medio paso por debajo de Re, esta flauta bajo de Do# se siente clara y centrada en su respuesta, ofreciendo una presencia tranquila y firme, sin pesadez. [&hellip;]<\/p>\n","protected":false},"featured_media":6405,"template":"","meta":{"site-sidebar-layout":"no-sidebar","site-content-layout":"plain-container","ast-site-content-layout":"normal-width-container","site-content-style":"unboxed","site-sidebar-style":"unboxed","ast-global-header-display":"","ast-banner-title-visibility":"","ast-main-header-display":"","ast-hfb-above-header-display":"","ast-hfb-below-header-display":"","ast-hfb-mobile-header-display":"","site-post-title":"disabled","ast-breadcrumbs-content":"","ast-featured-img":"disabled","footer-sml-layout":"","ast-disable-related-posts":"","theme-transparent-header-meta":"default","adv-header-id-meta":"","stick-header-meta":"default","header-above-stick-meta":"","header-main-stick-meta":"","header-below-stick-meta":"","astra-migrate-meta-layouts":"set","ast-page-background-enabled":"default","ast-page-background-meta":{"desktop":{"background-color":"var(--ast-global-color-4)","background-image":"","background-repeat":"repeat","background-position":"center center","background-size":"auto","background-attachment":"scroll","background-type":"","background-media":"","overlay-type":"","overlay-color":"","overlay-opacity":"","overlay-gradient":""},"tablet":{"background-color":"","background-image":"","background-repeat":"repeat","background-position":"center center","background-size":"auto","background-attachment":"scroll","background-type":"","background-media":"","overlay-type":"","overlay-color":"","overlay-opacity":"","overlay-gradient":""},"mobile":{"background-color":"","background-image":"","background-repeat":"repeat","background-position":"center center","background-size":"auto","background-attachment":"scroll","background-type":"","background-media":"","overlay-type":"","overlay-color":"","overlay-opacity":"","overlay-gradient":""}},"ast-content-background-meta":{"desktop":{"background-color":"var(--ast-global-color-5)","background-image":"","background-repeat":"repeat","background-position":"center center","background-size":"auto","background-attachment":"scroll","background-type":"","background-media":"","overlay-type":"","overlay-color":"","overlay-opacity":"","overlay-gradient":""},"tablet":{"background-color":"var(--ast-global-color-5)","background-image":"","background-repeat":"repeat","background-position":"center center","background-size":"auto","background-attachment":"scroll","background-type":"","background-media":"","overlay-type":"","overlay-color":"","overlay-opacity":"","overlay-gradient":""},"mobile":{"background-color":"var(--ast-global-color-5)","background-image":"","background-repeat":"repeat","background-position":"center center","background-size":"auto","background-attachment":"scroll","background-type":"","background-media":"","overlay-type":"","overlay-color":"","overlay-opacity":"","overlay-gradient":""}}},"product_brand":[],"product_cat":[137],"product_tag":[151,157,158,159,160],"class_list":{"0":"post-6398","1":"product","2":"type-product","3":"status-publish","4":"has-post-thumbnail","6":"product_cat-flautas","7":"product_tag-flauta-432-hz","8":"product_tag-native-american-flute-es","9":"product_tag-mediation-flute-es","10":"product_tag-single-flute-es","11":"product_tag-zen-flute-es","12":"desktop-align-center","13":"tablet-align-left","14":"mobile-align-left","16":"first","17":"instock","18":"taxable","19":"shipping-taxable","20":"purchasable","21":"product-type-simple"},"_links":{"self":[{"href":"https:\/\/amaflutes.com\/es\/wp-json\/wp\/v2\/product\/6398","targetHints":{"allow":["GET"]}}],"collection":[{"href":"https:\/\/amaflutes.com\/es\/wp-json\/wp\/v2\/product"}],"about":[{"href":"https:\/\/amaflutes.com\/es\/wp-json\/wp\/v2\/types\/product"}],"version-history":[{"count":2,"href":"https:\/\/amaflutes.com\/es\/wp-json\/wp\/v2\/product\/6398\/revisions"}],"predecessor-version":[{"id":6552,"href":"https:\/\/amaflutes.com\/es\/wp-json\/wp\/v2\/product\/6398\/revisions\/6552"}],"wp:featuredmedia":[{"embeddable":true,"href":"https:\/\/amaflutes.com\/es\/wp-json\/wp\/v2\/media\/6405"}],"wp:attachment":[{"href":"https:\/\/amaflutes.com\/es\/wp-json\/wp\/v2\/media?parent=6398"}],"wp:term":[{"taxonomy":"product_brand","embeddable":true,"href":"https:\/\/amaflutes.com\/es\/wp-json\/wp\/v2\/product_brand?post=6398"},{"taxonomy":"product_cat","embeddable":true,"href":"https:\/\/amaflutes.com\/es\/wp-json\/wp\/v2\/product_cat?post=6398"},{"taxonomy":"product_tag","embeddable":true,"href":"https:\/\/amaflutes.com\/es\/wp-json\/wp\/v2\/product_tag?post=6398"}],"curies":[{"name":"wp","href":"https:\/\/api.w.org\/{rel}","templated":true}]}}