{"id":3948,"date":"2023-10-02T21:12:24","date_gmt":"2023-10-02T19:12:24","guid":{"rendered":"https:\/\/amaflutes.de\/shop\/non%20class\u00e9\/flute-simple-tonalite-de-fa\/"},"modified":"2025-09-25T15:58:57","modified_gmt":"2025-09-25T13:58:57","slug":"flute-simple-de-cle-de-fa","status":"publish","type":"product","link":"https:\/\/amaflutes.com\/fr\/shop\/flutes-fr\/flute-simple-de-cle-de-fa\/","title":{"rendered":"Fl\u00fbte simple &#8211; tonalit\u00e9 de fa#"},"content":{"rendered":"<p><iframe title=\"Lecteur vid\u00e9o YouTube\" data-src=\"https:\/\/www.youtube-nocookie.com\/embed\/q1lFj9pLDtc?rel=0\" width=\"560\" height=\"315\" frameborder=\"0\" allowfullscreen=\"allowfullscreen\" src=\"data:image\/svg+xml;base64,PHN2ZyB3aWR0aD0iMSIgaGVpZ2h0PSIxIiB4bWxucz0iaHR0cDovL3d3dy53My5vcmcvMjAwMC9zdmciPjwvc3ZnPg==\" data-load-mode=\"1\"><span style=\"display: inline-block; width: 0px; overflow: hidden; line-height: 0;\" data-mce-type=\"bookmark\" class=\"mce_SELRES_start lazyload\"><\/span><span style=\"display: inline-block; width: 0px; overflow: hidden; line-height: 0;\" data-mce-type=\"bookmark\" class=\"mce_SELRES_start lazyload\"><\/span><\/iframe><\/p>\n<p><strong>AMA Fl\u00fbte simple dans la tonalit\u00e9 de fa#<\/strong><\/p>\n<p><span style=\"font-family: Oswald, sans-serif;\"><span style=\"font-size: medium;\">Plongez dans la fusion harmonieuse de l&rsquo;art et de la spiritualit\u00e9 avec notre <strong>fl\u00fbte simple de gamme moyenne en fa#<\/strong>. Inspir\u00e9 par le design des peuples autochtones Americains, cet instrument vous convie non seulement \u00e0 jouer, mais \u00e9galement \u00e0 vous connecter profond\u00e9ment \u00e0 chaque note. Chaque fl\u00fbte est m\u00e9ticuleusement confectionn\u00e9e \u00e0 partir de bois d&rsquo;\u00e9rable soigneusement s\u00e9lectionn\u00e9, incarnant notre engagement envers la musique traditionnelle et le design contemporain.<\/span><\/span><\/p>\n<p>&nbsp;<\/p>\n<p><strong><span style=\"font-family: Oswald, sans-serif;\"><span style=\"font-size: medium;\">Caract\u00e9ristiques principales :<\/span><\/span><\/strong><\/p>\n<ul>\n<li><strong><span style=\"font-family: Oswald, sans-serif;\"><span style=\"font-size: medium;\">Gamme tonale:<\/span><\/span><\/strong><span style=\"font-family: Oswald, sans-serif;\"><span style=\"font-size: medium;\"> Mid (cl\u00e9 de fa#) pour un son plein et riche<\/span><\/span><\/li>\n<li><strong><span style=\"font-family: Oswald, sans-serif;\"><span style=\"font-size: medium;\">Doigtiers:<\/span><\/span><\/strong><span style=\"font-family: Oswald, sans-serif;\"><span style=\"font-size: medium;\"> D&rsquo;une largeur d&rsquo;environ 8 mm, il s&rsquo;adapte confortablement aux mains de taille moyenne.<\/span><\/span><\/li>\n<li><strong><span style=\"font-family: Oswald, sans-serif;\"><span style=\"font-size: medium;\">Design:<\/span><\/span><\/strong><span style=\"font-family: Oswald, sans-serif;\"><span style=\"font-size: medium;\"> Une \u00e9l\u00e9gante gravure vient sublimer la fonctionnalit\u00e9 et la beaut\u00e9 d\u00e9corative de l&rsquo;instrument.<\/span><\/span><\/li>\n<li><strong><span style=\"font-family: Oswald, sans-serif;\"><span style=\"font-size: medium;\">Mat\u00e9riel:<\/span><\/span><\/strong><span style=\"font-family: Oswald, sans-serif;\"><span style=\"font-size: medium;\"> Fabriqu\u00e9 en \u00e9rable pour ses excellentes qualit\u00e9s sonores.<\/span><\/span><\/li>\n<li><strong><span style=\"font-family: Oswald, sans-serif;\"><span style=\"font-size: medium;\">Finition de la surface:<\/span><\/span><\/strong><span style=\"font-family: Oswald, sans-serif;\"><span style=\"font-size: medium;\"> Impr\u00e9gn\u00e9 de notre teinture de noyer biologique exclusive et scell\u00e9 avec des huiles de qualit\u00e9 alimentaire pour une durabilit\u00e9 accrue.<\/span><\/span><\/li>\n<li><strong><span style=\"font-family: Oswald, sans-serif;\"><span style=\"font-size: medium;\">Longueur:<\/span><\/span><\/strong><span style=\"font-family: Oswald, sans-serif;\"><span style=\"font-size: medium;\"> Mesurant 52 cm, il est id\u00e9al pour la portabilit\u00e9 sans compromettre la qualit\u00e9 du son.<\/span><\/span><\/li>\n<li><strong><span style=\"font-family: Oswald, sans-serif;\"><span style=\"font-size: medium;\">Accessoires:<\/span><\/span><\/strong><span style=\"font-family: Oswald, sans-serif;\"><span style=\"font-size: medium;\"> Comprend un sac en tissu et un contenant de notre huile sp\u00e9ciale pour l&rsquo;entretien des fl\u00fbtes.<\/span><\/span><\/li>\n<li><strong><span style=\"font-family: Oswald, sans-serif;\"><span style=\"font-size: medium;\">Options de r\u00e9glage:<\/span><\/span><\/strong><span style=\"font-family: Oswald, sans-serif;\"><span style=\"font-size: medium;\"> Disponible en accord standard \u00e0 440 Hz, avec une option d&rsquo;accord alternatif \u00e0 432 Hz, et sur demande \u00e0 528 Hz.<\/span><\/span><\/li>\n<\/ul>\n<hr>\n<p><span style=\"font-size: large;\"><strong><span style=\"font-family: Oswald, sans-serif;\"><span style=\"font-size: medium;\">Veuillez noter : <\/span><\/span><\/strong><strong><span style=\"font-family: Oswald, sans-serif;\"><span style=\"font-size: medium;\">Les images utilis\u00e9es sont illustratives. \u00c9tant donn\u00e9 que le bois est un mat\u00e9riau naturel, chaque fl\u00fbte pr\u00e9sente des variations uniques de forme, de couleur et de grain, assurant ainsi que votre fl\u00fbte est v\u00e9ritablement singuli\u00e8re.<\/span><\/span><\/strong><\/span><\/p>\n<hr>\n<p><span style=\"font-family: Oswald, sans-serif;\"><span style=\"font-size: medium;\">Rehaussez votre collection musicale avec cette Fl\u00fbte AMA, qui r\u00e9sonne non seulement par ses sons, mais aussi par la touche d&rsquo;\u00e2me de l&rsquo;artisanat qui caract\u00e9rise notre travail.<\/span><\/span><\/p>\n<hr>\n<p><span style=\"font-family: Oswald, sans-serif;\"><span style=\"font-size: medium;\">Chacune de nos fl\u00fbtes est un <b>chef-d&rsquo;\u0153uvre d&rsquo;artisanat<\/b>, m\u00e9ticuleusement fabriqu\u00e9 \u00e0 la main pour r\u00e9pondre aux <b>normes les plus \u00e9lev\u00e9es<\/b> de qualit\u00e9 et d&rsquo;excellence musicale. Veuillez noter que la cr\u00e9ation de votre fl\u00fbte AMA prend environ<b> 21 \u00e0 28 jours<\/b>. Ce d\u00e9lai nous permet de nous assurer que chaque aspect de votre fl\u00fbte est parfait, ce qui se traduit par un instrument qui r\u00e9sonne v\u00e9ritablement avec votre esprit musical.  <\/span><\/span><\/p>\n<p>Nous vous remercions de votre compr\u00e9hension et de votre patience au cours de ce processus de fabrication. L&rsquo;attente fait partie du voyage, et nous sommes convaincus que la belle musique que vous cr\u00e9erez avec votre fl\u00fbte en vaudra la peine. Attendez-vous \u00e0 une exp\u00e9rience musicale aussi unique et sp\u00e9ciale que la fl\u00fbte elle-m\u00eame.  <\/p>\n<p>Pour les clients situ\u00e9s en dehors de l&rsquo;UE, veuillez noter que des frais de douane peuvent s&rsquo;appliquer \u00e0 la livraison. Ces frais sont d\u00e9termin\u00e9s par les autorit\u00e9s douani\u00e8res locales et sont \u00e0 la charge du destinataire. <\/p>\n<p>&nbsp;<\/p>\n<p>&nbsp;<\/p>\n","protected":false},"excerpt":{"rendered":"<p>AMA Fl\u00fbte simple dans la tonalit\u00e9 de fa# Plongez dans la fusion harmonieuse de l&rsquo;art et de la spiritualit\u00e9 avec notre fl\u00fbte simple de gamme moyenne en fa#. Inspir\u00e9 par le design des peuples autochtones Americains, cet instrument vous convie non seulement \u00e0 jouer, mais \u00e9galement \u00e0 vous connecter profond\u00e9ment \u00e0 chaque note. Chaque fl\u00fbte [&hellip;]<\/p>\n","protected":false},"featured_media":3032,"template":"","meta":{"site-sidebar-layout":"no-sidebar","site-content-layout":"plain-container","ast-site-content-layout":"normal-width-container","site-content-style":"unboxed","site-sidebar-style":"unboxed","ast-global-header-display":"","ast-banner-title-visibility":"","ast-main-header-display":"","ast-hfb-above-header-display":"","ast-hfb-below-header-display":"","ast-hfb-mobile-header-display":"","site-post-title":"disabled","ast-breadcrumbs-content":"","ast-featured-img":"disabled","footer-sml-layout":"","ast-disable-related-posts":"","theme-transparent-header-meta":"default","adv-header-id-meta":"","stick-header-meta":"default","header-above-stick-meta":"","header-main-stick-meta":"","header-below-stick-meta":"","astra-migrate-meta-layouts":"default","ast-page-background-enabled":"default","ast-page-background-meta":{"desktop":{"background-color":"var(--ast-global-color-4)","background-image":"","background-repeat":"repeat","background-position":"center center","background-size":"auto","background-attachment":"scroll","background-type":"","background-media":"","overlay-type":"","overlay-color":"","overlay-opacity":"","overlay-gradient":""},"tablet":{"background-color":"","background-image":"","background-repeat":"repeat","background-position":"center center","background-size":"auto","background-attachment":"scroll","background-type":"","background-media":"","overlay-type":"","overlay-color":"","overlay-opacity":"","overlay-gradient":""},"mobile":{"background-color":"","background-image":"","background-repeat":"repeat","background-position":"center center","background-size":"auto","background-attachment":"scroll","background-type":"","background-media":"","overlay-type":"","overlay-color":"","overlay-opacity":"","overlay-gradient":""}},"ast-content-background-meta":{"desktop":{"background-color":"var(--ast-global-color-5)","background-image":"","background-repeat":"repeat","background-position":"center center","background-size":"auto","background-attachment":"scroll","background-type":"","background-media":"","overlay-type":"","overlay-color":"","overlay-opacity":"","overlay-gradient":""},"tablet":{"background-color":"var(--ast-global-color-5)","background-image":"","background-repeat":"repeat","background-position":"center center","background-size":"auto","background-attachment":"scroll","background-type":"","background-media":"","overlay-type":"","overlay-color":"","overlay-opacity":"","overlay-gradient":""},"mobile":{"background-color":"var(--ast-global-color-5)","background-image":"","background-repeat":"repeat","background-position":"center center","background-size":"auto","background-attachment":"scroll","background-type":"","background-media":"","overlay-type":"","overlay-color":"","overlay-opacity":"","overlay-gradient":""}}},"product_brand":[],"product_cat":[135],"product_tag":[166,167,168,165],"class_list":{"0":"post-3948","1":"product","2":"type-product","3":"status-publish","4":"has-post-thumbnail","6":"product_cat-flutes-fr","7":"product_tag-mediation-flute-fr","8":"product_tag-single-flute-fr","9":"product_tag-zen-flute-fr","10":"product_tag-native-american-flute-fr","11":"desktop-align-center","12":"tablet-align-left","13":"mobile-align-left","15":"first","16":"instock","17":"taxable","18":"shipping-taxable","19":"purchasable","20":"product-type-variable","21":"has-default-attributes"},"_links":{"self":[{"href":"https:\/\/amaflutes.com\/fr\/wp-json\/wp\/v2\/product\/3948","targetHints":{"allow":["GET"]}}],"collection":[{"href":"https:\/\/amaflutes.com\/fr\/wp-json\/wp\/v2\/product"}],"about":[{"href":"https:\/\/amaflutes.com\/fr\/wp-json\/wp\/v2\/types\/product"}],"version-history":[{"count":4,"href":"https:\/\/amaflutes.com\/fr\/wp-json\/wp\/v2\/product\/3948\/revisions"}],"predecessor-version":[{"id":6218,"href":"https:\/\/amaflutes.com\/fr\/wp-json\/wp\/v2\/product\/3948\/revisions\/6218"}],"wp:featuredmedia":[{"embeddable":true,"href":"https:\/\/amaflutes.com\/fr\/wp-json\/wp\/v2\/media\/3032"}],"wp:attachment":[{"href":"https:\/\/amaflutes.com\/fr\/wp-json\/wp\/v2\/media?parent=3948"}],"wp:term":[{"taxonomy":"product_brand","embeddable":true,"href":"https:\/\/amaflutes.com\/fr\/wp-json\/wp\/v2\/product_brand?post=3948"},{"taxonomy":"product_cat","embeddable":true,"href":"https:\/\/amaflutes.com\/fr\/wp-json\/wp\/v2\/product_cat?post=3948"},{"taxonomy":"product_tag","embeddable":true,"href":"https:\/\/amaflutes.com\/fr\/wp-json\/wp\/v2\/product_tag?post=3948"}],"curies":[{"name":"wp","href":"https:\/\/api.w.org\/{rel}","templated":true}]}}