{"id":3956,"date":"2023-08-13T11:53:47","date_gmt":"2023-08-13T09:53:47","guid":{"rendered":"https:\/\/amaflutes.de\/shop\/non%20class\u00e9\/huile-dentretien-des-flutes\/"},"modified":"2024-01-10T13:47:45","modified_gmt":"2024-01-10T12:47:45","slug":"huile-dentretien-des-flutes","status":"publish","type":"product","link":"https:\/\/amaflutes.com\/fr\/shop\/flutes-fr\/huile-dentretien-des-flutes\/","title":{"rendered":"Huile d&rsquo;entretien des fl\u00fbtes"},"content":{"rendered":"<p><iframe title=\"YouTube video player\" data-src=\"https:\/\/www.youtube-nocookie.com\/embed\/kHOI4M53wE8\" width=\"560\" height=\"315\" frameborder=\"0\" allowfullscreen=\"allowfullscreen\" src=\"data:image\/svg+xml;base64,PHN2ZyB3aWR0aD0iMSIgaGVpZ2h0PSIxIiB4bWxucz0iaHR0cDovL3d3dy53My5vcmcvMjAwMC9zdmciPjwvc3ZnPg==\" data-load-mode=\"1\"><span style=\"display: inline-block; width: 0px; overflow: hidden; line-height: 0;\" data-mce-type=\"bookmark\" class=\"mce_SELRES_start lazyload\"><\/span><\/iframe><\/p>\n<p>Pr\u00e9servez la <strong>long\u00e9vit\u00e9<\/strong> et la <strong>qualit\u00e9<\/strong> de votre fl\u00fbte AMA avec notre huile d&rsquo;entretien sp\u00e9ciale pour fl\u00fbte de <strong>qualit\u00e9 alimentaire<\/strong>.<\/p>\n<p>Bien s\u00fbr, voici une version l\u00e9g\u00e8rement modifi\u00e9e pour plus de vari\u00e9t\u00e9 : \u00ab\u00a0L&rsquo;entretien m\u00e9ticuleux de votre fl\u00fbte est imp\u00e9ratif afin d&rsquo;assurer un son et des performances optimaux. Une infime quantit\u00e9 de notre huile sp\u00e9ciale suffit \u00e0 pr\u00e9server sa qualit\u00e9.\u00a0\u00bb Pr\u00e9sent\u00e9e dans un contenant refermable, une application mod\u00e9r\u00e9e est destin\u00e9e \u00e0 perdurer toute une vie, pour autant qu&rsquo;elle soit utilis\u00e9e conform\u00e9ment aux instructions.<\/p>\n<p>Pour obtenir des instructions d&rsquo;application \u00e9tape par \u00e9tape, veuillez consulter le lien et la vid\u00e9o d&rsquo;entretien de la fl\u00fbte inclus avec votre instrument.<\/p>\n<p>Contenance du flacon : 5 ml.<\/p>\n<p>&nbsp;<\/p>\n<p>&nbsp;<\/p>\n","protected":false},"excerpt":{"rendered":"<p>Pr\u00e9servez la long\u00e9vit\u00e9 et la qualit\u00e9 de votre fl\u00fbte AMA avec notre huile d&rsquo;entretien sp\u00e9ciale pour fl\u00fbte de qualit\u00e9 alimentaire. Bien s\u00fbr, voici une version l\u00e9g\u00e8rement modifi\u00e9e pour plus de vari\u00e9t\u00e9 : \u00ab\u00a0L&rsquo;entretien m\u00e9ticuleux de votre fl\u00fbte est imp\u00e9ratif afin d&rsquo;assurer un son et des performances optimaux. Une infime quantit\u00e9 de notre huile sp\u00e9ciale suffit [&hellip;]<\/p>\n","protected":false},"featured_media":2759,"template":"","meta":{"site-sidebar-layout":"no-sidebar","site-content-layout":"plain-container","ast-site-content-layout":"normal-width-container","site-content-style":"unboxed","site-sidebar-style":"unboxed","ast-global-header-display":"","ast-banner-title-visibility":"","ast-main-header-display":"","ast-hfb-above-header-display":"","ast-hfb-below-header-display":"","ast-hfb-mobile-header-display":"","site-post-title":"disabled","ast-breadcrumbs-content":"","ast-featured-img":"disabled","footer-sml-layout":"","ast-disable-related-posts":"","theme-transparent-header-meta":"default","adv-header-id-meta":"","stick-header-meta":"default","header-above-stick-meta":"","header-main-stick-meta":"","header-below-stick-meta":"","astra-migrate-meta-layouts":"default","ast-page-background-enabled":"default","ast-page-background-meta":{"desktop":{"background-color":"var(--ast-global-color-4)","background-image":"","background-repeat":"repeat","background-position":"center center","background-size":"auto","background-attachment":"scroll","background-type":"","background-media":"","overlay-type":"","overlay-color":"","overlay-opacity":"","overlay-gradient":""},"tablet":{"background-color":"","background-image":"","background-repeat":"repeat","background-position":"center center","background-size":"auto","background-attachment":"scroll","background-type":"","background-media":"","overlay-type":"","overlay-color":"","overlay-opacity":"","overlay-gradient":""},"mobile":{"background-color":"","background-image":"","background-repeat":"repeat","background-position":"center center","background-size":"auto","background-attachment":"scroll","background-type":"","background-media":"","overlay-type":"","overlay-color":"","overlay-opacity":"","overlay-gradient":""}},"ast-content-background-meta":{"desktop":{"background-color":"var(--ast-global-color-5)","background-image":"","background-repeat":"repeat","background-position":"center center","background-size":"auto","background-attachment":"scroll","background-type":"","background-media":"","overlay-type":"","overlay-color":"","overlay-opacity":"","overlay-gradient":""},"tablet":{"background-color":"var(--ast-global-color-5)","background-image":"","background-repeat":"repeat","background-position":"center center","background-size":"auto","background-attachment":"scroll","background-type":"","background-media":"","overlay-type":"","overlay-color":"","overlay-opacity":"","overlay-gradient":""},"mobile":{"background-color":"var(--ast-global-color-5)","background-image":"","background-repeat":"repeat","background-position":"center center","background-size":"auto","background-attachment":"scroll","background-type":"","background-media":"","overlay-type":"","overlay-color":"","overlay-opacity":"","overlay-gradient":""}}},"product_brand":[],"product_cat":[135],"product_tag":[],"class_list":{"0":"post-3956","1":"product","2":"type-product","3":"status-publish","4":"has-post-thumbnail","6":"product_cat-flutes-fr","7":"desktop-align-center","8":"tablet-align-left","9":"mobile-align-left","11":"first","12":"instock","13":"taxable","14":"shipping-taxable","15":"purchasable","16":"product-type-simple"},"_links":{"self":[{"href":"https:\/\/amaflutes.com\/fr\/wp-json\/wp\/v2\/product\/3956","targetHints":{"allow":["GET"]}}],"collection":[{"href":"https:\/\/amaflutes.com\/fr\/wp-json\/wp\/v2\/product"}],"about":[{"href":"https:\/\/amaflutes.com\/fr\/wp-json\/wp\/v2\/types\/product"}],"version-history":[{"count":1,"href":"https:\/\/amaflutes.com\/fr\/wp-json\/wp\/v2\/product\/3956\/revisions"}],"predecessor-version":[{"id":4437,"href":"https:\/\/amaflutes.com\/fr\/wp-json\/wp\/v2\/product\/3956\/revisions\/4437"}],"wp:featuredmedia":[{"embeddable":true,"href":"https:\/\/amaflutes.com\/fr\/wp-json\/wp\/v2\/media\/2759"}],"wp:attachment":[{"href":"https:\/\/amaflutes.com\/fr\/wp-json\/wp\/v2\/media?parent=3956"}],"wp:term":[{"taxonomy":"product_brand","embeddable":true,"href":"https:\/\/amaflutes.com\/fr\/wp-json\/wp\/v2\/product_brand?post=3956"},{"taxonomy":"product_cat","embeddable":true,"href":"https:\/\/amaflutes.com\/fr\/wp-json\/wp\/v2\/product_cat?post=3956"},{"taxonomy":"product_tag","embeddable":true,"href":"https:\/\/amaflutes.com\/fr\/wp-json\/wp\/v2\/product_tag?post=3956"}],"curies":[{"name":"wp","href":"https:\/\/api.w.org\/{rel}","templated":true}]}}