{"id":3999,"date":"2023-08-13T11:41:18","date_gmt":"2023-08-13T09:41:18","guid":{"rendered":"https:\/\/amaflutes.de\/shop\/non%20class\u00e9\/flute-simple-tonalite-de-la\/"},"modified":"2026-02-15T16:14:03","modified_gmt":"2026-02-15T15:14:03","slug":"flute-simple-tonalite-de-la","status":"publish","type":"product","link":"https:\/\/amaflutes.com\/fr\/shop\/flutes-fr\/flute-simple-tonalite-de-la\/","title":{"rendered":"Fl\u00fbte simple &#8211; Tonalit\u00e9 de la"},"content":{"rendered":"<p><iframe title=\"Lecteur vid\u00e9o YouTube\" data-src=\"https:\/\/www.youtube-nocookie.com\/embed\/Q03FdYO2dEE?rel=0\" width=\"560\" height=\"315\" frameborder=\"0\" allowfullscreen=\"allowfullscreen\" src=\"data:image\/svg+xml;base64,PHN2ZyB3aWR0aD0iMSIgaGVpZ2h0PSIxIiB4bWxucz0iaHR0cDovL3d3dy53My5vcmcvMjAwMC9zdmciPjwvc3ZnPg==\" data-load-mode=\"1\"><span style=\"display: inline-block; width: 0px; overflow: hidden; line-height: 0;\" data-mce-type=\"bookmark\" class=\"mce_SELRES_start lazyload\"><\/span><\/iframe><\/p>\n<p><strong><span style=\"font-family: Oswald, sans-serif;\"><span style=\"font-size: medium;\">D\u00e9couvrez la gr\u00e2ce m\u00e9lodique de notre fl\u00fbte unique en tonalit\u00e9 de A.<\/span><\/span><\/strong><\/p>\n<p><span style=\"font-family: Oswald, sans-serif;\"><span style=\"font-size: medium;\">Plongez dans un monde d&rsquo;\u00e9l\u00e9gance musicale avec notre fl\u00fbte unique en tonalit\u00e9 de A, un instrument haut de gamme qui chante avec clart\u00e9 et chaleur. Que vous soyez d\u00e9butant ou joueur exp\u00e9riment\u00e9, la polyvalence de cette fl\u00fbte en fait un choix parfait pour une vari\u00e9t\u00e9 de styles musicaux.<\/span><\/span><\/p>\n<p><strong><span style=\"font-family: Oswald, sans-serif;\"><span style=\"font-size: medium;\">Caract\u00e9ristiques principales :<\/span><\/span><\/strong><\/p>\n<ul>\n<li><strong><span style=\"font-family: Oswald, sans-serif;\"><span style=\"font-size: medium;\">Plage tonale:<\/span><\/span><\/strong><span style=\"font-family: Oswald, sans-serif;\"><span style=\"font-size: medium;\"> Haut (Tonalit\u00e9 de A), produisant des tons vibrants et semblables \u00e0 ceux d&rsquo;un oiseau, \u00e0 la fois clairs et chaleureusement r\u00e9sonnants.<\/span><\/span><\/li>\n<li><strong><span style=\"font-family: Oswald, sans-serif;\"><span style=\"font-size: medium;\">Taille:<\/span><\/span><\/strong><span style=\"font-family: Oswald, sans-serif;\"><span style=\"font-size: medium;\"> Mesure 46 cm de longueur, offrant l&rsquo;\u00e9quilibre id\u00e9al entre portabilit\u00e9 et jouabilit\u00e9 \u2013 s&rsquo;adapte facilement dans n&rsquo;importe quel sac \u00e0 dos.<\/span><\/span><\/li>\n<li><strong><span style=\"font-family: Oswald, sans-serif;\"><span style=\"font-size: medium;\">Doigtiers:<\/span><\/span><\/strong><span style=\"font-family: Oswald, sans-serif;\"><span style=\"font-size: medium;\"> Con\u00e7ue avec une largeur d&rsquo;environ 6 \u00e0 7 mm, espac\u00e9e de pr\u00e8s pour un jeu sans effort, ce qui la rend tr\u00e8s accessible aux d\u00e9butants..<\/span><\/span><\/li>\n<li><strong><span style=\"font-family: Oswald, sans-serif;\"><span style=\"font-size: medium;\">Mat\u00e9riel: <\/span><\/span><\/strong><span style=\"font-family: Oswald, sans-serif;\"><span style=\"font-size: medium;\">Chaque fl\u00fbte est fabriqu\u00e9e en bois d&rsquo;\u00e9rable de premi\u00e8re qualit\u00e9, choisi pour sa qualit\u00e9 sonore exceptionnelle.<\/span><\/span><\/li>\n<li><strong><span style=\"font-family: Oswald, sans-serif;\"><span style=\"font-size: medium;\">Finition de la surface:<\/span><\/span><\/strong><span style=\"font-family: Oswald, sans-serif;\"><span style=\"font-size: medium;\"> Trait\u00e9e avec notre teinture de noyer exclusive et scell\u00e9e avec des huiles de qualit\u00e9 alimentaire, am\u00e9liorant \u00e0 la fois la durabilit\u00e9 de la fl\u00fbte et son attrait esth\u00e9tique..<\/span><\/span><\/li>\n<li><strong><span style=\"font-family: Oswald, sans-serif;\"><span style=\"font-size: medium;\">Gravure:<\/span><\/span><\/strong><span style=\"font-family: Oswald, sans-serif;\"><span style=\"font-size: medium;\"> Orn\u00e9e d&rsquo;une gravure unique inspir\u00e9e du tatouage de la femme de Jakob, ajoutant une touche d&rsquo;art personnel \u00e0 chaque pi\u00e8ce.<\/span><\/span><\/li>\n<li><strong><span style=\"font-family: Oswald, sans-serif;\"><span style=\"font-size: medium;\">Options de fr\u00e9quence: <\/span><\/span><\/strong><span style=\"font-family: Oswald, sans-serif;\"><span style=\"font-size: medium;\">Disponible en accord standard \u00e0 <strong>440 Hz<\/strong>, avec l&rsquo;option de <strong>432 Hz<\/strong> pour un ton plus profond, ou un accord personnalis\u00e9 \u00e0 <strong>528 Hz<\/strong> sur demande.<\/span><\/span><\/li>\n<li><strong><span style=\"font-family: Oswald, sans-serif;\"><span style=\"font-size: medium;\">Accessoires:<\/span><\/span><\/strong><span style=\"font-family: Oswald, sans-serif;\"><span style=\"font-size: medium;\"> Livr\u00e9 avec un sac en tissu doux et un flacon d&rsquo;huile d&rsquo;entretien pour fl\u00fbte, garantissant un entretien et des soins \u00e0 long terme.<\/span><\/span><\/li>\n<\/ul>\n<p><strong><span style=\"font-family: Oswald, sans-serif;\"><span style=\"font-size: medium;\">Conception conviviale pour les d\u00e9butants :<\/span><\/span><\/strong><\/p>\n<ul>\n<li><span style=\"font-family: Oswald, sans-serif;\"><span style=\"font-size: medium;\">Cette fl\u00fbte est exceptionnellement accueillante pour les nouveaux joueurs gr\u00e2ce \u00e0 la taille et \u00e0 l&rsquo;espacement ergonomiques de ses trous pour les doigts.<\/span><\/span><\/li>\n<\/ul>\n<p><em data-start=\"3598\" data-end=\"3720\">Veuillez noter : En raison des r\u00e9glementations actuelles de la FDA, l&rsquo;huile d&rsquo;entretien pour fl\u00fbte ne peut pas \u00eatre incluse dans les commandes exp\u00e9di\u00e9es aux \u00c9tats-Unis.<\/em><\/p>\n<hr>\n<p><span style=\"font-size: large;\"><strong><span style=\"font-family: Oswald, sans-serif;\"><span style=\"font-size: medium;\">Veuillez noter : <\/span><\/span><\/strong><strong><span style=\"font-family: Oswald, sans-serif;\"><span style=\"font-size: medium;\">Les images utilis\u00e9es sont illustratives. \u00c9tant donn\u00e9 que le bois est un mat\u00e9riau naturel, chaque fl\u00fbte pr\u00e9sente des variations uniques de forme, de couleur et de grain, assurant ainsi que votre fl\u00fbte est v\u00e9ritablement singuli\u00e8re.<\/span><\/span><\/strong><\/span><\/p>\n<hr>\n<p><span style=\"font-family: Oswald, sans-serif;\"><span style=\"font-size: medium;\">Rehaussez votre exp\u00e9rience musicale avec cette Fl\u00fbte AMA, o\u00f9 chaque note r\u00e9sonne avec la beaut\u00e9 de l&rsquo;artisanat et l&rsquo;esprit de l&rsquo;aventure musicale.<\/span><\/span><\/p>\n<hr>\n<p><span style=\"font-family: Oswald, sans-serif;\"><span style=\"font-size: medium;\">Chacune de nos fl\u00fbtes est un <b>chef-d&rsquo;\u0153uvre d&rsquo;artisanat<\/b>, m\u00e9ticuleusement fabriqu\u00e9 \u00e0 la main pour r\u00e9pondre aux <b>normes les plus \u00e9lev\u00e9es<\/b> de qualit\u00e9 et d&rsquo;excellence musicale. Veuillez noter que la cr\u00e9ation de votre fl\u00fbte AMA prend environ<b> 21 \u00e0 28 jours<\/b>. Ce d\u00e9lai nous permet de nous assurer que chaque aspect de votre fl\u00fbte est parfait, ce qui se traduit par un instrument qui r\u00e9sonne v\u00e9ritablement avec votre esprit musical.  <\/span><\/span><\/p>\n<p>Nous vous remercions de votre compr\u00e9hension et de votre patience au cours de ce processus de fabrication. L&rsquo;attente fait partie du voyage, et nous sommes convaincus que la belle musique que vous cr\u00e9erez avec votre fl\u00fbte en vaudra la peine. Attendez-vous \u00e0 une exp\u00e9rience musicale aussi unique et sp\u00e9ciale que la fl\u00fbte elle-m\u00eame.  <\/p>\n<p>Pour les clients situ\u00e9s en dehors de l&rsquo;UE, veuillez noter que des frais de douane peuvent s&rsquo;appliquer \u00e0 la livraison. Ces frais sont d\u00e9termin\u00e9s par les autorit\u00e9s douani\u00e8res locales et sont \u00e0 la charge du destinataire. <\/p>\n","protected":false},"excerpt":{"rendered":"<p>D\u00e9couvrez la gr\u00e2ce m\u00e9lodique de notre fl\u00fbte unique en tonalit\u00e9 de A. Plongez dans un monde d&rsquo;\u00e9l\u00e9gance musicale avec notre fl\u00fbte unique en tonalit\u00e9 de A, un instrument haut de gamme qui chante avec clart\u00e9 et chaleur. Que vous soyez d\u00e9butant ou joueur exp\u00e9riment\u00e9, la polyvalence de cette fl\u00fbte en fait un choix parfait pour [&hellip;]<\/p>\n","protected":false},"featured_media":4384,"template":"","meta":{"site-sidebar-layout":"no-sidebar","site-content-layout":"plain-container","ast-site-content-layout":"normal-width-container","site-content-style":"unboxed","site-sidebar-style":"unboxed","ast-global-header-display":"","ast-banner-title-visibility":"","ast-main-header-display":"","ast-hfb-above-header-display":"","ast-hfb-below-header-display":"","ast-hfb-mobile-header-display":"","site-post-title":"disabled","ast-breadcrumbs-content":"","ast-featured-img":"disabled","footer-sml-layout":"","ast-disable-related-posts":"","theme-transparent-header-meta":"default","adv-header-id-meta":"","stick-header-meta":"default","header-above-stick-meta":"","header-main-stick-meta":"","header-below-stick-meta":"","astra-migrate-meta-layouts":"default","ast-page-background-enabled":"default","ast-page-background-meta":{"desktop":{"background-color":"var(--ast-global-color-4)","background-image":"","background-repeat":"repeat","background-position":"center center","background-size":"auto","background-attachment":"scroll","background-type":"","background-media":"","overlay-type":"","overlay-color":"","overlay-opacity":"","overlay-gradient":""},"tablet":{"background-color":"","background-image":"","background-repeat":"repeat","background-position":"center center","background-size":"auto","background-attachment":"scroll","background-type":"","background-media":"","overlay-type":"","overlay-color":"","overlay-opacity":"","overlay-gradient":""},"mobile":{"background-color":"","background-image":"","background-repeat":"repeat","background-position":"center center","background-size":"auto","background-attachment":"scroll","background-type":"","background-media":"","overlay-type":"","overlay-color":"","overlay-opacity":"","overlay-gradient":""}},"ast-content-background-meta":{"desktop":{"background-color":"var(--ast-global-color-5)","background-image":"","background-repeat":"repeat","background-position":"center center","background-size":"auto","background-attachment":"scroll","background-type":"","background-media":"","overlay-type":"","overlay-color":"","overlay-opacity":"","overlay-gradient":""},"tablet":{"background-color":"var(--ast-global-color-5)","background-image":"","background-repeat":"repeat","background-position":"center center","background-size":"auto","background-attachment":"scroll","background-type":"","background-media":"","overlay-type":"","overlay-color":"","overlay-opacity":"","overlay-gradient":""},"mobile":{"background-color":"var(--ast-global-color-5)","background-image":"","background-repeat":"repeat","background-position":"center center","background-size":"auto","background-attachment":"scroll","background-type":"","background-media":"","overlay-type":"","overlay-color":"","overlay-opacity":"","overlay-gradient":""}}},"product_brand":[],"product_cat":[135],"product_tag":[],"class_list":{"0":"post-3999","1":"product","2":"type-product","3":"status-publish","4":"has-post-thumbnail","6":"product_cat-flutes-fr","7":"desktop-align-center","8":"tablet-align-left","9":"mobile-align-left","11":"first","12":"instock","13":"taxable","14":"shipping-taxable","15":"purchasable","16":"product-type-variable","17":"has-default-attributes"},"_links":{"self":[{"href":"https:\/\/amaflutes.com\/fr\/wp-json\/wp\/v2\/product\/3999","targetHints":{"allow":["GET"]}}],"collection":[{"href":"https:\/\/amaflutes.com\/fr\/wp-json\/wp\/v2\/product"}],"about":[{"href":"https:\/\/amaflutes.com\/fr\/wp-json\/wp\/v2\/types\/product"}],"version-history":[{"count":5,"href":"https:\/\/amaflutes.com\/fr\/wp-json\/wp\/v2\/product\/3999\/revisions"}],"predecessor-version":[{"id":6865,"href":"https:\/\/amaflutes.com\/fr\/wp-json\/wp\/v2\/product\/3999\/revisions\/6865"}],"wp:featuredmedia":[{"embeddable":true,"href":"https:\/\/amaflutes.com\/fr\/wp-json\/wp\/v2\/media\/4384"}],"wp:attachment":[{"href":"https:\/\/amaflutes.com\/fr\/wp-json\/wp\/v2\/media?parent=3999"}],"wp:term":[{"taxonomy":"product_brand","embeddable":true,"href":"https:\/\/amaflutes.com\/fr\/wp-json\/wp\/v2\/product_brand?post=3999"},{"taxonomy":"product_cat","embeddable":true,"href":"https:\/\/amaflutes.com\/fr\/wp-json\/wp\/v2\/product_cat?post=3999"},{"taxonomy":"product_tag","embeddable":true,"href":"https:\/\/amaflutes.com\/fr\/wp-json\/wp\/v2\/product_tag?post=3999"}],"curies":[{"name":"wp","href":"https:\/\/api.w.org\/{rel}","templated":true}]}}