{"id":4014,"date":"2022-07-27T06:52:44","date_gmt":"2022-07-27T04:52:44","guid":{"rendered":"https:\/\/amaflutes.de\/shop\/non%20class\u00e9\/flute-simple-tonalite-de-re\/"},"modified":"2025-09-25T16:14:57","modified_gmt":"2025-09-25T14:14:57","slug":"flute-simple-tonalite-de-re","status":"publish","type":"product","link":"https:\/\/amaflutes.com\/fr\/shop\/flutes-fr\/flute-simple-tonalite-de-re\/","title":{"rendered":"Fl\u00fbte simple \u2013 Tonalit\u00e9 de r\u00e9"},"content":{"rendered":"<p><iframe title=\"Lecteur vid\u00e9o YouTube\" data-src=\"https:\/\/www.youtube-nocookie.com\/embed\/dBuhSnMhFLk?rel=0\" width=\"560\" height=\"315\" frameborder=\"0\" allowfullscreen=\"allowfullscreen\" src=\"data:image\/svg+xml;base64,PHN2ZyB3aWR0aD0iMSIgaGVpZ2h0PSIxIiB4bWxucz0iaHR0cDovL3d3dy53My5vcmcvMjAwMC9zdmciPjwvc3ZnPg==\" data-load-mode=\"1\"><span style=\"display: inline-block; width: 0px; overflow: hidden; line-height: 0;\" data-mce-type=\"bookmark\" class=\"mce_SELRES_start lazyload\"><\/span><\/iframe><\/p>\n<div class=\"flex-col gap-1 md:gap-3\">\n<div class=\"flex flex-grow flex-col max-w-full gap-3 gizmo:gap-0\">\n<div class=\"min-h-[20px] text-message peer flex flex-col items-start gap-3 whitespace-pre-wrap break-words peer-[.text-message]:mt-5 overflow-x-auto\" data-message-author-role=\"assistant\" data-message-id=\"fa032c65-4ee9-4893-9334-eb7269fcd163\">\n<div class=\"markdown prose w-full break-words dark:prose-invert dark\">\n<p><strong><span style=\"font-family: Oswald, sans-serif;\"><span style=\"font-size: medium;\">D\u00e9couvrez les tonalit\u00e9s riches et profondes de notre Fl\u00fbte basse AMA en R\u00e9.<\/span><\/span><\/strong><\/p>\n<p><span style=\"font-family: Oswald, sans-serif;\"><span style=\"font-size: medium;\">Immergez-vous dans les tonalit\u00e9s riches et profondes de notre Fl\u00fbte basse AMA en R\u00e9. Cette fl\u00fbte se distingue par sa voix profonde et r\u00e9sonnante, apportant un caract\u00e8re unique et profond \u00e0 vos expressions musicales.<\/span><\/span><\/p>\n<p><strong><span style=\"font-family: Oswald, sans-serif;\"><span style=\"font-size: medium;\">Caract\u00e9ristiques principales :<\/span><\/span><\/strong><\/p>\n<ul>\n<li><strong><span style=\"font-family: Oswald, sans-serif;\"><span style=\"font-size: medium;\">Qualit\u00e9 tonale:<\/span><\/span><\/strong><span style=\"font-family: Oswald, sans-serif;\"><span style=\"font-size: medium;\"> Cette Fl\u00fbte basse est renomm\u00e9e pour sa voix grave et profonde, offrant une palette sonore riche.<\/span><\/span><\/li>\n<li><strong><span style=\"font-family: Oswald, sans-serif;\"><span style=\"font-size: medium;\">Doigtiers:<\/span><\/span><\/strong><span style=\"font-family: Oswald, sans-serif;\"><span style=\"font-size: medium;\"> Fabriqu\u00e9e avec des trous de doigt de 9 \u00e0 10 mm de large, espac\u00e9s davantage que ceux de nos fl\u00fbtes de gamme moyenne et \u00e9lev\u00e9e, id\u00e9ale pour un placement complet et confortable des mains.<\/span><\/span><\/li>\n<li><strong><span style=\"font-family: Oswald, sans-serif;\"><span style=\"font-size: medium;\">Taille:<\/span><\/span><\/strong><span style=\"font-family: Oswald, sans-serif;\"><span style=\"font-size: medium;\"> La fl\u00fbte mesure 62 cm de longueur et 35 mm de largeur, \u00e9quilibrant la taille et la jouabilit\u00e9.<\/span><\/span><\/li>\n<li><strong><span style=\"font-family: Oswald, sans-serif;\"><span style=\"font-size: medium;\">Gravure:<\/span><\/span><\/strong><span style=\"font-family: Oswald, sans-serif;\"><span style=\"font-size: medium;\"> Orn\u00e9e d&rsquo;une gravure complexe inspir\u00e9e par les phases de la lune, ajoutant un \u00e9l\u00e9ment de beaut\u00e9 c\u00e9leste.<\/span><\/span><\/li>\n<li><strong><span style=\"font-family: Oswald, sans-serif;\"><span style=\"font-size: medium;\">Mat\u00e9riel et finition de la surface:<\/span><\/span><\/strong><span style=\"font-family: Oswald, sans-serif;\"><span style=\"font-size: medium;\"> Fabriqu\u00e9e m\u00e9ticuleusement en bois d&rsquo;\u00e9rable et teint\u00e9e avec notre teinture de noyer maison, puis scell\u00e9e avec de l&rsquo;huile de qualit\u00e9 alimentaire pour am\u00e9liorer et prot\u00e9ger l&rsquo;\u00e9l\u00e9gance naturelle du bois.<\/span><\/span><\/li>\n<li><strong><span style=\"font-family: Oswald, sans-serif;\"><span style=\"font-size: medium;\">Accessoires:<\/span><\/span><\/strong><span style=\"font-family: Oswald, sans-serif;\"><span style=\"font-size: medium;\"> Livr\u00e9 avec un sac en tissu doux et un flacon d\u2019huile d\u2019entretien pour fl\u00fbte, garantissant un entretien et des soins \u00e0 long terme. <\/span><\/span><\/li>\n<li><strong><span style=\"font-family: Oswald, sans-serif;\"><span style=\"font-size: medium;\">Options de r\u00e9glage :<\/span><\/span><\/strong><span style=\"font-family: Oswald, sans-serif;\"><span style=\"font-size: medium;\">  Disponible en 440Hz standard, avec un accord optionnel en 432Hz. Un accord personnalis\u00e9 en 528Hz est \u00e9galement disponible sur demande. <\/span><\/span><\/li>\n<\/ul>\n<hr>\n<p><strong><span style=\"font-family: Oswald, sans-serif;\"><span style=\"font-size: medium;\">Veuillez noter:<\/span><\/span><\/strong><\/p>\n<ul>\n<li><span style=\"font-family: Oswald, sans-serif;\"><span style=\"font-size: medium;\">Les images sont fournies \u00e0 titre d&rsquo;illustration. Comme chaque fl\u00fbte est fabriqu\u00e9e \u00e0 partir de bois d&rsquo;\u00e9rable naturel, attendez-vous \u00e0 des variations de forme, de couleur et de grain, afin que votre fl\u00fbte soit aussi unique que la musique qu&rsquo;elle cr\u00e9e. <\/span><\/span><\/li>\n<\/ul>\n<hr>\n<p><span style=\"font-family: Oswald, sans-serif;\"><span style=\"font-size: medium;\">Que vous soyez un fl\u00fbtiste chevronn\u00e9 ou un passionn\u00e9 d\u00e9butant, notre Fl\u00fbte basse AMA en tonalit\u00e9 de R\u00e9 est un choix parfait, m\u00ealant des qualit\u00e9s acoustiques profondes \u00e0 un artisanat et un design exquis.<\/span><\/span><\/p>\n<hr>\n<p><span style=\"font-family: Oswald, sans-serif;\"><span style=\"font-size: medium;\">Chacune de nos fl\u00fbtes est un <b>chef-d&rsquo;\u0153uvre d&rsquo;artisanat<\/b>, m\u00e9ticuleusement fabriqu\u00e9 \u00e0 la main pour r\u00e9pondre aux <b>normes les plus \u00e9lev\u00e9es<\/b> de qualit\u00e9 et d&rsquo;excellence musicale. Veuillez noter que la cr\u00e9ation de votre fl\u00fbte AMA prend environ<b> 21 \u00e0 28 jours<\/b>. Ce d\u00e9lai nous permet de nous assurer que chaque aspect de votre fl\u00fbte est parfait, ce qui se traduit par un instrument qui r\u00e9sonne v\u00e9ritablement avec votre esprit musical.  <\/span><\/span><\/p>\n<p>Nous vous remercions de votre compr\u00e9hension et de votre patience au cours de ce processus de fabrication. L&rsquo;attente fait partie du voyage, et nous sommes convaincus que la belle musique que vous cr\u00e9erez avec votre fl\u00fbte en vaudra la peine. Attendez-vous \u00e0 une exp\u00e9rience musicale aussi unique et sp\u00e9ciale que la fl\u00fbte elle-m\u00eame.  <\/p>\n<p>Pour les clients situ\u00e9s en dehors de l&rsquo;UE, veuillez noter que des frais de douane peuvent s&rsquo;appliquer \u00e0 la livraison. Ces frais sont d\u00e9termin\u00e9s par les autorit\u00e9s douani\u00e8res locales et sont \u00e0 la charge du destinataire. <\/p>\n<\/div>\n<\/div>\n<\/div>\n<\/div>\n","protected":false},"excerpt":{"rendered":"<p>D\u00e9couvrez les tonalit\u00e9s riches et profondes de notre Fl\u00fbte basse AMA en R\u00e9. Immergez-vous dans les tonalit\u00e9s riches et profondes de notre Fl\u00fbte basse AMA en R\u00e9. Cette fl\u00fbte se distingue par sa voix profonde et r\u00e9sonnante, apportant un caract\u00e8re unique et profond \u00e0 vos expressions musicales. Caract\u00e9ristiques principales : Qualit\u00e9 tonale: Cette Fl\u00fbte basse [&hellip;]<\/p>\n","protected":false},"featured_media":4033,"template":"","meta":{"site-sidebar-layout":"no-sidebar","site-content-layout":"plain-container","ast-site-content-layout":"normal-width-container","site-content-style":"unboxed","site-sidebar-style":"unboxed","ast-global-header-display":"","ast-banner-title-visibility":"","ast-main-header-display":"","ast-hfb-above-header-display":"","ast-hfb-below-header-display":"","ast-hfb-mobile-header-display":"","site-post-title":"disabled","ast-breadcrumbs-content":"","ast-featured-img":"disabled","footer-sml-layout":"","ast-disable-related-posts":"","theme-transparent-header-meta":"default","adv-header-id-meta":"","stick-header-meta":"default","header-above-stick-meta":"","header-main-stick-meta":"","header-below-stick-meta":"","astra-migrate-meta-layouts":"default","ast-page-background-enabled":"default","ast-page-background-meta":{"desktop":{"background-color":"var(--ast-global-color-4)","background-image":"","background-repeat":"repeat","background-position":"center center","background-size":"auto","background-attachment":"scroll","background-type":"","background-media":"","overlay-type":"","overlay-color":"","overlay-opacity":"","overlay-gradient":""},"tablet":{"background-color":"","background-image":"","background-repeat":"repeat","background-position":"center center","background-size":"auto","background-attachment":"scroll","background-type":"","background-media":"","overlay-type":"","overlay-color":"","overlay-opacity":"","overlay-gradient":""},"mobile":{"background-color":"","background-image":"","background-repeat":"repeat","background-position":"center center","background-size":"auto","background-attachment":"scroll","background-type":"","background-media":"","overlay-type":"","overlay-color":"","overlay-opacity":"","overlay-gradient":""}},"ast-content-background-meta":{"desktop":{"background-color":"var(--ast-global-color-5)","background-image":"","background-repeat":"repeat","background-position":"center center","background-size":"auto","background-attachment":"scroll","background-type":"","background-media":"","overlay-type":"","overlay-color":"","overlay-opacity":"","overlay-gradient":""},"tablet":{"background-color":"var(--ast-global-color-5)","background-image":"","background-repeat":"repeat","background-position":"center center","background-size":"auto","background-attachment":"scroll","background-type":"","background-media":"","overlay-type":"","overlay-color":"","overlay-opacity":"","overlay-gradient":""},"mobile":{"background-color":"var(--ast-global-color-5)","background-image":"","background-repeat":"repeat","background-position":"center center","background-size":"auto","background-attachment":"scroll","background-type":"","background-media":"","overlay-type":"","overlay-color":"","overlay-opacity":"","overlay-gradient":""}}},"product_brand":[],"product_cat":[135],"product_tag":[],"class_list":{"0":"post-4014","1":"product","2":"type-product","3":"status-publish","4":"has-post-thumbnail","6":"product_cat-flutes-fr","7":"desktop-align-center","8":"tablet-align-left","9":"mobile-align-left","11":"first","12":"instock","13":"taxable","14":"shipping-taxable","15":"purchasable","16":"product-type-variable","17":"has-default-attributes"},"_links":{"self":[{"href":"https:\/\/amaflutes.com\/fr\/wp-json\/wp\/v2\/product\/4014","targetHints":{"allow":["GET"]}}],"collection":[{"href":"https:\/\/amaflutes.com\/fr\/wp-json\/wp\/v2\/product"}],"about":[{"href":"https:\/\/amaflutes.com\/fr\/wp-json\/wp\/v2\/types\/product"}],"version-history":[{"count":4,"href":"https:\/\/amaflutes.com\/fr\/wp-json\/wp\/v2\/product\/4014\/revisions"}],"predecessor-version":[{"id":6216,"href":"https:\/\/amaflutes.com\/fr\/wp-json\/wp\/v2\/product\/4014\/revisions\/6216"}],"wp:featuredmedia":[{"embeddable":true,"href":"https:\/\/amaflutes.com\/fr\/wp-json\/wp\/v2\/media\/4033"}],"wp:attachment":[{"href":"https:\/\/amaflutes.com\/fr\/wp-json\/wp\/v2\/media?parent=4014"}],"wp:term":[{"taxonomy":"product_brand","embeddable":true,"href":"https:\/\/amaflutes.com\/fr\/wp-json\/wp\/v2\/product_brand?post=4014"},{"taxonomy":"product_cat","embeddable":true,"href":"https:\/\/amaflutes.com\/fr\/wp-json\/wp\/v2\/product_cat?post=4014"},{"taxonomy":"product_tag","embeddable":true,"href":"https:\/\/amaflutes.com\/fr\/wp-json\/wp\/v2\/product_tag?post=4014"}],"curies":[{"name":"wp","href":"https:\/\/api.w.org\/{rel}","templated":true}]}}