{"id":4068,"date":"2023-04-08T14:22:46","date_gmt":"2023-04-08T12:22:46","guid":{"rendered":"https:\/\/amaflutes.de\/shop\/non%20class\u00e9\/flute-bourdon-basse-tonalite-de-re\/"},"modified":"2026-02-09T05:46:30","modified_gmt":"2026-02-09T04:46:30","slug":"flute-bourdon-basse-tonalite-de-re","status":"publish","type":"product","link":"https:\/\/amaflutes.com\/fr\/shop\/flutes-fr\/flute-bourdon-basse-tonalite-de-re\/","title":{"rendered":"Fl\u00fbte bourdon basse &#8211; tonalit\u00e9 de r\u00e9"},"content":{"rendered":"<div style=\"max-width: 800px; margin: 0 auto;\">\n<div style=\"position: relative; width: 100%; padding-top: 56.25%;\"><iframe style=\"position: absolute; top: 0; left: 0; width: 100%; height: 100%; border: 0;\" title=\"Fl\u00fbtes AMA \u2013 Fl\u00fbte bourdon en r\u00e9 (432 Hz) avec conception \u00e0 bloc divis\u00e9\" data-src=\"https:\/\/www.youtube-nocookie.com\/embed\/KjEuoeBurIA?rel=0&amp;modestbranding=1&amp;playsinline=1\" allowfullscreen=\"allowfullscreen\" src=\"data:image\/svg+xml;base64,PHN2ZyB3aWR0aD0iMSIgaGVpZ2h0PSIxIiB4bWxucz0iaHR0cDovL3d3dy53My5vcmcvMjAwMC9zdmciPjwvc3ZnPg==\" class=\"lazyload\" data-load-mode=\"1\"><br \/>\n<\/iframe><\/div>\n<\/div>\n<p data-start=\"432\" data-end=\"804\"><strong data-start=\"432\" data-end=\"644\">D\u00e9couvrez les paysages sonores profonds et m\u00e9ditatifs de notre fl\u00fbte bourdon basse de style am\u00e9rindien dans la tonalit\u00e9 de r\u00e9 &#8211; un instrument qui transcende la simple musique et devient un compagnon spirituel de votre voyage.<\/strong>  Fabriqu\u00e9e dans le meilleur bois d&rsquo;\u00e9rable et orn\u00e9e d&rsquo;une gravure de lune sacr\u00e9e, cette fl\u00fbte a non seulement un son divin, mais elle r\u00e9sonne aussi avec la musique du cosmos.<\/p>\n<hr data-start=\"806\" data-end=\"809\">\n<h3 data-start=\"811\" data-end=\"860\"><strong data-start=\"815\" data-end=\"858\">Points forts de notre fl\u00fbte \u00e0 bourdon basse :<\/strong><\/h3>\n<ul data-start=\"862\" data-end=\"1850\">\n<li data-start=\"862\" data-end=\"948\">\n<p data-start=\"864\" data-end=\"948\"><strong data-start=\"864\" data-end=\"877\">Mat\u00e9riau :<\/strong> Bois d&rsquo;\u00e9rable de premi\u00e8re qualit\u00e9, choisi pour ses qualit\u00e9s acoustiques et esth\u00e9tiques.<\/p>\n<\/li>\n<li data-start=\"949\" data-end=\"1065\">\n<p data-start=\"951\" data-end=\"1065\"><strong data-start=\"951\" data-end=\"965\">Gravure :<\/strong> Le motif de la lune sacr\u00e9e refl\u00e8te le lien de la fl\u00fbte avec la tranquillit\u00e9 et l&rsquo;univers.<\/p>\n<\/li>\n<li data-start=\"1066\" data-end=\"1151\">\n<p data-start=\"1068\" data-end=\"1151\"><strong data-start=\"1068\" data-end=\"1078\">Son :<\/strong> D\u00e9livre une voix de basse profonde qui enrichit votre expression musicale.<\/p>\n<\/li>\n<li data-start=\"1152\" data-end=\"1293\">\n<p data-start=\"1154\" data-end=\"1293\"><strong data-start=\"1154\" data-end=\"1176\">Conception des trous de doigts :<\/strong> Les trous de doigts sont <strong data-start=\"1199\" data-end=\"1214\">larges de 7 \u00e0 9 mm<\/strong> et sont espac\u00e9s pour permettre un jeu \u00e0 pleine main, ce qui peut repr\u00e9senter un d\u00e9fi pour les personnes ayant des mains plus petites.<\/p>\n<\/li>\n<li data-start=\"1294\" data-end=\"1403\">\n<p data-start=\"1296\" data-end=\"1403\"><strong data-start=\"1296\" data-end=\"1305\">Taille :<\/strong> <strong data-start=\"1306\" data-end=\"1322\">66 cm de long<\/strong> &#8211; notre fl\u00fbte la plus longue \u00e0 ce jour, offrant une r\u00e9sonance profonde et une pr\u00e9sence enracin\u00e9e.<\/p>\n<\/li>\n<li data-start=\"1404\" data-end=\"1532\">\n<p data-start=\"1406\" data-end=\"1532\"><strong data-start=\"1406\" data-end=\"1417\">Finition :<\/strong> Trait\u00e9e avec notre teinture de noyer maison et scell\u00e9e avec des huiles de qualit\u00e9 alimentaire pour prot\u00e9ger et mettre en valeur le grain du bois.<\/p>\n<\/li>\n<li data-start=\"1533\" data-end=\"1650\">\n<p data-start=\"1535\" data-end=\"1650\"><strong data-start=\"1535\" data-end=\"1560\">D\u00e9lai de fabrication :<\/strong> fabrication sur mesure sur commande avec un d\u00e9lai de fabrication de <strong data-start=\"1608\" data-end=\"1621\">4 \u00e0 6 semaines<\/strong>, en fonction de notre file d&rsquo;attente.<\/p>\n<\/li>\n<li data-start=\"1651\" data-end=\"1736\">\n<p data-start=\"1653\" data-end=\"1736\"><strong data-start=\"1653\" data-end=\"1675\">Variations d&rsquo;accord :<\/strong> Choisissez parmi les fr\u00e9quences <strong data-start=\"1688\" data-end=\"1706\">440 Hz, 432 Hz<\/strong> ou <strong data-start=\"1711\" data-end=\"1721\">528 Hz<\/strong>.<\/p>\n<\/li>\n<li data-start=\"1737\" data-end=\"1850\">\n<p data-start=\"1739\" data-end=\"1850\"><strong data-start=\"1739\" data-end=\"1759\">Extras inclus :<\/strong> Livr\u00e9 avec un sac de rangement en tissu et notre huile d&rsquo;entretien sp\u00e9ciale pour fl\u00fbte afin de pr\u00e9server son \u00e9tat.<\/p>\n<\/li>\n<\/ul>\n<p><em data-start=\"3598\" data-end=\"3720\">Veuillez noter : En raison des r\u00e9glementations actuelles de la FDA, l&rsquo;huile d&rsquo;entretien pour fl\u00fbte ne peut pas \u00eatre incluse dans les commandes exp\u00e9di\u00e9es aux \u00c9tats-Unis.<\/em><\/p>\n<hr data-start=\"1852\" data-end=\"1855\">\n<h3 data-start=\"1857\" data-end=\"1879\"><strong data-start=\"1861\" data-end=\"1877\">Veuillez noter:<\/strong><\/h3>\n<p data-start=\"1881\" data-end=\"2027\">Les photos sont fournies \u00e0 titre d&rsquo;illustration. Compte tenu des variations naturelles du bois, chaque fl\u00fbte que nous cr\u00e9ons est aussi diff\u00e9rente que son propri\u00e9taire. <\/p>\n<p data-start=\"2029\" data-end=\"2344\">Cette <strong data-start=\"2034\" data-end=\"2054\">fl\u00fbte Bass Drone<\/strong> est plus qu&rsquo;un instrument &#8211; c&rsquo;est un voyage dans les profondeurs du son, un rituel dans chaque note, et un hommage \u00e0 l&rsquo;artisanat traditionnel impr\u00e9gn\u00e9 de l&rsquo;esprit d&rsquo;innovation qui a fait la r\u00e9putation d&rsquo;AMA Flutes. Ajoutez cette pi\u00e8ce extraordinaire \u00e0 votre collection et laissez la musique parler \u00e0 votre \u00e2me.<\/p>\n<hr data-start=\"2346\" data-end=\"2349\">\n<h3 data-start=\"2351\" data-end=\"2407\"><strong data-start=\"2355\" data-end=\"2405\">Avis de livraison pour les pays non membres de l&rsquo;UE :<\/strong><\/h3>\n<p data-start=\"2409\" data-end=\"2575\">Veuillez noter que des frais de douane peuvent s&rsquo;appliquer \u00e0 la livraison. Ces frais sont d\u00e9termin\u00e9s par les autorit\u00e9s douani\u00e8res locales et sont \u00e0 la charge du destinataire. <\/p>\n","protected":false},"excerpt":{"rendered":"<p>D\u00e9couvrez les paysages sonores profonds et m\u00e9ditatifs de notre fl\u00fbte bourdon basse de style am\u00e9rindien dans la tonalit\u00e9 de r\u00e9 &#8211; un instrument qui transcende la simple musique et devient un compagnon spirituel de votre voyage. Fabriqu\u00e9e dans le meilleur bois d&rsquo;\u00e9rable et orn\u00e9e d&rsquo;une gravure de lune sacr\u00e9e, cette fl\u00fbte a non seulement un [&hellip;]<\/p>\n","protected":false},"featured_media":6712,"template":"","meta":{"site-sidebar-layout":"no-sidebar","site-content-layout":"plain-container","ast-site-content-layout":"normal-width-container","site-content-style":"unboxed","site-sidebar-style":"unboxed","ast-global-header-display":"","ast-banner-title-visibility":"","ast-main-header-display":"","ast-hfb-above-header-display":"","ast-hfb-below-header-display":"","ast-hfb-mobile-header-display":"","site-post-title":"disabled","ast-breadcrumbs-content":"","ast-featured-img":"disabled","footer-sml-layout":"","ast-disable-related-posts":"","theme-transparent-header-meta":"default","adv-header-id-meta":"","stick-header-meta":"default","header-above-stick-meta":"","header-main-stick-meta":"","header-below-stick-meta":"","astra-migrate-meta-layouts":"default","ast-page-background-enabled":"default","ast-page-background-meta":{"desktop":{"background-color":"var(--ast-global-color-4)","background-image":"","background-repeat":"repeat","background-position":"center center","background-size":"auto","background-attachment":"scroll","background-type":"","background-media":"","overlay-type":"","overlay-color":"","overlay-opacity":"","overlay-gradient":""},"tablet":{"background-color":"","background-image":"","background-repeat":"repeat","background-position":"center center","background-size":"auto","background-attachment":"scroll","background-type":"","background-media":"","overlay-type":"","overlay-color":"","overlay-opacity":"","overlay-gradient":""},"mobile":{"background-color":"","background-image":"","background-repeat":"repeat","background-position":"center center","background-size":"auto","background-attachment":"scroll","background-type":"","background-media":"","overlay-type":"","overlay-color":"","overlay-opacity":"","overlay-gradient":""}},"ast-content-background-meta":{"desktop":{"background-color":"var(--ast-global-color-5)","background-image":"","background-repeat":"repeat","background-position":"center center","background-size":"auto","background-attachment":"scroll","background-type":"","background-media":"","overlay-type":"","overlay-color":"","overlay-opacity":"","overlay-gradient":""},"tablet":{"background-color":"var(--ast-global-color-5)","background-image":"","background-repeat":"repeat","background-position":"center center","background-size":"auto","background-attachment":"scroll","background-type":"","background-media":"","overlay-type":"","overlay-color":"","overlay-opacity":"","overlay-gradient":""},"mobile":{"background-color":"var(--ast-global-color-5)","background-image":"","background-repeat":"repeat","background-position":"center center","background-size":"auto","background-attachment":"scroll","background-type":"","background-media":"","overlay-type":"","overlay-color":"","overlay-opacity":"","overlay-gradient":""}}},"product_brand":[],"product_cat":[135],"product_tag":[],"class_list":{"0":"post-4068","1":"product","2":"type-product","3":"status-publish","4":"has-post-thumbnail","6":"product_cat-flutes-fr","7":"desktop-align-center","8":"tablet-align-left","9":"mobile-align-left","11":"first","12":"instock","13":"taxable","14":"shipping-taxable","15":"purchasable","16":"product-type-variable","17":"has-default-attributes"},"_links":{"self":[{"href":"https:\/\/amaflutes.com\/fr\/wp-json\/wp\/v2\/product\/4068","targetHints":{"allow":["GET"]}}],"collection":[{"href":"https:\/\/amaflutes.com\/fr\/wp-json\/wp\/v2\/product"}],"about":[{"href":"https:\/\/amaflutes.com\/fr\/wp-json\/wp\/v2\/types\/product"}],"version-history":[{"count":5,"href":"https:\/\/amaflutes.com\/fr\/wp-json\/wp\/v2\/product\/4068\/revisions"}],"predecessor-version":[{"id":6725,"href":"https:\/\/amaflutes.com\/fr\/wp-json\/wp\/v2\/product\/4068\/revisions\/6725"}],"wp:featuredmedia":[{"embeddable":true,"href":"https:\/\/amaflutes.com\/fr\/wp-json\/wp\/v2\/media\/6712"}],"wp:attachment":[{"href":"https:\/\/amaflutes.com\/fr\/wp-json\/wp\/v2\/media?parent=4068"}],"wp:term":[{"taxonomy":"product_brand","embeddable":true,"href":"https:\/\/amaflutes.com\/fr\/wp-json\/wp\/v2\/product_brand?post=4068"},{"taxonomy":"product_cat","embeddable":true,"href":"https:\/\/amaflutes.com\/fr\/wp-json\/wp\/v2\/product_cat?post=4068"},{"taxonomy":"product_tag","embeddable":true,"href":"https:\/\/amaflutes.com\/fr\/wp-json\/wp\/v2\/product_tag?post=4068"}],"curies":[{"name":"wp","href":"https:\/\/api.w.org\/{rel}","templated":true}]}}